{"id":120772,"date":"2025-03-31T03:06:08","date_gmt":"2025-03-31T00:06:08","guid":{"rendered":"https:\/\/shop.rettum.ee\/toode\/185-65r14-marshal-wi31-86t-studdable-edb71-3pmsf-icegrip-ms\/"},"modified":"2026-03-22T03:05:53","modified_gmt":"2026-03-22T01:05:53","slug":"185-65r14-marshal-wi31-86t-studdable-edb71-3pmsf-icegrip-ms","status":"publish","type":"product","link":"https:\/\/shop.rettum.ee\/en\/product\/185-65r14-marshal-wi31-86t-studdable-edb71-3pmsf-icegrip-ms\/","title":{"rendered":"185\/65R14 MARSHAL WI31+ 86T Studdable EDB71 3PMSF IceGrip M+S"},"content":{"rendered":"<p>Tutvume uue 185\/65R14 MARSHAL WI31+ rehviga, mis on loodud vastama karmide talveolude n\u00f5udmistele. See studdable ehk naelrect rehvi mudel on varustatud EDB71 tehnoloogiaga ning kiidetud 3PMSF (3-Peak Mountain Snowflake) sertifikaadiga, mis kinnitab suurep\u00e4rast j\u00f5udlust lumistel ja j\u00e4istel teedel. M\u00e4rgisega M+S (mud and snow) tagab see rehviv\u00f5imekuse ka niisketes ja libedal tingimustes, pakkudes usaldusv\u00e4\u00e4rset haarduvust erinevatel maastikel.<\/p>\n<p>MARSHAL WI31+ disain on optimeeritud pakkuma stabiilsust, madalat veeretakistust ja pikendatud kasutusiga, mis teeb sellest ideaalse valiku nii Eesti k\u00fclmadeks talvedeks kui ka muutuvate ilmastikutingimuste jaoks. Rehvi 86T n\u00e4idaja annab kindlustunde ohutuks s\u00f5iduks, s\u00e4ilitades samal ajal suurep\u00e4rase j\u00f5udluse ja vastupidavuse. Valides selle rehvi, investeerid turvalisusesse ja usaldusv\u00e4\u00e4rsesse talves\u00f5idu kogemusse.<\/p>","protected":false},"excerpt":{"rendered":"<p>Tutvume uue 185\/65R14 MARSHAL WI31+ rehviga, mis on loodud vastama karmide talveolude n\u00f5udmistele. See studdable ehk naelrect rehvi mudel on varustatud EDB71 tehnoloogiaga ning kiidetud 3PMSF (3-Peak Mountain Snowflake) sertifikaadiga, mis kinnitab suurep\u00e4rast j\u00f5udlust lumistel ja j\u00e4istel teedel. M\u00e4rgisega M+S (mud and snow) tagab see rehviv\u00f5imekuse ka niisketes ja libedal tingimustes, pakkudes usaldusv\u00e4\u00e4rset haarduvust erinevatel [&hellip;]<\/p>\n","protected":false},"featured_media":124875,"template":"","meta":{"site-sidebar-layout":"default","site-content-layout":"","ast-site-content-layout":"","site-content-style":"default","site-sidebar-style":"default","ast-global-header-display":"","ast-banner-title-visibility":"","ast-main-header-display":"","ast-hfb-above-header-display":"","ast-hfb-below-header-display":"","ast-hfb-mobile-header-display":"","site-post-title":"","ast-breadcrumbs-content":"","ast-featured-img":"","footer-sml-layout":"","theme-transparent-header-meta":"","adv-header-id-meta":"","stick-header-meta":"","header-above-stick-meta":"","header-main-stick-meta":"","header-below-stick-meta":"","astra-migrate-meta-layouts":"default","ast-page-background-enabled":"default","ast-page-background-meta":{"desktop":{"background-color":"","background-image":"","background-repeat":"repeat","background-position":"center center","background-size":"auto","background-attachment":"scroll","background-type":"","background-media":"","overlay-type":"","overlay-color":"","overlay-opacity":"","overlay-gradient":""},"tablet":{"background-color":"","background-image":"","background-repeat":"repeat","background-position":"center center","background-size":"auto","background-attachment":"scroll","background-type":"","background-media":"","overlay-type":"","overlay-color":"","overlay-opacity":"","overlay-gradient":""},"mobile":{"background-color":"","background-image":"","background-repeat":"repeat","background-position":"center center","background-size":"auto","background-attachment":"scroll","background-type":"","background-media":"","overlay-type":"","overlay-color":"","overlay-opacity":"","overlay-gradient":""}},"ast-content-background-meta":{"desktop":{"background-color":"var(--ast-global-color-5)","background-image":"","background-repeat":"repeat","background-position":"center center","background-size":"auto","background-attachment":"scroll","background-type":"","background-media":"","overlay-type":"","overlay-color":"","overlay-opacity":"","overlay-gradient":""},"tablet":{"background-color":"var(--ast-global-color-5)","background-image":"","background-repeat":"repeat","background-position":"center center","background-size":"auto","background-attachment":"scroll","background-type":"","background-media":"","overlay-type":"","overlay-color":"","overlay-opacity":"","overlay-gradient":""},"mobile":{"background-color":"var(--ast-global-color-5)","background-image":"","background-repeat":"repeat","background-position":"center center","background-size":"auto","background-attachment":"scroll","background-type":"","background-media":"","overlay-type":"","overlay-color":"","overlay-opacity":"","overlay-gradient":""}}},"product_brand":[],"product_cat":[29017],"product_tag":[],"pa_brand_name":[33716],"class_list":{"0":"post-120772","1":"product","2":"type-product","3":"status-publish","4":"has-post-thumbnail","6":"product_cat-winter-tires-studdable","7":"pa_brand_name-marshal","8":"desktop-align-left","9":"tablet-align-left","10":"mobile-align-left","12":"first","13":"outofstock","14":"taxable","15":"shipping-taxable","16":"purchasable","17":"product-type-simple"},"_links":{"self":[{"href":"https:\/\/shop.rettum.ee\/en\/wp-json\/wp\/v2\/product\/120772","targetHints":{"allow":["GET"]}}],"collection":[{"href":"https:\/\/shop.rettum.ee\/en\/wp-json\/wp\/v2\/product"}],"about":[{"href":"https:\/\/shop.rettum.ee\/en\/wp-json\/wp\/v2\/types\/product"}],"version-history":[{"count":1,"href":"https:\/\/shop.rettum.ee\/en\/wp-json\/wp\/v2\/product\/120772\/revisions"}],"predecessor-version":[{"id":125754,"href":"https:\/\/shop.rettum.ee\/en\/wp-json\/wp\/v2\/product\/120772\/revisions\/125754"}],"wp:featuredmedia":[{"embeddable":true,"href":"https:\/\/shop.rettum.ee\/en\/wp-json\/wp\/v2\/media\/124875"}],"wp:attachment":[{"href":"https:\/\/shop.rettum.ee\/en\/wp-json\/wp\/v2\/media?parent=120772"}],"wp:term":[{"taxonomy":"product_brand","embeddable":true,"href":"https:\/\/shop.rettum.ee\/en\/wp-json\/wp\/v2\/product_brand?post=120772"},{"taxonomy":"product_cat","embeddable":true,"href":"https:\/\/shop.rettum.ee\/en\/wp-json\/wp\/v2\/product_cat?post=120772"},{"taxonomy":"product_tag","embeddable":true,"href":"https:\/\/shop.rettum.ee\/en\/wp-json\/wp\/v2\/product_tag?post=120772"},{"taxonomy":"pa_brand_name","embeddable":true,"href":"https:\/\/shop.rettum.ee\/en\/wp-json\/wp\/v2\/pa_brand_name?post=120772"}],"curies":[{"name":"wp","href":"https:\/\/api.w.org\/{rel}","templated":true}]}}