{"id":120774,"date":"2025-03-31T03:06:09","date_gmt":"2025-03-31T00:06:09","guid":{"rendered":"https:\/\/shop.rettum.ee\/toode\/215-60r17-triangle-advantex-tc101-96v-ccb71-ms\/"},"modified":"2026-03-22T03:05:53","modified_gmt":"2026-03-22T01:05:53","slug":"215-60r17-triangle-advantex-tc101-96v-ccb71-ms","status":"publish","type":"product","link":"https:\/\/shop.rettum.ee\/en\/product\/215-60r17-triangle-advantex-tc101-96v-ccb71-ms\/","title":{"rendered":"215\/60R17 TRIANGLE ADVANTEX (TC101) 96V CCB71 M+S"},"content":{"rendered":"<p>215\/60R17 TRIANGLE ADVANTEX (TC101) rehvid on loodud pakkuma k\u00f5rget ohutust ja mitmek\u00fclgset j\u00f5udlust nii suvel kui talvel. Rehvi m\u00f5\u00f5tmed tagavad ideaalse sobivuse paljudele s\u00f5iduautodele, pakkudes optimaalse haarduvuse ja stabiilsuse erinevatel juhtimisoludel. <\/p>\n<p>Rehvi veeretegur 96V tagab suurep\u00e4rase kiirusv\u00f5ime ning usaldusv\u00e4\u00e4rse j\u00f5udluse nii linnas\u00f5idul kui ka pikamaa teedel. M+S t\u00e4his viitab rehvi v\u00f5imele toime tulla isegi n\u00f5udlike s\u00f5iduoludega, pakkudes t\u00e4iendavat turvalisust mudastes ja lumistes tingimustes, mis on eriti oluline Eesti muutliku kliima puhul.<\/p>\n<p>TRIANGLE ADVANTEX (TC101) rehvid on konstrueeritud pakkuma pikaajalist vastupidavust ja stabiilsust ka j\u00e4rjekindla s\u00f5iduk\u00e4igu korral. CCB71 kood m\u00e4rgib t\u00e4iendavaid tehnilisi omadusi, mis muudavad need rehvid ideaalseks valikuks nii igap\u00e4evaseks s\u00f5iduks kui ka erilistel olukordadel. Valides need rehvid, saate kindlustunde, et teie s\u00f5iduk on varustatud kvaliteetse ja innovatiivse tootega, mis vastab t\u00e4nap\u00e4eva s\u00f5idutingimustele.<\/p>","protected":false},"excerpt":{"rendered":"<p>215\/60R17 TRIANGLE ADVANTEX (TC101) rehvid on loodud pakkuma k\u00f5rget ohutust ja mitmek\u00fclgset j\u00f5udlust nii suvel kui talvel. Rehvi m\u00f5\u00f5tmed tagavad ideaalse sobivuse paljudele s\u00f5iduautodele, pakkudes optimaalse haarduvuse ja stabiilsuse erinevatel juhtimisoludel. Rehvi veeretegur 96V tagab suurep\u00e4rase kiirusv\u00f5ime ning usaldusv\u00e4\u00e4rse j\u00f5udluse nii linnas\u00f5idul kui ka pikamaa teedel. M+S t\u00e4his viitab rehvi v\u00f5imele toime tulla isegi n\u00f5udlike [&hellip;]<\/p>\n","protected":false},"featured_media":123459,"template":"","meta":{"site-sidebar-layout":"default","site-content-layout":"","ast-site-content-layout":"","site-content-style":"default","site-sidebar-style":"default","ast-global-header-display":"","ast-banner-title-visibility":"","ast-main-header-display":"","ast-hfb-above-header-display":"","ast-hfb-below-header-display":"","ast-hfb-mobile-header-display":"","site-post-title":"","ast-breadcrumbs-content":"","ast-featured-img":"","footer-sml-layout":"","theme-transparent-header-meta":"","adv-header-id-meta":"","stick-header-meta":"","header-above-stick-meta":"","header-main-stick-meta":"","header-below-stick-meta":"","astra-migrate-meta-layouts":"default","ast-page-background-enabled":"default","ast-page-background-meta":{"desktop":{"background-color":"","background-image":"","background-repeat":"repeat","background-position":"center center","background-size":"auto","background-attachment":"scroll","background-type":"","background-media":"","overlay-type":"","overlay-color":"","overlay-opacity":"","overlay-gradient":""},"tablet":{"background-color":"","background-image":"","background-repeat":"repeat","background-position":"center center","background-size":"auto","background-attachment":"scroll","background-type":"","background-media":"","overlay-type":"","overlay-color":"","overlay-opacity":"","overlay-gradient":""},"mobile":{"background-color":"","background-image":"","background-repeat":"repeat","background-position":"center center","background-size":"auto","background-attachment":"scroll","background-type":"","background-media":"","overlay-type":"","overlay-color":"","overlay-opacity":"","overlay-gradient":""}},"ast-content-background-meta":{"desktop":{"background-color":"var(--ast-global-color-5)","background-image":"","background-repeat":"repeat","background-position":"center center","background-size":"auto","background-attachment":"scroll","background-type":"","background-media":"","overlay-type":"","overlay-color":"","overlay-opacity":"","overlay-gradient":""},"tablet":{"background-color":"var(--ast-global-color-5)","background-image":"","background-repeat":"repeat","background-position":"center center","background-size":"auto","background-attachment":"scroll","background-type":"","background-media":"","overlay-type":"","overlay-color":"","overlay-opacity":"","overlay-gradient":""},"mobile":{"background-color":"var(--ast-global-color-5)","background-image":"","background-repeat":"repeat","background-position":"center center","background-size":"auto","background-attachment":"scroll","background-type":"","background-media":"","overlay-type":"","overlay-color":"","overlay-opacity":"","overlay-gradient":""}}},"product_brand":[],"product_cat":[34225],"product_tag":[],"pa_brand_name":[16873],"class_list":{"0":"post-120774","1":"product","2":"type-product","3":"status-publish","4":"has-post-thumbnail","6":"product_cat-summer-tires-pv","7":"pa_brand_name-triangle","8":"desktop-align-left","9":"tablet-align-left","10":"mobile-align-left","12":"first","13":"outofstock","14":"taxable","15":"shipping-taxable","16":"purchasable","17":"product-type-simple"},"_links":{"self":[{"href":"https:\/\/shop.rettum.ee\/en\/wp-json\/wp\/v2\/product\/120774","targetHints":{"allow":["GET"]}}],"collection":[{"href":"https:\/\/shop.rettum.ee\/en\/wp-json\/wp\/v2\/product"}],"about":[{"href":"https:\/\/shop.rettum.ee\/en\/wp-json\/wp\/v2\/types\/product"}],"version-history":[{"count":1,"href":"https:\/\/shop.rettum.ee\/en\/wp-json\/wp\/v2\/product\/120774\/revisions"}],"predecessor-version":[{"id":125753,"href":"https:\/\/shop.rettum.ee\/en\/wp-json\/wp\/v2\/product\/120774\/revisions\/125753"}],"wp:featuredmedia":[{"embeddable":true,"href":"https:\/\/shop.rettum.ee\/en\/wp-json\/wp\/v2\/media\/123459"}],"wp:attachment":[{"href":"https:\/\/shop.rettum.ee\/en\/wp-json\/wp\/v2\/media?parent=120774"}],"wp:term":[{"taxonomy":"product_brand","embeddable":true,"href":"https:\/\/shop.rettum.ee\/en\/wp-json\/wp\/v2\/product_brand?post=120774"},{"taxonomy":"product_cat","embeddable":true,"href":"https:\/\/shop.rettum.ee\/en\/wp-json\/wp\/v2\/product_cat?post=120774"},{"taxonomy":"product_tag","embeddable":true,"href":"https:\/\/shop.rettum.ee\/en\/wp-json\/wp\/v2\/product_tag?post=120774"},{"taxonomy":"pa_brand_name","embeddable":true,"href":"https:\/\/shop.rettum.ee\/en\/wp-json\/wp\/v2\/pa_brand_name?post=120774"}],"curies":[{"name":"wp","href":"https:\/\/api.w.org\/{rel}","templated":true}]}}