{"id":120777,"date":"2025-03-31T03:06:11","date_gmt":"2025-03-31T00:06:11","guid":{"rendered":"https:\/\/shop.rettum.ee\/toode\/12-5-80-18-ascenso-bhb315-14pr-tl\/"},"modified":"2026-03-22T03:05:54","modified_gmt":"2026-03-22T01:05:54","slug":"12-5-80-18-ascenso-bhb315-14pr-tl","status":"publish","type":"product","link":"https:\/\/shop.rettum.ee\/en\/product\/12-5-80-18-ascenso-bhb315-14pr-tl\/","title":{"rendered":"12.5\/80-18 Ascenso BHB315 14PR TL"},"content":{"rendered":"<p>Ascenso BHB315 14PR TL rehv on projekteeritud pakkuma maksimaalset t\u00f6\u00f6kindlust ja vastupidavust ka k\u00f5ige n\u00f5udlikumates t\u00f6\u00f6stuslikus keskkondades. M\u00f5\u00f5tmed 12.5\/80-18 tagavad stabiilse ja turvalise s\u00f5idu, olles ideaalne raskete kraanade, veokite ja ehitusseadmete jaoks. 14-plii rehvistruktuur toetab k\u00f5rgeid koormusi, pakkudes \u00fchtlast ja j\u00e4tkusuutlikku j\u00f5udlust ka pikema kasutamise jooksul.<\/p>\n<p>Ilmakambriline disain aitab v\u00e4hendada energia kaotust ja rollimiskindlust, mis omakorda kaasa toob k\u00fctuses\u00e4\u00e4stu ning pikema rehvieelise. Ascenso BHB315 on loodud t\u00e4itma ka k\u00f5ige karmimaid n\u00f5udmisi, muutes selle usaldusv\u00e4\u00e4rseks partneriks t\u00f6\u00f6maastikul ja t\u00f6\u00f6stusradadel.<\/p>\n<p>Valides selle rehvi, tagate oma s\u00f5idukite ja seadmete optimaalse haardumise ning stabiilsuse igal teekonnal. Investeeri kvaliteeti ja t\u00f6\u00f6kindlusesse \u2013 Ascenso BHB315 14PR TL on teie parim valik, kui otsite t\u00f6\u00f6kindlat ja t\u00f5husat rehvikulitust professionaalseks kasutamiseks.<\/p>","protected":false},"excerpt":{"rendered":"<p>Ascenso BHB315 14PR TL rehv on projekteeritud pakkuma maksimaalset t\u00f6\u00f6kindlust ja vastupidavust ka k\u00f5ige n\u00f5udlikumates t\u00f6\u00f6stuslikus keskkondades. M\u00f5\u00f5tmed 12.5\/80-18 tagavad stabiilse ja turvalise s\u00f5idu, olles ideaalne raskete kraanade, veokite ja ehitusseadmete jaoks. 14-plii rehvistruktuur toetab k\u00f5rgeid koormusi, pakkudes \u00fchtlast ja j\u00e4tkusuutlikku j\u00f5udlust ka pikema kasutamise jooksul. Ilmakambriline disain aitab v\u00e4hendada energia kaotust ja rollimiskindlust, mis [&hellip;]<\/p>\n","protected":false},"featured_media":57211,"template":"","meta":{"site-sidebar-layout":"default","site-content-layout":"","ast-site-content-layout":"","site-content-style":"default","site-sidebar-style":"default","ast-global-header-display":"","ast-banner-title-visibility":"","ast-main-header-display":"","ast-hfb-above-header-display":"","ast-hfb-below-header-display":"","ast-hfb-mobile-header-display":"","site-post-title":"","ast-breadcrumbs-content":"","ast-featured-img":"","footer-sml-layout":"","theme-transparent-header-meta":"","adv-header-id-meta":"","stick-header-meta":"","header-above-stick-meta":"","header-main-stick-meta":"","header-below-stick-meta":"","astra-migrate-meta-layouts":"default","ast-page-background-enabled":"default","ast-page-background-meta":{"desktop":{"background-color":"","background-image":"","background-repeat":"repeat","background-position":"center center","background-size":"auto","background-attachment":"scroll","background-type":"","background-media":"","overlay-type":"","overlay-color":"","overlay-opacity":"","overlay-gradient":""},"tablet":{"background-color":"","background-image":"","background-repeat":"repeat","background-position":"center center","background-size":"auto","background-attachment":"scroll","background-type":"","background-media":"","overlay-type":"","overlay-color":"","overlay-opacity":"","overlay-gradient":""},"mobile":{"background-color":"","background-image":"","background-repeat":"repeat","background-position":"center center","background-size":"auto","background-attachment":"scroll","background-type":"","background-media":"","overlay-type":"","overlay-color":"","overlay-opacity":"","overlay-gradient":""}},"ast-content-background-meta":{"desktop":{"background-color":"var(--ast-global-color-5)","background-image":"","background-repeat":"repeat","background-position":"center center","background-size":"auto","background-attachment":"scroll","background-type":"","background-media":"","overlay-type":"","overlay-color":"","overlay-opacity":"","overlay-gradient":""},"tablet":{"background-color":"var(--ast-global-color-5)","background-image":"","background-repeat":"repeat","background-position":"center center","background-size":"auto","background-attachment":"scroll","background-type":"","background-media":"","overlay-type":"","overlay-color":"","overlay-opacity":"","overlay-gradient":""},"mobile":{"background-color":"var(--ast-global-color-5)","background-image":"","background-repeat":"repeat","background-position":"center center","background-size":"auto","background-attachment":"scroll","background-type":"","background-media":"","overlay-type":"","overlay-color":"","overlay-opacity":"","overlay-gradient":""}}},"product_brand":[],"product_cat":[34222],"product_tag":[],"pa_brand_name":[16520],"class_list":{"0":"post-120777","1":"product","2":"type-product","3":"status-publish","4":"has-post-thumbnail","6":"product_cat-em-industry","7":"pa_brand_name-ascenso","8":"desktop-align-left","9":"tablet-align-left","10":"mobile-align-left","12":"first","13":"outofstock","14":"taxable","15":"shipping-taxable","16":"purchasable","17":"product-type-simple"},"_links":{"self":[{"href":"https:\/\/shop.rettum.ee\/en\/wp-json\/wp\/v2\/product\/120777","targetHints":{"allow":["GET"]}}],"collection":[{"href":"https:\/\/shop.rettum.ee\/en\/wp-json\/wp\/v2\/product"}],"about":[{"href":"https:\/\/shop.rettum.ee\/en\/wp-json\/wp\/v2\/types\/product"}],"version-history":[{"count":1,"href":"https:\/\/shop.rettum.ee\/en\/wp-json\/wp\/v2\/product\/120777\/revisions"}],"predecessor-version":[{"id":125750,"href":"https:\/\/shop.rettum.ee\/en\/wp-json\/wp\/v2\/product\/120777\/revisions\/125750"}],"wp:featuredmedia":[{"embeddable":true,"href":"https:\/\/shop.rettum.ee\/en\/wp-json\/wp\/v2\/media\/57211"}],"wp:attachment":[{"href":"https:\/\/shop.rettum.ee\/en\/wp-json\/wp\/v2\/media?parent=120777"}],"wp:term":[{"taxonomy":"product_brand","embeddable":true,"href":"https:\/\/shop.rettum.ee\/en\/wp-json\/wp\/v2\/product_brand?post=120777"},{"taxonomy":"product_cat","embeddable":true,"href":"https:\/\/shop.rettum.ee\/en\/wp-json\/wp\/v2\/product_cat?post=120777"},{"taxonomy":"product_tag","embeddable":true,"href":"https:\/\/shop.rettum.ee\/en\/wp-json\/wp\/v2\/product_tag?post=120777"},{"taxonomy":"pa_brand_name","embeddable":true,"href":"https:\/\/shop.rettum.ee\/en\/wp-json\/wp\/v2\/pa_brand_name?post=120777"}],"curies":[{"name":"wp","href":"https:\/\/api.w.org\/{rel}","templated":true}]}}