{"id":120780,"date":"2025-03-31T03:06:13","date_gmt":"2025-03-31T00:06:13","guid":{"rendered":"https:\/\/shop.rettum.ee\/toode\/160-60r15-mitas-touring-force-67v-tl-touring-sport-tourin-rear\/"},"modified":"2026-03-22T03:05:54","modified_gmt":"2026-03-22T01:05:54","slug":"160-60r15-mitas-touring-force-67v-tl-touring-sport-tourin-rear","status":"publish","type":"product","link":"https:\/\/shop.rettum.ee\/en\/product\/160-60r15-mitas-touring-force-67v-tl-touring-sport-tourin-rear\/","title":{"rendered":"160\/60R15 Mitas TOURING FORCE 67V TL TOURING SPORT TOURIN Rear"},"content":{"rendered":"<p>160\/60R15 Mitas TOURING FORCE 67V TL TOURING SPORT TOURIN Rear rehvid on m\u00f5eldud pakkuma turvalist ja mugavat s\u00f5idukogemust nii kuivadel kui ka niisketel teedel. T\u00f6\u00f6tab tubeless tehnoloogiaga, mis lihtsustab paigaldust ja v\u00e4hendab kuihern\u00f5u riski, tagades kiire ja kindla l\u00e4iget igas s\u00f5iduolukorras. 67V spetsifikatsioon v\u00f5imaldab maksimaalset koormust ja kiirusv\u00f5imet, pakkudes suurep\u00e4rast stabiilsust ja paremat juhtimist ka k\u00f5rgetel kiirusedel.<\/p>\n<p>Nende spetsiaalselt disainitud rehvidee muster on optimeeritud tagamaks maksimaalne haarduvus ja \u00fchtlane kulumine, mis muudab need ideaalseks nii igap\u00e4evaseks kasutamiseks kui ka pikemateks reisideks. Mitas TOURING FORCE 67V TL TOURING SPORT TOURIN Rear on loodud t\u00e4nu p\u00f5hjalikele katsetustele ja kaasaegsele tehnoloogiale, mille tulemusel on saavutatud suurep\u00e4rane veoj\u00f5ud ja s\u00f5iduomadused.<\/p>\n<p>Valides need rehvid, kindlustatakse s\u00f5iduki \u00fcleminek sujuv, turvaline ja sisutihe s\u00f5idukogemus, mis sobib suurep\u00e4raselt touring sport stiili s\u00f5idukitele.<\/p>","protected":false},"excerpt":{"rendered":"<p>160\/60R15 Mitas TOURING FORCE 67V TL TOURING SPORT TOURIN Rear rehvid on m\u00f5eldud pakkuma turvalist ja mugavat s\u00f5idukogemust nii kuivadel kui ka niisketel teedel. T\u00f6\u00f6tab tubeless tehnoloogiaga, mis lihtsustab paigaldust ja v\u00e4hendab kuihern\u00f5u riski, tagades kiire ja kindla l\u00e4iget igas s\u00f5iduolukorras. 67V spetsifikatsioon v\u00f5imaldab maksimaalset koormust ja kiirusv\u00f5imet, pakkudes suurep\u00e4rast stabiilsust ja paremat juhtimist ka [&hellip;]<\/p>\n","protected":false},"featured_media":122195,"template":"","meta":{"site-sidebar-layout":"default","site-content-layout":"","ast-site-content-layout":"","site-content-style":"default","site-sidebar-style":"default","ast-global-header-display":"","ast-banner-title-visibility":"","ast-main-header-display":"","ast-hfb-above-header-display":"","ast-hfb-below-header-display":"","ast-hfb-mobile-header-display":"","site-post-title":"","ast-breadcrumbs-content":"","ast-featured-img":"","footer-sml-layout":"","theme-transparent-header-meta":"","adv-header-id-meta":"","stick-header-meta":"","header-above-stick-meta":"","header-main-stick-meta":"","header-below-stick-meta":"","astra-migrate-meta-layouts":"default","ast-page-background-enabled":"default","ast-page-background-meta":{"desktop":{"background-color":"","background-image":"","background-repeat":"repeat","background-position":"center center","background-size":"auto","background-attachment":"scroll","background-type":"","background-media":"","overlay-type":"","overlay-color":"","overlay-opacity":"","overlay-gradient":""},"tablet":{"background-color":"","background-image":"","background-repeat":"repeat","background-position":"center center","background-size":"auto","background-attachment":"scroll","background-type":"","background-media":"","overlay-type":"","overlay-color":"","overlay-opacity":"","overlay-gradient":""},"mobile":{"background-color":"","background-image":"","background-repeat":"repeat","background-position":"center center","background-size":"auto","background-attachment":"scroll","background-type":"","background-media":"","overlay-type":"","overlay-color":"","overlay-opacity":"","overlay-gradient":""}},"ast-content-background-meta":{"desktop":{"background-color":"var(--ast-global-color-5)","background-image":"","background-repeat":"repeat","background-position":"center center","background-size":"auto","background-attachment":"scroll","background-type":"","background-media":"","overlay-type":"","overlay-color":"","overlay-opacity":"","overlay-gradient":""},"tablet":{"background-color":"var(--ast-global-color-5)","background-image":"","background-repeat":"repeat","background-position":"center center","background-size":"auto","background-attachment":"scroll","background-type":"","background-media":"","overlay-type":"","overlay-color":"","overlay-opacity":"","overlay-gradient":""},"mobile":{"background-color":"var(--ast-global-color-5)","background-image":"","background-repeat":"repeat","background-position":"center center","background-size":"auto","background-attachment":"scroll","background-type":"","background-media":"","overlay-type":"","overlay-color":"","overlay-opacity":"","overlay-gradient":""}}},"product_brand":[],"product_cat":[34223],"product_tag":[],"pa_brand_name":[17290],"class_list":{"0":"post-120780","1":"product","2":"type-product","3":"status-publish","4":"has-post-thumbnail","6":"product_cat-mc-tires","7":"pa_brand_name-mitas","8":"desktop-align-left","9":"tablet-align-left","10":"mobile-align-left","12":"first","13":"outofstock","14":"taxable","15":"shipping-taxable","16":"purchasable","17":"product-type-simple"},"_links":{"self":[{"href":"https:\/\/shop.rettum.ee\/en\/wp-json\/wp\/v2\/product\/120780","targetHints":{"allow":["GET"]}}],"collection":[{"href":"https:\/\/shop.rettum.ee\/en\/wp-json\/wp\/v2\/product"}],"about":[{"href":"https:\/\/shop.rettum.ee\/en\/wp-json\/wp\/v2\/types\/product"}],"version-history":[{"count":1,"href":"https:\/\/shop.rettum.ee\/en\/wp-json\/wp\/v2\/product\/120780\/revisions"}],"predecessor-version":[{"id":125746,"href":"https:\/\/shop.rettum.ee\/en\/wp-json\/wp\/v2\/product\/120780\/revisions\/125746"}],"wp:featuredmedia":[{"embeddable":true,"href":"https:\/\/shop.rettum.ee\/en\/wp-json\/wp\/v2\/media\/122195"}],"wp:attachment":[{"href":"https:\/\/shop.rettum.ee\/en\/wp-json\/wp\/v2\/media?parent=120780"}],"wp:term":[{"taxonomy":"product_brand","embeddable":true,"href":"https:\/\/shop.rettum.ee\/en\/wp-json\/wp\/v2\/product_brand?post=120780"},{"taxonomy":"product_cat","embeddable":true,"href":"https:\/\/shop.rettum.ee\/en\/wp-json\/wp\/v2\/product_cat?post=120780"},{"taxonomy":"product_tag","embeddable":true,"href":"https:\/\/shop.rettum.ee\/en\/wp-json\/wp\/v2\/product_tag?post=120780"},{"taxonomy":"pa_brand_name","embeddable":true,"href":"https:\/\/shop.rettum.ee\/en\/wp-json\/wp\/v2\/pa_brand_name?post=120780"}],"curies":[{"name":"wp","href":"https:\/\/api.w.org\/{rel}","templated":true}]}}