{"id":120781,"date":"2025-03-31T03:06:14","date_gmt":"2025-03-31T00:06:14","guid":{"rendered":"https:\/\/shop.rettum.ee\/toode\/120-90-18-mitas-terra-force-ef-y-65r-tt-enduro-competition-rear-super-fast-enduro-fim\/"},"modified":"2026-03-28T02:50:51","modified_gmt":"2026-03-28T00:50:51","slug":"120-90-18-mitas-terra-force-ef-y-65r-tt-enduro-competition-rear-super-fast-enduro-fim","status":"publish","type":"product","link":"https:\/\/shop.rettum.ee\/en\/product\/120-90-18-mitas-terra-force-ef-y-65r-tt-enduro-competition-rear-super-fast-enduro-fim\/","title":{"rendered":"120\/90-18 Mitas TERRA FORCE-EF Y 65R TT ENDURO COMPETITION Rear SUPER (FAST ENDURO) FIM"},"content":{"rendered":"<p>Tutvu uue Mitas TERRA FORCE-EF Y 65R TT ENDURO COMPETITION Rear SUPER (FAST ENDURO) FIM rehvil, mis pakub tipptasemel j\u00f5udlust ja usaldusv\u00e4\u00e4rsust isegi k\u00f5ige n\u00f5udlikumates enduro v\u00f5istlustes. See 120\/90-18 m\u00f5\u00f5tidega rehvil on loodud spetsiaalselt tagataks maksimaalne haarduvus ja kontroll karmides maastikutingimustes. <\/p>\n<p>Erakordselt v\u00e4lja t\u00f6\u00f6tatud mustripind tagab kiire reageerimise ning stabiilsuse ka \u00e4\u00e4rmuslikes s\u00f5iduoludes, v\u00f5imaldades sportlastel nautida t\u00e4pset juhitavust ja kindlat pidamist ekstreemsetel kurvidel. FAST ENDURO tehnoloogia koos FIM sertifitseeringuga t\u00f5stab selle rehvi rahvusvaheliste v\u00f5istlustandardite tasemele, pakkudes usaldusv\u00e4\u00e4rset j\u00f5udlust nii treeningutel kui ka v\u00f5istlustel.<\/p>\n<p>Mitas TERRA FORCE-EF rehvi kaasaegne disain ja kvaliteetsed materjalid teevad sellest ideaalse valiku neile, kes hindavad tipptasemel tehnoloogiat ning otsivad turvalist s\u00f5iduelamust ka k\u00f5ige keerulisemates maastikutingimustes. Valides selle rehvi, valid kindluse ja tipptasemel sooritusv\u00f5ime igas kilometris.<\/p>","protected":false},"excerpt":{"rendered":"<p>Tutvu uue Mitas TERRA FORCE-EF Y 65R TT ENDURO COMPETITION Rear SUPER (FAST ENDURO) FIM rehvil, mis pakub tipptasemel j\u00f5udlust ja usaldusv\u00e4\u00e4rsust isegi k\u00f5ige n\u00f5udlikumates enduro v\u00f5istlustes. See 120\/90-18 m\u00f5\u00f5tidega rehvil on loodud spetsiaalselt tagataks maksimaalne haarduvus ja kontroll karmides maastikutingimustes. Erakordselt v\u00e4lja t\u00f6\u00f6tatud mustripind tagab kiire reageerimise ning stabiilsuse ka \u00e4\u00e4rmuslikes s\u00f5iduoludes, v\u00f5imaldades sportlastel [&hellip;]<\/p>\n","protected":false},"featured_media":123437,"template":"","meta":{"site-sidebar-layout":"default","site-content-layout":"","ast-site-content-layout":"","site-content-style":"default","site-sidebar-style":"default","ast-global-header-display":"","ast-banner-title-visibility":"","ast-main-header-display":"","ast-hfb-above-header-display":"","ast-hfb-below-header-display":"","ast-hfb-mobile-header-display":"","site-post-title":"","ast-breadcrumbs-content":"","ast-featured-img":"","footer-sml-layout":"","theme-transparent-header-meta":"","adv-header-id-meta":"","stick-header-meta":"","header-above-stick-meta":"","header-main-stick-meta":"","header-below-stick-meta":"","astra-migrate-meta-layouts":"default","ast-page-background-enabled":"default","ast-page-background-meta":{"desktop":{"background-color":"","background-image":"","background-repeat":"repeat","background-position":"center center","background-size":"auto","background-attachment":"scroll","background-type":"","background-media":"","overlay-type":"","overlay-color":"","overlay-opacity":"","overlay-gradient":""},"tablet":{"background-color":"","background-image":"","background-repeat":"repeat","background-position":"center center","background-size":"auto","background-attachment":"scroll","background-type":"","background-media":"","overlay-type":"","overlay-color":"","overlay-opacity":"","overlay-gradient":""},"mobile":{"background-color":"","background-image":"","background-repeat":"repeat","background-position":"center center","background-size":"auto","background-attachment":"scroll","background-type":"","background-media":"","overlay-type":"","overlay-color":"","overlay-opacity":"","overlay-gradient":""}},"ast-content-background-meta":{"desktop":{"background-color":"var(--ast-global-color-5)","background-image":"","background-repeat":"repeat","background-position":"center center","background-size":"auto","background-attachment":"scroll","background-type":"","background-media":"","overlay-type":"","overlay-color":"","overlay-opacity":"","overlay-gradient":""},"tablet":{"background-color":"var(--ast-global-color-5)","background-image":"","background-repeat":"repeat","background-position":"center center","background-size":"auto","background-attachment":"scroll","background-type":"","background-media":"","overlay-type":"","overlay-color":"","overlay-opacity":"","overlay-gradient":""},"mobile":{"background-color":"var(--ast-global-color-5)","background-image":"","background-repeat":"repeat","background-position":"center center","background-size":"auto","background-attachment":"scroll","background-type":"","background-media":"","overlay-type":"","overlay-color":"","overlay-opacity":"","overlay-gradient":""}}},"product_brand":[],"product_cat":[34223],"product_tag":[],"pa_brand_name":[17290],"class_list":{"0":"post-120781","1":"product","2":"type-product","3":"status-publish","4":"has-post-thumbnail","6":"product_cat-mc-tires","7":"pa_brand_name-mitas","8":"desktop-align-left","9":"tablet-align-left","10":"mobile-align-left","12":"first","13":"instock","14":"taxable","15":"shipping-taxable","16":"purchasable","17":"product-type-simple"},"_links":{"self":[{"href":"https:\/\/shop.rettum.ee\/en\/wp-json\/wp\/v2\/product\/120781","targetHints":{"allow":["GET"]}}],"collection":[{"href":"https:\/\/shop.rettum.ee\/en\/wp-json\/wp\/v2\/product"}],"about":[{"href":"https:\/\/shop.rettum.ee\/en\/wp-json\/wp\/v2\/types\/product"}],"version-history":[{"count":1,"href":"https:\/\/shop.rettum.ee\/en\/wp-json\/wp\/v2\/product\/120781\/revisions"}],"predecessor-version":[{"id":125744,"href":"https:\/\/shop.rettum.ee\/en\/wp-json\/wp\/v2\/product\/120781\/revisions\/125744"}],"wp:featuredmedia":[{"embeddable":true,"href":"https:\/\/shop.rettum.ee\/en\/wp-json\/wp\/v2\/media\/123437"}],"wp:attachment":[{"href":"https:\/\/shop.rettum.ee\/en\/wp-json\/wp\/v2\/media?parent=120781"}],"wp:term":[{"taxonomy":"product_brand","embeddable":true,"href":"https:\/\/shop.rettum.ee\/en\/wp-json\/wp\/v2\/product_brand?post=120781"},{"taxonomy":"product_cat","embeddable":true,"href":"https:\/\/shop.rettum.ee\/en\/wp-json\/wp\/v2\/product_cat?post=120781"},{"taxonomy":"product_tag","embeddable":true,"href":"https:\/\/shop.rettum.ee\/en\/wp-json\/wp\/v2\/product_tag?post=120781"},{"taxonomy":"pa_brand_name","embeddable":true,"href":"https:\/\/shop.rettum.ee\/en\/wp-json\/wp\/v2\/pa_brand_name?post=120781"}],"curies":[{"name":"wp","href":"https:\/\/api.w.org\/{rel}","templated":true}]}}