{"id":120788,"date":"2025-03-31T03:06:19","date_gmt":"2025-03-31T00:06:19","guid":{"rendered":"https:\/\/shop.rettum.ee\/toode\/245-55r17-goodyear-eagle-f1-asymmetric-5-106h-xl-mo-v-abb71\/"},"modified":"2026-03-22T03:05:56","modified_gmt":"2026-03-22T01:05:56","slug":"245-55r17-goodyear-eagle-f1-asymmetric-5-106h-xl-mo-v-abb71","status":"publish","type":"product","link":"https:\/\/shop.rettum.ee\/en\/product\/245-55r17-goodyear-eagle-f1-asymmetric-5-106h-xl-mo-v-abb71\/","title":{"rendered":"245\/55R17 GOODYEAR EAGLE F1 ASYMMETRIC 5 106H XL MO-V ABB71"},"content":{"rendered":"<p>Goodyear Eagle F1 Asymmetric 5 on k\u00f5rgpresteeriv suverehv, mis \u00fchendab spordis\u00f5idu t\u00f5hususe ja turvalisuse. Selle 245\/55R17 m\u00f5\u00f5tmed ja XL-versioon tagavad ekstra koormustaluvuse ning stabiilsuse ning vastavad k\u00f5rgetele ohutus- ja kvaliteedistandarditele. 106H klass v\u00f5imaldab kindlat s\u00f5itu ka k\u00f5rgematel kiirustel, pakkudes \u00fclimat kontrolli ja enesekindlust igal teeolul.<\/p>\n<p>Rehvi as\u00fcmmeetriline mustrite disain loob optimaalse kontaktpinna nii m\u00e4rjal kui kuivadel teedel, tagades suurep\u00e4rase veoj\u00f5u ja pidamise. Goodyear on tuntud oma innovatsiooni ja usaldusv\u00e4\u00e4rsuse poolest, mis muudab Eagle F1 Asymmetric 5 ideaalseks valikuks sportlikku s\u00f5idustiili hindavale juhile. <\/p>\n<p>S\u00f5idunautsus, kindel pidamine ja t\u00e4pne man\u00f6\u00f6verdamine on iga s\u00f5idu olulisemad aspektid, mida see rehv meeles peab. Lisage oma s\u00f5idukile uus tase j\u00f5udlust ja turvalisust Goodyear Eagle F1 Asymmetric 5 abil \u2013 usaldusv\u00e4\u00e4rne partner igas s\u00f5iduolukorras.<\/p>","protected":false},"excerpt":{"rendered":"<p>Goodyear Eagle F1 Asymmetric 5 on k\u00f5rgpresteeriv suverehv, mis \u00fchendab spordis\u00f5idu t\u00f5hususe ja turvalisuse. Selle 245\/55R17 m\u00f5\u00f5tmed ja XL-versioon tagavad ekstra koormustaluvuse ning stabiilsuse ning vastavad k\u00f5rgetele ohutus- ja kvaliteedistandarditele. 106H klass v\u00f5imaldab kindlat s\u00f5itu ka k\u00f5rgematel kiirustel, pakkudes \u00fclimat kontrolli ja enesekindlust igal teeolul. Rehvi as\u00fcmmeetriline mustrite disain loob optimaalse kontaktpinna nii m\u00e4rjal kui [&hellip;]<\/p>\n","protected":false},"featured_media":122103,"template":"","meta":{"site-sidebar-layout":"default","site-content-layout":"","ast-site-content-layout":"","site-content-style":"default","site-sidebar-style":"default","ast-global-header-display":"","ast-banner-title-visibility":"","ast-main-header-display":"","ast-hfb-above-header-display":"","ast-hfb-below-header-display":"","ast-hfb-mobile-header-display":"","site-post-title":"","ast-breadcrumbs-content":"","ast-featured-img":"","footer-sml-layout":"","theme-transparent-header-meta":"","adv-header-id-meta":"","stick-header-meta":"","header-above-stick-meta":"","header-main-stick-meta":"","header-below-stick-meta":"","astra-migrate-meta-layouts":"default","ast-page-background-enabled":"default","ast-page-background-meta":{"desktop":{"background-color":"","background-image":"","background-repeat":"repeat","background-position":"center center","background-size":"auto","background-attachment":"scroll","background-type":"","background-media":"","overlay-type":"","overlay-color":"","overlay-opacity":"","overlay-gradient":""},"tablet":{"background-color":"","background-image":"","background-repeat":"repeat","background-position":"center center","background-size":"auto","background-attachment":"scroll","background-type":"","background-media":"","overlay-type":"","overlay-color":"","overlay-opacity":"","overlay-gradient":""},"mobile":{"background-color":"","background-image":"","background-repeat":"repeat","background-position":"center center","background-size":"auto","background-attachment":"scroll","background-type":"","background-media":"","overlay-type":"","overlay-color":"","overlay-opacity":"","overlay-gradient":""}},"ast-content-background-meta":{"desktop":{"background-color":"var(--ast-global-color-5)","background-image":"","background-repeat":"repeat","background-position":"center center","background-size":"auto","background-attachment":"scroll","background-type":"","background-media":"","overlay-type":"","overlay-color":"","overlay-opacity":"","overlay-gradient":""},"tablet":{"background-color":"var(--ast-global-color-5)","background-image":"","background-repeat":"repeat","background-position":"center center","background-size":"auto","background-attachment":"scroll","background-type":"","background-media":"","overlay-type":"","overlay-color":"","overlay-opacity":"","overlay-gradient":""},"mobile":{"background-color":"var(--ast-global-color-5)","background-image":"","background-repeat":"repeat","background-position":"center center","background-size":"auto","background-attachment":"scroll","background-type":"","background-media":"","overlay-type":"","overlay-color":"","overlay-opacity":"","overlay-gradient":""}}},"product_brand":[],"product_cat":[34225],"product_tag":[],"pa_brand_name":[17979],"class_list":{"0":"post-120788","1":"product","2":"type-product","3":"status-publish","4":"has-post-thumbnail","6":"product_cat-summer-tires-pv","7":"pa_brand_name-goodyear","8":"desktop-align-left","9":"tablet-align-left","10":"mobile-align-left","12":"first","13":"outofstock","14":"taxable","15":"shipping-taxable","16":"purchasable","17":"product-type-simple"},"_links":{"self":[{"href":"https:\/\/shop.rettum.ee\/en\/wp-json\/wp\/v2\/product\/120788","targetHints":{"allow":["GET"]}}],"collection":[{"href":"https:\/\/shop.rettum.ee\/en\/wp-json\/wp\/v2\/product"}],"about":[{"href":"https:\/\/shop.rettum.ee\/en\/wp-json\/wp\/v2\/types\/product"}],"version-history":[{"count":1,"href":"https:\/\/shop.rettum.ee\/en\/wp-json\/wp\/v2\/product\/120788\/revisions"}],"predecessor-version":[{"id":125743,"href":"https:\/\/shop.rettum.ee\/en\/wp-json\/wp\/v2\/product\/120788\/revisions\/125743"}],"wp:featuredmedia":[{"embeddable":true,"href":"https:\/\/shop.rettum.ee\/en\/wp-json\/wp\/v2\/media\/122103"}],"wp:attachment":[{"href":"https:\/\/shop.rettum.ee\/en\/wp-json\/wp\/v2\/media?parent=120788"}],"wp:term":[{"taxonomy":"product_brand","embeddable":true,"href":"https:\/\/shop.rettum.ee\/en\/wp-json\/wp\/v2\/product_brand?post=120788"},{"taxonomy":"product_cat","embeddable":true,"href":"https:\/\/shop.rettum.ee\/en\/wp-json\/wp\/v2\/product_cat?post=120788"},{"taxonomy":"product_tag","embeddable":true,"href":"https:\/\/shop.rettum.ee\/en\/wp-json\/wp\/v2\/product_tag?post=120788"},{"taxonomy":"pa_brand_name","embeddable":true,"href":"https:\/\/shop.rettum.ee\/en\/wp-json\/wp\/v2\/pa_brand_name?post=120788"}],"curies":[{"name":"wp","href":"https:\/\/api.w.org\/{rel}","templated":true}]}}