{"id":120792,"date":"2025-03-31T03:06:22","date_gmt":"2025-03-31T00:06:22","guid":{"rendered":"https:\/\/shop.rettum.ee\/toode\/225-45r18-michelin-pilot-sport-5-95w-xl-mo-bab72\/"},"modified":"2026-03-27T02:47:14","modified_gmt":"2026-03-27T00:47:14","slug":"225-45r18-michelin-pilot-sport-5-95w-xl-mo-bab72","status":"publish","type":"product","link":"https:\/\/shop.rettum.ee\/en\/product\/225-45r18-michelin-pilot-sport-5-95w-xl-mo-bab72\/","title":{"rendered":"225\/45R18 MICHELIN PILOT SPORT 5 95W XL MO BAB72"},"content":{"rendered":"<p>225\/45R18 MICHELIN PILOT SPORT 5 95W XL MO BAB72 on tipptasemel sportrehvid, mis on loodud pakkuma erakordset juhitavust ja ohutust nii kuivadel kui m\u00e4rgadel teedel. MICHELINi tuntud innovatsioon ja rangelt testitud tehnoloogiad tagavad, et see rehvi mudel vastab ka k\u00f5ige n\u00f5udlikumate s\u00f5idutingimuste vajadustele. <\/p>\n<p>Rehvi spetsiifiline 225\/45R18 m\u00f5\u00f5t tagab ideaalse sobivuse paljudele sport- ja j\u00f5udlusega s\u00f5idukitele, v\u00f5imaldades saavutada maksimaalse kontakti teepinnaga ning seel\u00e4bi kindlustades suurep\u00e4rase haarduvuse ja stabiilsuse ka \u00fclikiires s\u00f5iduolukorras. Kiirusindeks W v\u00f5imaldab usaldusv\u00e4\u00e4rset sooritust kuni 270 km\/h, samas XL-konstruksioon kindlustab suurema koormuskindluse ja vastupidavuse. <\/p>\n<p>Erilist t\u00e4helepanu on p\u00f6\u00f6ratud rehvi musta optimeeriva disaini ja vee v\u00e4ljat\u00f5ukamise s\u00fcsteemile, mis v\u00e4hendab vee \u00fcleujutamise riski ning panustab turvalisse ja enesekindlasse s\u00f5idukogemusse. MICHELIN PILOT SPORT 5 on ideaalne valik s\u00f5idukijuhtidele, kes otsivad uut taset j\u00f5udluses, stabiilsuses ja reageerimises \u2013 auto, mis on valmis \u00fcletama iga teel oleva v\u00e4ljakutse.<\/p>","protected":false},"excerpt":{"rendered":"<p>225\/45R18 MICHELIN PILOT SPORT 5 95W XL MO BAB72 on tipptasemel sportrehvid, mis on loodud pakkuma erakordset juhitavust ja ohutust nii kuivadel kui m\u00e4rgadel teedel. MICHELINi tuntud innovatsioon ja rangelt testitud tehnoloogiad tagavad, et see rehvi mudel vastab ka k\u00f5ige n\u00f5udlikumate s\u00f5idutingimuste vajadustele. Rehvi spetsiifiline 225\/45R18 m\u00f5\u00f5t tagab ideaalse sobivuse paljudele sport- ja j\u00f5udlusega s\u00f5idukitele, [&hellip;]<\/p>\n","protected":false},"featured_media":123392,"template":"","meta":{"site-sidebar-layout":"default","site-content-layout":"","ast-site-content-layout":"","site-content-style":"default","site-sidebar-style":"default","ast-global-header-display":"","ast-banner-title-visibility":"","ast-main-header-display":"","ast-hfb-above-header-display":"","ast-hfb-below-header-display":"","ast-hfb-mobile-header-display":"","site-post-title":"","ast-breadcrumbs-content":"","ast-featured-img":"","footer-sml-layout":"","theme-transparent-header-meta":"","adv-header-id-meta":"","stick-header-meta":"","header-above-stick-meta":"","header-main-stick-meta":"","header-below-stick-meta":"","astra-migrate-meta-layouts":"default","ast-page-background-enabled":"default","ast-page-background-meta":{"desktop":{"background-color":"","background-image":"","background-repeat":"repeat","background-position":"center center","background-size":"auto","background-attachment":"scroll","background-type":"","background-media":"","overlay-type":"","overlay-color":"","overlay-opacity":"","overlay-gradient":""},"tablet":{"background-color":"","background-image":"","background-repeat":"repeat","background-position":"center center","background-size":"auto","background-attachment":"scroll","background-type":"","background-media":"","overlay-type":"","overlay-color":"","overlay-opacity":"","overlay-gradient":""},"mobile":{"background-color":"","background-image":"","background-repeat":"repeat","background-position":"center center","background-size":"auto","background-attachment":"scroll","background-type":"","background-media":"","overlay-type":"","overlay-color":"","overlay-opacity":"","overlay-gradient":""}},"ast-content-background-meta":{"desktop":{"background-color":"var(--ast-global-color-5)","background-image":"","background-repeat":"repeat","background-position":"center center","background-size":"auto","background-attachment":"scroll","background-type":"","background-media":"","overlay-type":"","overlay-color":"","overlay-opacity":"","overlay-gradient":""},"tablet":{"background-color":"var(--ast-global-color-5)","background-image":"","background-repeat":"repeat","background-position":"center center","background-size":"auto","background-attachment":"scroll","background-type":"","background-media":"","overlay-type":"","overlay-color":"","overlay-opacity":"","overlay-gradient":""},"mobile":{"background-color":"var(--ast-global-color-5)","background-image":"","background-repeat":"repeat","background-position":"center center","background-size":"auto","background-attachment":"scroll","background-type":"","background-media":"","overlay-type":"","overlay-color":"","overlay-opacity":"","overlay-gradient":""}}},"product_brand":[],"product_cat":[34225],"product_tag":[],"pa_brand_name":[17870],"class_list":{"0":"post-120792","1":"product","2":"type-product","3":"status-publish","4":"has-post-thumbnail","6":"product_cat-summer-tires-pv","7":"pa_brand_name-michelin","8":"desktop-align-left","9":"tablet-align-left","10":"mobile-align-left","12":"first","13":"instock","14":"taxable","15":"shipping-taxable","16":"purchasable","17":"product-type-simple"},"_links":{"self":[{"href":"https:\/\/shop.rettum.ee\/en\/wp-json\/wp\/v2\/product\/120792","targetHints":{"allow":["GET"]}}],"collection":[{"href":"https:\/\/shop.rettum.ee\/en\/wp-json\/wp\/v2\/product"}],"about":[{"href":"https:\/\/shop.rettum.ee\/en\/wp-json\/wp\/v2\/types\/product"}],"version-history":[{"count":1,"href":"https:\/\/shop.rettum.ee\/en\/wp-json\/wp\/v2\/product\/120792\/revisions"}],"predecessor-version":[{"id":125740,"href":"https:\/\/shop.rettum.ee\/en\/wp-json\/wp\/v2\/product\/120792\/revisions\/125740"}],"wp:featuredmedia":[{"embeddable":true,"href":"https:\/\/shop.rettum.ee\/en\/wp-json\/wp\/v2\/media\/123392"}],"wp:attachment":[{"href":"https:\/\/shop.rettum.ee\/en\/wp-json\/wp\/v2\/media?parent=120792"}],"wp:term":[{"taxonomy":"product_brand","embeddable":true,"href":"https:\/\/shop.rettum.ee\/en\/wp-json\/wp\/v2\/product_brand?post=120792"},{"taxonomy":"product_cat","embeddable":true,"href":"https:\/\/shop.rettum.ee\/en\/wp-json\/wp\/v2\/product_cat?post=120792"},{"taxonomy":"product_tag","embeddable":true,"href":"https:\/\/shop.rettum.ee\/en\/wp-json\/wp\/v2\/product_tag?post=120792"},{"taxonomy":"pa_brand_name","embeddable":true,"href":"https:\/\/shop.rettum.ee\/en\/wp-json\/wp\/v2\/pa_brand_name?post=120792"}],"curies":[{"name":"wp","href":"https:\/\/api.w.org\/{rel}","templated":true}]}}