{"id":120795,"date":"2025-03-31T03:06:24","date_gmt":"2025-03-31T00:06:24","guid":{"rendered":"https:\/\/shop.rettum.ee\/toode\/245-40r18-goodyear-eagle-f1-supersport-97y-xl-fp-dab72\/"},"modified":"2026-03-25T02:47:19","modified_gmt":"2026-03-25T00:47:19","slug":"245-40r18-goodyear-eagle-f1-supersport-97y-xl-fp-dab72","status":"publish","type":"product","link":"https:\/\/shop.rettum.ee\/en\/product\/245-40r18-goodyear-eagle-f1-supersport-97y-xl-fp-dab72\/","title":{"rendered":"245\/40R18 GOODYEAR EAGLE F1 SUPERSPORT 97Y XL FP DAB72"},"content":{"rendered":"<p>Goodyear Eagle F1 SuperSport 245\/40R18 on tipptasemel sportrehv, mis on loodud pakkuma maksimaalset haarduvust ja t\u00e4iuslikku juhitavust ka k\u00f5rgetel kiirustel. Rehvi m\u00f5\u00f5tmed tagavad optimaalse kokkupuutumise teega, samal ajal kui laiaulatuslik insenerit\u00f6\u00f6 ja uuenduslik disain lisavad s\u00f5iduaegset stabiilsust ning ohutust nii kuival kui m\u00e4rjal teel.<\/p>\n<p>97 laadimisindeks ja Y kiirusklass annavad tunnistust k\u00f5rgetasemelisest j\u00f5udlusest ja kiire reageerimise v\u00f5imest. XL omadused tagavad t\u00e4iendava vastupidavuse, v\u00f5imaldades rehvil toime tulla ka k\u00f5ige n\u00f5udlikumate s\u00f5iduoludega. Eriline FP mustri tehnoloogia parandab m\u00e4rja haarduvust ning pikendab rehvi eluiga, kindlustades \u00fchtlase kulumise.<\/p>\n<p>DAB72 kood s\u00fcmboliseerib rehvi tehaslikku kvaliteeti ja t\u00e4pset tootmist. Goodyear Eagle F1 SuperSport on ideaalne valik neile, kes hindavad sportlikku s\u00f5idukogemust, turvalisust ja usaldusv\u00e4\u00e4rsust \u2013 t\u00e4iuslik partner igale s\u00f5idule.<\/p>","protected":false},"excerpt":{"rendered":"<p>Goodyear Eagle F1 SuperSport 245\/40R18 on tipptasemel sportrehv, mis on loodud pakkuma maksimaalset haarduvust ja t\u00e4iuslikku juhitavust ka k\u00f5rgetel kiirustel. Rehvi m\u00f5\u00f5tmed tagavad optimaalse kokkupuutumise teega, samal ajal kui laiaulatuslik insenerit\u00f6\u00f6 ja uuenduslik disain lisavad s\u00f5iduaegset stabiilsust ning ohutust nii kuival kui m\u00e4rjal teel. 97 laadimisindeks ja Y kiirusklass annavad tunnistust k\u00f5rgetasemelisest j\u00f5udlusest ja kiire [&hellip;]<\/p>\n","protected":false},"featured_media":123407,"template":"","meta":{"site-sidebar-layout":"default","site-content-layout":"","ast-site-content-layout":"","site-content-style":"default","site-sidebar-style":"default","ast-global-header-display":"","ast-banner-title-visibility":"","ast-main-header-display":"","ast-hfb-above-header-display":"","ast-hfb-below-header-display":"","ast-hfb-mobile-header-display":"","site-post-title":"","ast-breadcrumbs-content":"","ast-featured-img":"","footer-sml-layout":"","theme-transparent-header-meta":"","adv-header-id-meta":"","stick-header-meta":"","header-above-stick-meta":"","header-main-stick-meta":"","header-below-stick-meta":"","astra-migrate-meta-layouts":"default","ast-page-background-enabled":"default","ast-page-background-meta":{"desktop":{"background-color":"","background-image":"","background-repeat":"repeat","background-position":"center center","background-size":"auto","background-attachment":"scroll","background-type":"","background-media":"","overlay-type":"","overlay-color":"","overlay-opacity":"","overlay-gradient":""},"tablet":{"background-color":"","background-image":"","background-repeat":"repeat","background-position":"center center","background-size":"auto","background-attachment":"scroll","background-type":"","background-media":"","overlay-type":"","overlay-color":"","overlay-opacity":"","overlay-gradient":""},"mobile":{"background-color":"","background-image":"","background-repeat":"repeat","background-position":"center center","background-size":"auto","background-attachment":"scroll","background-type":"","background-media":"","overlay-type":"","overlay-color":"","overlay-opacity":"","overlay-gradient":""}},"ast-content-background-meta":{"desktop":{"background-color":"var(--ast-global-color-5)","background-image":"","background-repeat":"repeat","background-position":"center center","background-size":"auto","background-attachment":"scroll","background-type":"","background-media":"","overlay-type":"","overlay-color":"","overlay-opacity":"","overlay-gradient":""},"tablet":{"background-color":"var(--ast-global-color-5)","background-image":"","background-repeat":"repeat","background-position":"center center","background-size":"auto","background-attachment":"scroll","background-type":"","background-media":"","overlay-type":"","overlay-color":"","overlay-opacity":"","overlay-gradient":""},"mobile":{"background-color":"var(--ast-global-color-5)","background-image":"","background-repeat":"repeat","background-position":"center center","background-size":"auto","background-attachment":"scroll","background-type":"","background-media":"","overlay-type":"","overlay-color":"","overlay-opacity":"","overlay-gradient":""}}},"product_brand":[],"product_cat":[34225],"product_tag":[],"pa_brand_name":[17979],"class_list":{"0":"post-120795","1":"product","2":"type-product","3":"status-publish","4":"has-post-thumbnail","6":"product_cat-summer-tires-pv","7":"pa_brand_name-goodyear","8":"desktop-align-left","9":"tablet-align-left","10":"mobile-align-left","12":"first","13":"instock","14":"taxable","15":"shipping-taxable","16":"purchasable","17":"product-type-simple"},"_links":{"self":[{"href":"https:\/\/shop.rettum.ee\/en\/wp-json\/wp\/v2\/product\/120795","targetHints":{"allow":["GET"]}}],"collection":[{"href":"https:\/\/shop.rettum.ee\/en\/wp-json\/wp\/v2\/product"}],"about":[{"href":"https:\/\/shop.rettum.ee\/en\/wp-json\/wp\/v2\/types\/product"}],"version-history":[{"count":1,"href":"https:\/\/shop.rettum.ee\/en\/wp-json\/wp\/v2\/product\/120795\/revisions"}],"predecessor-version":[{"id":125738,"href":"https:\/\/shop.rettum.ee\/en\/wp-json\/wp\/v2\/product\/120795\/revisions\/125738"}],"wp:featuredmedia":[{"embeddable":true,"href":"https:\/\/shop.rettum.ee\/en\/wp-json\/wp\/v2\/media\/123407"}],"wp:attachment":[{"href":"https:\/\/shop.rettum.ee\/en\/wp-json\/wp\/v2\/media?parent=120795"}],"wp:term":[{"taxonomy":"product_brand","embeddable":true,"href":"https:\/\/shop.rettum.ee\/en\/wp-json\/wp\/v2\/product_brand?post=120795"},{"taxonomy":"product_cat","embeddable":true,"href":"https:\/\/shop.rettum.ee\/en\/wp-json\/wp\/v2\/product_cat?post=120795"},{"taxonomy":"product_tag","embeddable":true,"href":"https:\/\/shop.rettum.ee\/en\/wp-json\/wp\/v2\/product_tag?post=120795"},{"taxonomy":"pa_brand_name","embeddable":true,"href":"https:\/\/shop.rettum.ee\/en\/wp-json\/wp\/v2\/pa_brand_name?post=120795"}],"curies":[{"name":"wp","href":"https:\/\/api.w.org\/{rel}","templated":true}]}}