{"id":120796,"date":"2025-03-31T03:06:25","date_gmt":"2025-03-31T00:06:25","guid":{"rendered":"https:\/\/shop.rettum.ee\/toode\/245-45r18-pirelli-pzero-pz5-100y-xl-fsl-cab70\/"},"modified":"2026-03-22T03:06:00","modified_gmt":"2026-03-22T01:06:00","slug":"245-45r18-pirelli-pzero-pz5-100y-xl-fsl-cab70","status":"publish","type":"product","link":"https:\/\/shop.rettum.ee\/en\/product\/245-45r18-pirelli-pzero-pz5-100y-xl-fsl-cab70\/","title":{"rendered":"245\/45R18 PIRELLI PZERO (PZ5) 100Y XL FSL CAB70"},"content":{"rendered":"<p>Pirelli P Zero (PZ5) 245\/45R18 on tipptasemel rehv, mis pakub erakordset s\u00f5udukogemust ning on loodud sportlike ja suure j\u00f5udlusega s\u00f5idukite vajadustele. Selle rehviga saad maksimaalse stabiilsuse ja t\u00e4pse man\u00f6\u00f6verdusv\u00f5ime nii kuival kui ka m\u00e4rjal teel. XL klassi rehv tagab suurema kandev\u00f5ime ja usaldusv\u00e4\u00e4rsuse ka n\u00f5udlikes s\u00f5idutingimustes, pakkudes seel\u00e4bi lisaturvalisust. <\/p>\n<p>100Y m\u00e4rk viitab k\u00f5rge kiirusv\u00f5ime ja j\u00f5udluse tasemele, mis teeb sellest ideaalse valiku neile, kes hindavad nii sportlikkust kui ka mugavust. FSL (Full Section Lab) konstruktsioon toetab \u00fchtlast rehvavalmistust ning aitab saavutada t\u00e4iusliku haarduvuse ja stabiilsuse. CAB70 tehnoloogia t\u00e4iendab rehvi j\u00f5udlust ning tagab suurep\u00e4rase vastupidavuse ka karmides s\u00f5idutingimustes.<\/p>\n<p>Pirelli P Zero (PZ5) 245\/45R18 on rehv, mis \u00fchendab tipptasemel tehnoloogia ja innovatsiooni, pakkudes s\u00f5idukile optimaalset j\u00f5udlust, ohutust ja usaldusv\u00e4\u00e4rsust igal teekonnal.<\/p>","protected":false},"excerpt":{"rendered":"<p>Pirelli P Zero (PZ5) 245\/45R18 on tipptasemel rehv, mis pakub erakordset s\u00f5udukogemust ning on loodud sportlike ja suure j\u00f5udlusega s\u00f5idukite vajadustele. Selle rehviga saad maksimaalse stabiilsuse ja t\u00e4pse man\u00f6\u00f6verdusv\u00f5ime nii kuival kui ka m\u00e4rjal teel. XL klassi rehv tagab suurema kandev\u00f5ime ja usaldusv\u00e4\u00e4rsuse ka n\u00f5udlikes s\u00f5idutingimustes, pakkudes seel\u00e4bi lisaturvalisust. 100Y m\u00e4rk viitab k\u00f5rge kiirusv\u00f5ime ja [&hellip;]<\/p>\n","protected":false},"featured_media":57211,"template":"","meta":{"site-sidebar-layout":"default","site-content-layout":"","ast-site-content-layout":"","site-content-style":"default","site-sidebar-style":"default","ast-global-header-display":"","ast-banner-title-visibility":"","ast-main-header-display":"","ast-hfb-above-header-display":"","ast-hfb-below-header-display":"","ast-hfb-mobile-header-display":"","site-post-title":"","ast-breadcrumbs-content":"","ast-featured-img":"","footer-sml-layout":"","theme-transparent-header-meta":"","adv-header-id-meta":"","stick-header-meta":"","header-above-stick-meta":"","header-main-stick-meta":"","header-below-stick-meta":"","astra-migrate-meta-layouts":"default","ast-page-background-enabled":"default","ast-page-background-meta":{"desktop":{"background-color":"","background-image":"","background-repeat":"repeat","background-position":"center center","background-size":"auto","background-attachment":"scroll","background-type":"","background-media":"","overlay-type":"","overlay-color":"","overlay-opacity":"","overlay-gradient":""},"tablet":{"background-color":"","background-image":"","background-repeat":"repeat","background-position":"center center","background-size":"auto","background-attachment":"scroll","background-type":"","background-media":"","overlay-type":"","overlay-color":"","overlay-opacity":"","overlay-gradient":""},"mobile":{"background-color":"","background-image":"","background-repeat":"repeat","background-position":"center center","background-size":"auto","background-attachment":"scroll","background-type":"","background-media":"","overlay-type":"","overlay-color":"","overlay-opacity":"","overlay-gradient":""}},"ast-content-background-meta":{"desktop":{"background-color":"var(--ast-global-color-5)","background-image":"","background-repeat":"repeat","background-position":"center center","background-size":"auto","background-attachment":"scroll","background-type":"","background-media":"","overlay-type":"","overlay-color":"","overlay-opacity":"","overlay-gradient":""},"tablet":{"background-color":"var(--ast-global-color-5)","background-image":"","background-repeat":"repeat","background-position":"center center","background-size":"auto","background-attachment":"scroll","background-type":"","background-media":"","overlay-type":"","overlay-color":"","overlay-opacity":"","overlay-gradient":""},"mobile":{"background-color":"var(--ast-global-color-5)","background-image":"","background-repeat":"repeat","background-position":"center center","background-size":"auto","background-attachment":"scroll","background-type":"","background-media":"","overlay-type":"","overlay-color":"","overlay-opacity":"","overlay-gradient":""}}},"product_brand":[],"product_cat":[34225],"product_tag":[],"pa_brand_name":[17329],"class_list":{"0":"post-120796","1":"product","2":"type-product","3":"status-publish","4":"has-post-thumbnail","6":"product_cat-summer-tires-pv","7":"pa_brand_name-pirelli","8":"desktop-align-left","9":"tablet-align-left","10":"mobile-align-left","12":"first","13":"outofstock","14":"taxable","15":"shipping-taxable","16":"purchasable","17":"product-type-simple"},"_links":{"self":[{"href":"https:\/\/shop.rettum.ee\/en\/wp-json\/wp\/v2\/product\/120796","targetHints":{"allow":["GET"]}}],"collection":[{"href":"https:\/\/shop.rettum.ee\/en\/wp-json\/wp\/v2\/product"}],"about":[{"href":"https:\/\/shop.rettum.ee\/en\/wp-json\/wp\/v2\/types\/product"}],"version-history":[{"count":1,"href":"https:\/\/shop.rettum.ee\/en\/wp-json\/wp\/v2\/product\/120796\/revisions"}],"predecessor-version":[{"id":125736,"href":"https:\/\/shop.rettum.ee\/en\/wp-json\/wp\/v2\/product\/120796\/revisions\/125736"}],"wp:featuredmedia":[{"embeddable":true,"href":"https:\/\/shop.rettum.ee\/en\/wp-json\/wp\/v2\/media\/57211"}],"wp:attachment":[{"href":"https:\/\/shop.rettum.ee\/en\/wp-json\/wp\/v2\/media?parent=120796"}],"wp:term":[{"taxonomy":"product_brand","embeddable":true,"href":"https:\/\/shop.rettum.ee\/en\/wp-json\/wp\/v2\/product_brand?post=120796"},{"taxonomy":"product_cat","embeddable":true,"href":"https:\/\/shop.rettum.ee\/en\/wp-json\/wp\/v2\/product_cat?post=120796"},{"taxonomy":"product_tag","embeddable":true,"href":"https:\/\/shop.rettum.ee\/en\/wp-json\/wp\/v2\/product_tag?post=120796"},{"taxonomy":"pa_brand_name","embeddable":true,"href":"https:\/\/shop.rettum.ee\/en\/wp-json\/wp\/v2\/pa_brand_name?post=120796"}],"curies":[{"name":"wp","href":"https:\/\/api.w.org\/{rel}","templated":true}]}}