{"id":120798,"date":"2025-03-31T03:06:26","date_gmt":"2025-03-31T00:06:26","guid":{"rendered":"https:\/\/shop.rettum.ee\/toode\/225-40r19-goodyear-eagle-f1-asymmetric-6-93y-xl-fp-cab70-2\/"},"modified":"2026-03-22T03:06:01","modified_gmt":"2026-03-22T01:06:01","slug":"225-40r19-goodyear-eagle-f1-asymmetric-6-93y-xl-fp-cab70-2","status":"publish","type":"product","link":"https:\/\/shop.rettum.ee\/en\/product\/225-40r19-goodyear-eagle-f1-asymmetric-6-93y-xl-fp-cab70-2\/","title":{"rendered":"225\/40R19 GOODYEAR EAGLE F1 ASYMMETRIC 6 93Y XL FP CAB70"},"content":{"rendered":"<p>GOODYEAR EAGLE F1 ASYMMETRIC 6 on tipptasemel suverehv, mis on loodud n\u00f5udlikele autojuhtidele, kes otsivad maksimaalset j\u00f5udlust ja ohutust. Rehvi m\u00f5\u00f5tmed 225\/40R19 tagavad optimaalse kontakti teepinnaga, pakkudes \u00fclimat veoj\u00f5udu ja stabiilsust. As\u00fcmmeetriline pro\ufb01ldisoon on hoolikalt konstrueeritud, et pakkuda suurep\u00e4rast k\u00fcljehaardumist nii kuival kui ka m\u00e4rjal teel, v\u00f5imaldades t\u00e4pset ja kindlat man\u00f6\u00f6verdust isegi k\u00f5rgetel kiirustel.<\/p>\n<p>XL ja FP konstruktsioon tagavad rehvi lisatugevuse ning pikendavad selle kasutusiga, hoides optimaalse j\u00f5udluse ka keerulistes s\u00f5iduoludes. Lisaks v\u00e4ljendab CAB70 tehnoloogia rehvi v\u00f5imet toime tulla ka n\u00f5udlike s\u00f5iduoludega, pakkudes suurep\u00e4rast reageerimisv\u00f5imet ja \u00fchtlast haardumist s\u00fcgavatel kurvidel.<\/p>\n<p>GOODYEAR EAGLE F1 ASYMMETRIC 6 on ideaalne valik sportlikule autoentusiastile, kes hindab nii j\u00f5udlust, turvalisust kui ka s\u00f5idumugavust. See rehv \u00fchendab innovatsiooni, kvaliteedi ja ohutuse, pakkudes optimaalseid s\u00f5idutingimusi igal teek\u00e4igul.<\/p>","protected":false},"excerpt":{"rendered":"<p>GOODYEAR EAGLE F1 ASYMMETRIC 6 on tipptasemel suverehv, mis on loodud n\u00f5udlikele autojuhtidele, kes otsivad maksimaalset j\u00f5udlust ja ohutust. Rehvi m\u00f5\u00f5tmed 225\/40R19 tagavad optimaalse kontakti teepinnaga, pakkudes \u00fclimat veoj\u00f5udu ja stabiilsust. As\u00fcmmeetriline pro\ufb01ldisoon on hoolikalt konstrueeritud, et pakkuda suurep\u00e4rast k\u00fcljehaardumist nii kuival kui ka m\u00e4rjal teel, v\u00f5imaldades t\u00e4pset ja kindlat man\u00f6\u00f6verdust isegi k\u00f5rgetel kiirustel. XL [&hellip;]<\/p>\n","protected":false},"featured_media":122075,"template":"","meta":{"site-sidebar-layout":"default","site-content-layout":"","ast-site-content-layout":"","site-content-style":"default","site-sidebar-style":"default","ast-global-header-display":"","ast-banner-title-visibility":"","ast-main-header-display":"","ast-hfb-above-header-display":"","ast-hfb-below-header-display":"","ast-hfb-mobile-header-display":"","site-post-title":"","ast-breadcrumbs-content":"","ast-featured-img":"","footer-sml-layout":"","theme-transparent-header-meta":"","adv-header-id-meta":"","stick-header-meta":"","header-above-stick-meta":"","header-main-stick-meta":"","header-below-stick-meta":"","astra-migrate-meta-layouts":"default","ast-page-background-enabled":"default","ast-page-background-meta":{"desktop":{"background-color":"","background-image":"","background-repeat":"repeat","background-position":"center center","background-size":"auto","background-attachment":"scroll","background-type":"","background-media":"","overlay-type":"","overlay-color":"","overlay-opacity":"","overlay-gradient":""},"tablet":{"background-color":"","background-image":"","background-repeat":"repeat","background-position":"center center","background-size":"auto","background-attachment":"scroll","background-type":"","background-media":"","overlay-type":"","overlay-color":"","overlay-opacity":"","overlay-gradient":""},"mobile":{"background-color":"","background-image":"","background-repeat":"repeat","background-position":"center center","background-size":"auto","background-attachment":"scroll","background-type":"","background-media":"","overlay-type":"","overlay-color":"","overlay-opacity":"","overlay-gradient":""}},"ast-content-background-meta":{"desktop":{"background-color":"var(--ast-global-color-5)","background-image":"","background-repeat":"repeat","background-position":"center center","background-size":"auto","background-attachment":"scroll","background-type":"","background-media":"","overlay-type":"","overlay-color":"","overlay-opacity":"","overlay-gradient":""},"tablet":{"background-color":"var(--ast-global-color-5)","background-image":"","background-repeat":"repeat","background-position":"center center","background-size":"auto","background-attachment":"scroll","background-type":"","background-media":"","overlay-type":"","overlay-color":"","overlay-opacity":"","overlay-gradient":""},"mobile":{"background-color":"var(--ast-global-color-5)","background-image":"","background-repeat":"repeat","background-position":"center center","background-size":"auto","background-attachment":"scroll","background-type":"","background-media":"","overlay-type":"","overlay-color":"","overlay-opacity":"","overlay-gradient":""}}},"product_brand":[],"product_cat":[34225],"product_tag":[],"pa_brand_name":[17979],"class_list":{"0":"post-120798","1":"product","2":"type-product","3":"status-publish","4":"has-post-thumbnail","6":"product_cat-summer-tires-pv","7":"pa_brand_name-goodyear","8":"desktop-align-left","9":"tablet-align-left","10":"mobile-align-left","12":"first","13":"outofstock","14":"taxable","15":"shipping-taxable","16":"purchasable","17":"product-type-simple"},"_links":{"self":[{"href":"https:\/\/shop.rettum.ee\/en\/wp-json\/wp\/v2\/product\/120798","targetHints":{"allow":["GET"]}}],"collection":[{"href":"https:\/\/shop.rettum.ee\/en\/wp-json\/wp\/v2\/product"}],"about":[{"href":"https:\/\/shop.rettum.ee\/en\/wp-json\/wp\/v2\/types\/product"}],"version-history":[{"count":1,"href":"https:\/\/shop.rettum.ee\/en\/wp-json\/wp\/v2\/product\/120798\/revisions"}],"predecessor-version":[{"id":125733,"href":"https:\/\/shop.rettum.ee\/en\/wp-json\/wp\/v2\/product\/120798\/revisions\/125733"}],"wp:featuredmedia":[{"embeddable":true,"href":"https:\/\/shop.rettum.ee\/en\/wp-json\/wp\/v2\/media\/122075"}],"wp:attachment":[{"href":"https:\/\/shop.rettum.ee\/en\/wp-json\/wp\/v2\/media?parent=120798"}],"wp:term":[{"taxonomy":"product_brand","embeddable":true,"href":"https:\/\/shop.rettum.ee\/en\/wp-json\/wp\/v2\/product_brand?post=120798"},{"taxonomy":"product_cat","embeddable":true,"href":"https:\/\/shop.rettum.ee\/en\/wp-json\/wp\/v2\/product_cat?post=120798"},{"taxonomy":"product_tag","embeddable":true,"href":"https:\/\/shop.rettum.ee\/en\/wp-json\/wp\/v2\/product_tag?post=120798"},{"taxonomy":"pa_brand_name","embeddable":true,"href":"https:\/\/shop.rettum.ee\/en\/wp-json\/wp\/v2\/pa_brand_name?post=120798"}],"curies":[{"name":"wp","href":"https:\/\/api.w.org\/{rel}","templated":true}]}}