{"id":120799,"date":"2025-03-31T03:06:26","date_gmt":"2025-03-31T00:06:26","guid":{"rendered":"https:\/\/shop.rettum.ee\/toode\/225-40r19-michelin-pilot-sport-5-93y-xl-rp-abb72\/"},"modified":"2026-03-22T03:06:01","modified_gmt":"2026-03-22T01:06:01","slug":"225-40r19-michelin-pilot-sport-5-93y-xl-rp-abb72","status":"publish","type":"product","link":"https:\/\/shop.rettum.ee\/en\/product\/225-40r19-michelin-pilot-sport-5-93y-xl-rp-abb72\/","title":{"rendered":"225\/40R19 MICHELIN PILOT SPORT 5 93Y XL (*) RP ABB72"},"content":{"rendered":"<p>225\/40R19 MICHELIN PILOT SPORT 5 93Y XL (*) RP ABB72 on tipptasemel suverehv, mis \u00fchendab innovaatilise disaini ja k\u00f5rge j\u00f5udluse, et pakkuda s\u00f5idukogemust, millest saab iga autojuht uhkust tunda. See rehv on loodud neile, kes hindavad sportlikku s\u00f5idustiili ja tahavad nautida maksimaalset haardumist nii kuivadel kui m\u00e4rgadel teedel. XL versioon tagab lisakoormuste ohutu transpordi ja pikema eluea, v\u00f5imaldades saavutada suurep\u00e4rase stabiilsuse ja vastupidavuse ka n\u00f5udlikes t\u00f6\u00f6tingimustes.<\/p>\n<p>Michelin Pilot Sport 5\u2122 disain parandab man\u00f6\u00f6verdusomadusi ja reageerimiskiirust, pakkudes osavust ja kontrolli igal s\u00f5iduteel. 93Y kiirusindeks n\u00e4itab rehvi v\u00f5imekust saavutada k\u00f5rgeid kiirusi s\u00e4ilitades samal ajal ohutuse ja juhitavuse. Uuenduslik tehnoloogia ja kvaliteetsed materjalid teevad sellest rehvist usaldusv\u00e4\u00e4rse partneri nii igap\u00e4evaseks s\u00f5iduks kui ka adrenaliinirohkeks ajamiseks.<\/p>\n<p>Vali MICHELIN PILOT SPORT 5 ja koge s\u00f5idunaudingut, mis \u00fchendab tipptasemel innovatsiooni ja ohutuse.<\/p>","protected":false},"excerpt":{"rendered":"<p>225\/40R19 MICHELIN PILOT SPORT 5 93Y XL (*) RP ABB72 on tipptasemel suverehv, mis \u00fchendab innovaatilise disaini ja k\u00f5rge j\u00f5udluse, et pakkuda s\u00f5idukogemust, millest saab iga autojuht uhkust tunda. See rehv on loodud neile, kes hindavad sportlikku s\u00f5idustiili ja tahavad nautida maksimaalset haardumist nii kuivadel kui m\u00e4rgadel teedel. XL versioon tagab lisakoormuste ohutu transpordi ja [&hellip;]<\/p>\n","protected":false},"featured_media":123392,"template":"","meta":{"site-sidebar-layout":"default","site-content-layout":"","ast-site-content-layout":"","site-content-style":"default","site-sidebar-style":"default","ast-global-header-display":"","ast-banner-title-visibility":"","ast-main-header-display":"","ast-hfb-above-header-display":"","ast-hfb-below-header-display":"","ast-hfb-mobile-header-display":"","site-post-title":"","ast-breadcrumbs-content":"","ast-featured-img":"","footer-sml-layout":"","theme-transparent-header-meta":"","adv-header-id-meta":"","stick-header-meta":"","header-above-stick-meta":"","header-main-stick-meta":"","header-below-stick-meta":"","astra-migrate-meta-layouts":"default","ast-page-background-enabled":"default","ast-page-background-meta":{"desktop":{"background-color":"","background-image":"","background-repeat":"repeat","background-position":"center center","background-size":"auto","background-attachment":"scroll","background-type":"","background-media":"","overlay-type":"","overlay-color":"","overlay-opacity":"","overlay-gradient":""},"tablet":{"background-color":"","background-image":"","background-repeat":"repeat","background-position":"center center","background-size":"auto","background-attachment":"scroll","background-type":"","background-media":"","overlay-type":"","overlay-color":"","overlay-opacity":"","overlay-gradient":""},"mobile":{"background-color":"","background-image":"","background-repeat":"repeat","background-position":"center center","background-size":"auto","background-attachment":"scroll","background-type":"","background-media":"","overlay-type":"","overlay-color":"","overlay-opacity":"","overlay-gradient":""}},"ast-content-background-meta":{"desktop":{"background-color":"var(--ast-global-color-5)","background-image":"","background-repeat":"repeat","background-position":"center center","background-size":"auto","background-attachment":"scroll","background-type":"","background-media":"","overlay-type":"","overlay-color":"","overlay-opacity":"","overlay-gradient":""},"tablet":{"background-color":"var(--ast-global-color-5)","background-image":"","background-repeat":"repeat","background-position":"center center","background-size":"auto","background-attachment":"scroll","background-type":"","background-media":"","overlay-type":"","overlay-color":"","overlay-opacity":"","overlay-gradient":""},"mobile":{"background-color":"var(--ast-global-color-5)","background-image":"","background-repeat":"repeat","background-position":"center center","background-size":"auto","background-attachment":"scroll","background-type":"","background-media":"","overlay-type":"","overlay-color":"","overlay-opacity":"","overlay-gradient":""}}},"product_brand":[],"product_cat":[34225],"product_tag":[],"pa_brand_name":[17870],"class_list":{"0":"post-120799","1":"product","2":"type-product","3":"status-publish","4":"has-post-thumbnail","6":"product_cat-summer-tires-pv","7":"pa_brand_name-michelin","8":"desktop-align-left","9":"tablet-align-left","10":"mobile-align-left","12":"first","13":"outofstock","14":"taxable","15":"shipping-taxable","16":"purchasable","17":"product-type-simple"},"_links":{"self":[{"href":"https:\/\/shop.rettum.ee\/en\/wp-json\/wp\/v2\/product\/120799","targetHints":{"allow":["GET"]}}],"collection":[{"href":"https:\/\/shop.rettum.ee\/en\/wp-json\/wp\/v2\/product"}],"about":[{"href":"https:\/\/shop.rettum.ee\/en\/wp-json\/wp\/v2\/types\/product"}],"version-history":[{"count":1,"href":"https:\/\/shop.rettum.ee\/en\/wp-json\/wp\/v2\/product\/120799\/revisions"}],"predecessor-version":[{"id":125732,"href":"https:\/\/shop.rettum.ee\/en\/wp-json\/wp\/v2\/product\/120799\/revisions\/125732"}],"wp:featuredmedia":[{"embeddable":true,"href":"https:\/\/shop.rettum.ee\/en\/wp-json\/wp\/v2\/media\/123392"}],"wp:attachment":[{"href":"https:\/\/shop.rettum.ee\/en\/wp-json\/wp\/v2\/media?parent=120799"}],"wp:term":[{"taxonomy":"product_brand","embeddable":true,"href":"https:\/\/shop.rettum.ee\/en\/wp-json\/wp\/v2\/product_brand?post=120799"},{"taxonomy":"product_cat","embeddable":true,"href":"https:\/\/shop.rettum.ee\/en\/wp-json\/wp\/v2\/product_cat?post=120799"},{"taxonomy":"product_tag","embeddable":true,"href":"https:\/\/shop.rettum.ee\/en\/wp-json\/wp\/v2\/product_tag?post=120799"},{"taxonomy":"pa_brand_name","embeddable":true,"href":"https:\/\/shop.rettum.ee\/en\/wp-json\/wp\/v2\/pa_brand_name?post=120799"}],"curies":[{"name":"wp","href":"https:\/\/api.w.org\/{rel}","templated":true}]}}