{"id":120800,"date":"2025-03-31T03:06:27","date_gmt":"2025-03-31T00:06:27","guid":{"rendered":"https:\/\/shop.rettum.ee\/toode\/225-50r19-michelin-e-primacy-100v-xl-rp-abb70\/"},"modified":"2026-03-22T03:06:01","modified_gmt":"2026-03-22T01:06:01","slug":"225-50r19-michelin-e-primacy-100v-xl-rp-abb70","status":"publish","type":"product","link":"https:\/\/shop.rettum.ee\/en\/product\/225-50r19-michelin-e-primacy-100v-xl-rp-abb70\/","title":{"rendered":"225\/50R19 MICHELIN e-PRIMACY 100V XL RP ABB70"},"content":{"rendered":"<p>MICHELIN e-PRIMACY 100 on tipptasemel rehv, mis \u00fchendab innovatsiooni ja ohutuse igas s\u00f5idus. Rehvi suurus 225\/50R19 tagab suurep\u00e4rase stabiilsuse ning d\u00fcnaamilise juhitavuse, v\u00f5imaldades nautida sujuvat ja kindlat s\u00f5itu nii kuivadel kui m\u00e4rjadel teedel. XL-t\u00fc\u00fcpi lisa tugevused ja optimeeritud koormusv\u00f5ime muudavad selle rehvi ideaalseks ka n\u00f5udlikele s\u00f5idutingimustele ning pikemaajaliseks kasutamiseks.<\/p>\n<p>Kiirusklass V annab kindlustunde ka kiirematel s\u00f5itudel, pakkudes t\u00e4pseid reaktsiooniv\u00f5imeid ja usaldusv\u00e4\u00e4rset haarduvust. Rehvi arendamisel on rakendatud ABB70-lt ja RP-lt p\u00e4rit uuenduslikke tehnoloogiaid, mis lisavad s\u00f5idule stabiilsust ja turvalisust. MICHELIN e-PRIMACY 100 on loodud t\u00e4nap\u00e4evasteks elektromaastikuks ja n\u00f5udlikeks s\u00f5idutingimusteks, kus hinnatakse nii keskkonnas\u00f5bralikkust kui ka maksimaalset sooritusv\u00f5imet.<\/p>\n<p>Vali MICHELIN e-PRIMACY 100, et tunda s\u00f5idu nautimist iga teel ja igas ilmastikutingimustes, kus ohutus ja kvaliteet on esmat\u00e4htsad.<\/p>","protected":false},"excerpt":{"rendered":"<p>MICHELIN e-PRIMACY 100 on tipptasemel rehv, mis \u00fchendab innovatsiooni ja ohutuse igas s\u00f5idus. Rehvi suurus 225\/50R19 tagab suurep\u00e4rase stabiilsuse ning d\u00fcnaamilise juhitavuse, v\u00f5imaldades nautida sujuvat ja kindlat s\u00f5itu nii kuivadel kui m\u00e4rjadel teedel. XL-t\u00fc\u00fcpi lisa tugevused ja optimeeritud koormusv\u00f5ime muudavad selle rehvi ideaalseks ka n\u00f5udlikele s\u00f5idutingimustele ning pikemaajaliseks kasutamiseks. Kiirusklass V annab kindlustunde ka kiirematel [&hellip;]<\/p>\n","protected":false},"featured_media":122073,"template":"","meta":{"site-sidebar-layout":"default","site-content-layout":"","ast-site-content-layout":"","site-content-style":"default","site-sidebar-style":"default","ast-global-header-display":"","ast-banner-title-visibility":"","ast-main-header-display":"","ast-hfb-above-header-display":"","ast-hfb-below-header-display":"","ast-hfb-mobile-header-display":"","site-post-title":"","ast-breadcrumbs-content":"","ast-featured-img":"","footer-sml-layout":"","theme-transparent-header-meta":"","adv-header-id-meta":"","stick-header-meta":"","header-above-stick-meta":"","header-main-stick-meta":"","header-below-stick-meta":"","astra-migrate-meta-layouts":"default","ast-page-background-enabled":"default","ast-page-background-meta":{"desktop":{"background-color":"","background-image":"","background-repeat":"repeat","background-position":"center center","background-size":"auto","background-attachment":"scroll","background-type":"","background-media":"","overlay-type":"","overlay-color":"","overlay-opacity":"","overlay-gradient":""},"tablet":{"background-color":"","background-image":"","background-repeat":"repeat","background-position":"center center","background-size":"auto","background-attachment":"scroll","background-type":"","background-media":"","overlay-type":"","overlay-color":"","overlay-opacity":"","overlay-gradient":""},"mobile":{"background-color":"","background-image":"","background-repeat":"repeat","background-position":"center center","background-size":"auto","background-attachment":"scroll","background-type":"","background-media":"","overlay-type":"","overlay-color":"","overlay-opacity":"","overlay-gradient":""}},"ast-content-background-meta":{"desktop":{"background-color":"var(--ast-global-color-5)","background-image":"","background-repeat":"repeat","background-position":"center center","background-size":"auto","background-attachment":"scroll","background-type":"","background-media":"","overlay-type":"","overlay-color":"","overlay-opacity":"","overlay-gradient":""},"tablet":{"background-color":"var(--ast-global-color-5)","background-image":"","background-repeat":"repeat","background-position":"center center","background-size":"auto","background-attachment":"scroll","background-type":"","background-media":"","overlay-type":"","overlay-color":"","overlay-opacity":"","overlay-gradient":""},"mobile":{"background-color":"var(--ast-global-color-5)","background-image":"","background-repeat":"repeat","background-position":"center center","background-size":"auto","background-attachment":"scroll","background-type":"","background-media":"","overlay-type":"","overlay-color":"","overlay-opacity":"","overlay-gradient":""}}},"product_brand":[],"product_cat":[34225],"product_tag":[],"pa_brand_name":[17870],"class_list":{"0":"post-120800","1":"product","2":"type-product","3":"status-publish","4":"has-post-thumbnail","6":"product_cat-summer-tires-pv","7":"pa_brand_name-michelin","8":"desktop-align-left","9":"tablet-align-left","10":"mobile-align-left","12":"first","13":"outofstock","14":"taxable","15":"shipping-taxable","16":"purchasable","17":"product-type-simple"},"_links":{"self":[{"href":"https:\/\/shop.rettum.ee\/en\/wp-json\/wp\/v2\/product\/120800","targetHints":{"allow":["GET"]}}],"collection":[{"href":"https:\/\/shop.rettum.ee\/en\/wp-json\/wp\/v2\/product"}],"about":[{"href":"https:\/\/shop.rettum.ee\/en\/wp-json\/wp\/v2\/types\/product"}],"version-history":[{"count":1,"href":"https:\/\/shop.rettum.ee\/en\/wp-json\/wp\/v2\/product\/120800\/revisions"}],"predecessor-version":[{"id":125731,"href":"https:\/\/shop.rettum.ee\/en\/wp-json\/wp\/v2\/product\/120800\/revisions\/125731"}],"wp:featuredmedia":[{"embeddable":true,"href":"https:\/\/shop.rettum.ee\/en\/wp-json\/wp\/v2\/media\/122073"}],"wp:attachment":[{"href":"https:\/\/shop.rettum.ee\/en\/wp-json\/wp\/v2\/media?parent=120800"}],"wp:term":[{"taxonomy":"product_brand","embeddable":true,"href":"https:\/\/shop.rettum.ee\/en\/wp-json\/wp\/v2\/product_brand?post=120800"},{"taxonomy":"product_cat","embeddable":true,"href":"https:\/\/shop.rettum.ee\/en\/wp-json\/wp\/v2\/product_cat?post=120800"},{"taxonomy":"product_tag","embeddable":true,"href":"https:\/\/shop.rettum.ee\/en\/wp-json\/wp\/v2\/product_tag?post=120800"},{"taxonomy":"pa_brand_name","embeddable":true,"href":"https:\/\/shop.rettum.ee\/en\/wp-json\/wp\/v2\/pa_brand_name?post=120800"}],"curies":[{"name":"wp","href":"https:\/\/api.w.org\/{rel}","templated":true}]}}