{"id":120807,"date":"2025-03-31T03:06:33","date_gmt":"2025-03-31T00:06:33","guid":{"rendered":"https:\/\/shop.rettum.ee\/toode\/245-45r20-dunlop-sport-response-99v-mfs-bbb69\/"},"modified":"2026-03-22T03:06:04","modified_gmt":"2026-03-22T01:06:04","slug":"245-45r20-dunlop-sport-response-99v-mfs-bbb69","status":"publish","type":"product","link":"https:\/\/shop.rettum.ee\/en\/product\/245-45r20-dunlop-sport-response-99v-mfs-bbb69\/","title":{"rendered":"245\/45R20 DUNLOP SPORT RESPONSE 99V MFS BBB69"},"content":{"rendered":"<p>Dunlop Sport Response 99V rehvid suurusega 245\/45R20 on m\u00f5eldud sportlikule s\u00f5idukile, pakkudes erakordset juhitavust ja kindlat pidamist igas s\u00f5iduolukorras. T\u00e4nu k\u00f5rgtehnoloogilistele disainilahendustele tagavad need rehvid optimaalse haarde kuivadel ja m\u00e4rgadel teedel, v\u00f5imaldades s\u00f5idul olla stabiilne ning reageeriv isegi k\u00f5rgetel kiirustel.  <\/p>\n<p>Rehvi kiirusindeks 99V lubab turvalist s\u00f5itu kuni 240 km\/h, muutes selle ideaalseks valikuks neile, kes hindavad nii sportlikkust kui ka ohutust. Innovatiivne MFS tehnoloogia ja BBB69 koodiga kvaliteedistandard tagavad, et rehvid t\u00e4idavad ka n\u00f5udlikumadgi s\u00f5idutingimused.  <\/p>\n<p>Dunlop Sport Response 99V rehvid on loodud pakkuma v\u00f5rratut s\u00f5idunaudingut, pakkudes ideaalset tasakaalu vastupidavuse, juhitavuse ja mugavuse vahel. Nende rehvide kaasakiskuv disain muudab iga kurvi j\u00e4rgneva kihiseva ja stabiilse s\u00f5idukogemuse t\u00f5eliselt unustamatuks. Valides need rehvid, investeerite endale nii turvalisse kui ka sportlikku s\u00f5iduelamusse.<\/p>","protected":false},"excerpt":{"rendered":"<p>Dunlop Sport Response 99V rehvid suurusega 245\/45R20 on m\u00f5eldud sportlikule s\u00f5idukile, pakkudes erakordset juhitavust ja kindlat pidamist igas s\u00f5iduolukorras. T\u00e4nu k\u00f5rgtehnoloogilistele disainilahendustele tagavad need rehvid optimaalse haarde kuivadel ja m\u00e4rgadel teedel, v\u00f5imaldades s\u00f5idul olla stabiilne ning reageeriv isegi k\u00f5rgetel kiirustel. Rehvi kiirusindeks 99V lubab turvalist s\u00f5itu kuni 240 km\/h, muutes selle ideaalseks valikuks neile, kes [&hellip;]<\/p>\n","protected":false},"featured_media":123293,"template":"","meta":{"site-sidebar-layout":"default","site-content-layout":"","ast-site-content-layout":"","site-content-style":"default","site-sidebar-style":"default","ast-global-header-display":"","ast-banner-title-visibility":"","ast-main-header-display":"","ast-hfb-above-header-display":"","ast-hfb-below-header-display":"","ast-hfb-mobile-header-display":"","site-post-title":"","ast-breadcrumbs-content":"","ast-featured-img":"","footer-sml-layout":"","theme-transparent-header-meta":"","adv-header-id-meta":"","stick-header-meta":"","header-above-stick-meta":"","header-main-stick-meta":"","header-below-stick-meta":"","astra-migrate-meta-layouts":"default","ast-page-background-enabled":"default","ast-page-background-meta":{"desktop":{"background-color":"","background-image":"","background-repeat":"repeat","background-position":"center center","background-size":"auto","background-attachment":"scroll","background-type":"","background-media":"","overlay-type":"","overlay-color":"","overlay-opacity":"","overlay-gradient":""},"tablet":{"background-color":"","background-image":"","background-repeat":"repeat","background-position":"center center","background-size":"auto","background-attachment":"scroll","background-type":"","background-media":"","overlay-type":"","overlay-color":"","overlay-opacity":"","overlay-gradient":""},"mobile":{"background-color":"","background-image":"","background-repeat":"repeat","background-position":"center center","background-size":"auto","background-attachment":"scroll","background-type":"","background-media":"","overlay-type":"","overlay-color":"","overlay-opacity":"","overlay-gradient":""}},"ast-content-background-meta":{"desktop":{"background-color":"var(--ast-global-color-5)","background-image":"","background-repeat":"repeat","background-position":"center center","background-size":"auto","background-attachment":"scroll","background-type":"","background-media":"","overlay-type":"","overlay-color":"","overlay-opacity":"","overlay-gradient":""},"tablet":{"background-color":"var(--ast-global-color-5)","background-image":"","background-repeat":"repeat","background-position":"center center","background-size":"auto","background-attachment":"scroll","background-type":"","background-media":"","overlay-type":"","overlay-color":"","overlay-opacity":"","overlay-gradient":""},"mobile":{"background-color":"var(--ast-global-color-5)","background-image":"","background-repeat":"repeat","background-position":"center center","background-size":"auto","background-attachment":"scroll","background-type":"","background-media":"","overlay-type":"","overlay-color":"","overlay-opacity":"","overlay-gradient":""}}},"product_brand":[],"product_cat":[34225],"product_tag":[],"pa_brand_name":[18236],"class_list":{"0":"post-120807","1":"product","2":"type-product","3":"status-publish","4":"has-post-thumbnail","6":"product_cat-summer-tires-pv","7":"pa_brand_name-dunlop","8":"desktop-align-left","9":"tablet-align-left","10":"mobile-align-left","12":"first","13":"outofstock","14":"taxable","15":"shipping-taxable","16":"purchasable","17":"product-type-simple"},"_links":{"self":[{"href":"https:\/\/shop.rettum.ee\/en\/wp-json\/wp\/v2\/product\/120807","targetHints":{"allow":["GET"]}}],"collection":[{"href":"https:\/\/shop.rettum.ee\/en\/wp-json\/wp\/v2\/product"}],"about":[{"href":"https:\/\/shop.rettum.ee\/en\/wp-json\/wp\/v2\/types\/product"}],"version-history":[{"count":1,"href":"https:\/\/shop.rettum.ee\/en\/wp-json\/wp\/v2\/product\/120807\/revisions"}],"predecessor-version":[{"id":125729,"href":"https:\/\/shop.rettum.ee\/en\/wp-json\/wp\/v2\/product\/120807\/revisions\/125729"}],"wp:featuredmedia":[{"embeddable":true,"href":"https:\/\/shop.rettum.ee\/en\/wp-json\/wp\/v2\/media\/123293"}],"wp:attachment":[{"href":"https:\/\/shop.rettum.ee\/en\/wp-json\/wp\/v2\/media?parent=120807"}],"wp:term":[{"taxonomy":"product_brand","embeddable":true,"href":"https:\/\/shop.rettum.ee\/en\/wp-json\/wp\/v2\/product_brand?post=120807"},{"taxonomy":"product_cat","embeddable":true,"href":"https:\/\/shop.rettum.ee\/en\/wp-json\/wp\/v2\/product_cat?post=120807"},{"taxonomy":"product_tag","embeddable":true,"href":"https:\/\/shop.rettum.ee\/en\/wp-json\/wp\/v2\/product_tag?post=120807"},{"taxonomy":"pa_brand_name","embeddable":true,"href":"https:\/\/shop.rettum.ee\/en\/wp-json\/wp\/v2\/pa_brand_name?post=120807"}],"curies":[{"name":"wp","href":"https:\/\/api.w.org\/{rel}","templated":true}]}}