{"id":120808,"date":"2025-03-31T03:06:34","date_gmt":"2025-03-31T00:06:34","guid":{"rendered":"https:\/\/shop.rettum.ee\/toode\/245-45r20-goodyear-eagle-f1-asymmetric-6-103y-xl-fp-cab70\/"},"modified":"2026-03-22T03:06:05","modified_gmt":"2026-03-22T01:06:05","slug":"245-45r20-goodyear-eagle-f1-asymmetric-6-103y-xl-fp-cab70","status":"publish","type":"product","link":"https:\/\/shop.rettum.ee\/en\/product\/245-45r20-goodyear-eagle-f1-asymmetric-6-103y-xl-fp-cab70\/","title":{"rendered":"245\/45R20 GOODYEAR EAGLE F1 ASYMMETRIC 6 103Y XL FP CAB70"},"content":{"rendered":"<p>Goodyear Eagle F1 Asymmetric 6 on tippkvaliteediga sportrehv, mis \u00fchendab tipptasemel haarduvuse ja muljetavaldava j\u00f5udluse. Rehvi m\u00f5\u00f5tmed 245\/45R20 tagavad ideaalse sobivuse suurematele ja sportlikumatele s\u00f5idukitele, pakkudes stabiilsust ja t\u00e4pset juhitavust isegi k\u00f5rgetel kiirustel.  <\/p>\n<p>As\u00fcmmeetrilise profiili disain v\u00f5imaldab optimaalset vees ja kuivteedel toimimist, korrigeerides rehviga levinud kompromisse haarduvuse ja pidurdust\u00f5hususe vahel. XL-konstruktsioon tagab t\u00e4iendava koormustaluvuse, muutes selle ideaalseks valikuks neid n\u00f5udvatele juhtidele, kes hindavad nii turvalisust kui ka sportlikku s\u00f5idutunnetust.  <\/p>\n<p>Rehvi koormusn\u00e4itaja 103Y annab teada tema v\u00f5imest taluda suuri koormusi ning kiirusklass Y v\u00f5imaldab ohutut s\u00f5itu kuni 300 km\/h. Goodyear Eagle F1 Asymmetric 6 on seega m\u00f5eldud neile, kes otsivad kvaliteeti, usaldusv\u00e4\u00e4rsust ning silmapaistvat j\u00f5udlust igas s\u00f5idutingimuses.  <\/p>\n<p>Valides selle rehvi, panete r\u00f5hku tipptasemel tehnoloogiale ja s\u00f5idunautsele \u2013 ideaalne partner nii igap\u00e4evaseks liikumiseks kui ka adrenaliiniriiklastele s\u00f5iduretkedele.<\/p>","protected":false},"excerpt":{"rendered":"<p>Goodyear Eagle F1 Asymmetric 6 on tippkvaliteediga sportrehv, mis \u00fchendab tipptasemel haarduvuse ja muljetavaldava j\u00f5udluse. Rehvi m\u00f5\u00f5tmed 245\/45R20 tagavad ideaalse sobivuse suurematele ja sportlikumatele s\u00f5idukitele, pakkudes stabiilsust ja t\u00e4pset juhitavust isegi k\u00f5rgetel kiirustel. As\u00fcmmeetrilise profiili disain v\u00f5imaldab optimaalset vees ja kuivteedel toimimist, korrigeerides rehviga levinud kompromisse haarduvuse ja pidurdust\u00f5hususe vahel. XL-konstruktsioon tagab t\u00e4iendava koormustaluvuse, muutes [&hellip;]<\/p>\n","protected":false},"featured_media":122075,"template":"","meta":{"site-sidebar-layout":"default","site-content-layout":"","ast-site-content-layout":"","site-content-style":"default","site-sidebar-style":"default","ast-global-header-display":"","ast-banner-title-visibility":"","ast-main-header-display":"","ast-hfb-above-header-display":"","ast-hfb-below-header-display":"","ast-hfb-mobile-header-display":"","site-post-title":"","ast-breadcrumbs-content":"","ast-featured-img":"","footer-sml-layout":"","theme-transparent-header-meta":"","adv-header-id-meta":"","stick-header-meta":"","header-above-stick-meta":"","header-main-stick-meta":"","header-below-stick-meta":"","astra-migrate-meta-layouts":"default","ast-page-background-enabled":"default","ast-page-background-meta":{"desktop":{"background-color":"","background-image":"","background-repeat":"repeat","background-position":"center center","background-size":"auto","background-attachment":"scroll","background-type":"","background-media":"","overlay-type":"","overlay-color":"","overlay-opacity":"","overlay-gradient":""},"tablet":{"background-color":"","background-image":"","background-repeat":"repeat","background-position":"center center","background-size":"auto","background-attachment":"scroll","background-type":"","background-media":"","overlay-type":"","overlay-color":"","overlay-opacity":"","overlay-gradient":""},"mobile":{"background-color":"","background-image":"","background-repeat":"repeat","background-position":"center center","background-size":"auto","background-attachment":"scroll","background-type":"","background-media":"","overlay-type":"","overlay-color":"","overlay-opacity":"","overlay-gradient":""}},"ast-content-background-meta":{"desktop":{"background-color":"var(--ast-global-color-5)","background-image":"","background-repeat":"repeat","background-position":"center center","background-size":"auto","background-attachment":"scroll","background-type":"","background-media":"","overlay-type":"","overlay-color":"","overlay-opacity":"","overlay-gradient":""},"tablet":{"background-color":"var(--ast-global-color-5)","background-image":"","background-repeat":"repeat","background-position":"center center","background-size":"auto","background-attachment":"scroll","background-type":"","background-media":"","overlay-type":"","overlay-color":"","overlay-opacity":"","overlay-gradient":""},"mobile":{"background-color":"var(--ast-global-color-5)","background-image":"","background-repeat":"repeat","background-position":"center center","background-size":"auto","background-attachment":"scroll","background-type":"","background-media":"","overlay-type":"","overlay-color":"","overlay-opacity":"","overlay-gradient":""}}},"product_brand":[],"product_cat":[34225],"product_tag":[],"pa_brand_name":[17979],"class_list":{"0":"post-120808","1":"product","2":"type-product","3":"status-publish","4":"has-post-thumbnail","6":"product_cat-summer-tires-pv","7":"pa_brand_name-goodyear","8":"desktop-align-left","9":"tablet-align-left","10":"mobile-align-left","12":"first","13":"outofstock","14":"taxable","15":"shipping-taxable","16":"purchasable","17":"product-type-simple"},"_links":{"self":[{"href":"https:\/\/shop.rettum.ee\/en\/wp-json\/wp\/v2\/product\/120808","targetHints":{"allow":["GET"]}}],"collection":[{"href":"https:\/\/shop.rettum.ee\/en\/wp-json\/wp\/v2\/product"}],"about":[{"href":"https:\/\/shop.rettum.ee\/en\/wp-json\/wp\/v2\/types\/product"}],"version-history":[{"count":1,"href":"https:\/\/shop.rettum.ee\/en\/wp-json\/wp\/v2\/product\/120808\/revisions"}],"predecessor-version":[{"id":125728,"href":"https:\/\/shop.rettum.ee\/en\/wp-json\/wp\/v2\/product\/120808\/revisions\/125728"}],"wp:featuredmedia":[{"embeddable":true,"href":"https:\/\/shop.rettum.ee\/en\/wp-json\/wp\/v2\/media\/122075"}],"wp:attachment":[{"href":"https:\/\/shop.rettum.ee\/en\/wp-json\/wp\/v2\/media?parent=120808"}],"wp:term":[{"taxonomy":"product_brand","embeddable":true,"href":"https:\/\/shop.rettum.ee\/en\/wp-json\/wp\/v2\/product_brand?post=120808"},{"taxonomy":"product_cat","embeddable":true,"href":"https:\/\/shop.rettum.ee\/en\/wp-json\/wp\/v2\/product_cat?post=120808"},{"taxonomy":"product_tag","embeddable":true,"href":"https:\/\/shop.rettum.ee\/en\/wp-json\/wp\/v2\/product_tag?post=120808"},{"taxonomy":"pa_brand_name","embeddable":true,"href":"https:\/\/shop.rettum.ee\/en\/wp-json\/wp\/v2\/pa_brand_name?post=120808"}],"curies":[{"name":"wp","href":"https:\/\/api.w.org\/{rel}","templated":true}]}}