{"id":120810,"date":"2025-03-31T03:06:35","date_gmt":"2025-03-31T00:06:35","guid":{"rendered":"https:\/\/shop.rettum.ee\/toode\/255-35r20-goodyear-eagle-f1-asymmetric-5-97y-xl-fp-aaa70\/"},"modified":"2026-03-24T02:47:29","modified_gmt":"2026-03-24T00:47:29","slug":"255-35r20-goodyear-eagle-f1-asymmetric-5-97y-xl-fp-aaa70","status":"publish","type":"product","link":"https:\/\/shop.rettum.ee\/en\/product\/255-35r20-goodyear-eagle-f1-asymmetric-5-97y-xl-fp-aaa70\/","title":{"rendered":"255\/35R20 GOODYEAR EAGLE F1 ASYMMETRIC 5 97Y XL (*) FP AAA70"},"content":{"rendered":"<p>Tutvu GOODYEAR EAGLE F1 ASYMMETRIC 5 255\/35R20 rehviga \u2013 ideaalne lahendus sportlikele s\u00f5idukitele, mis n\u00f5uavad k\u00f5rget j\u00f5udlust ja usaldusv\u00e4\u00e4rsust. See tipptehnoloogial p\u00f5hinev rehv tagab erakordse haarduvuse ja t\u00e4pse juhitavuse nii kuivadel kui ka niisketel teedel. XL-versioon koos 97Y kiirusindeksiga v\u00f5imaldab s\u00f5ita k\u00f5rge kiirusega, s\u00e4ilitades samal ajal suure koormustaluvuse ja stabiilsuse. Rehvi uuenduslik as\u00fcmmeetriline mustrikujundus tagab optimaalse veejagamise ja t\u00f5husa jahutuse, aidates v\u00e4hendada reaktiivset veoj\u00f5u kadu ning pakkudes maksimaalset turvalisust ka \u00e4\u00e4rmuslikes s\u00f5idutingimustes. Mootori poolt toetatud tehnoloogia ja range kvaliteedistandardite j\u00e4rgi (#FP, AAA70) annab see rehv kindlustunde ja suurep\u00e4rase soorituse. Vali GOODYEAR EAGLE F1 ASYMMETRIC 5 ning koge sportlikku s\u00f5idunautitust, kus iga kurv ja sirge tegi saab t\u00e4psuse ning j\u00f5udluse parimaks kombinatsiooniks.<\/p>","protected":false},"excerpt":{"rendered":"<p>Tutvu GOODYEAR EAGLE F1 ASYMMETRIC 5 255\/35R20 rehviga \u2013 ideaalne lahendus sportlikele s\u00f5idukitele, mis n\u00f5uavad k\u00f5rget j\u00f5udlust ja usaldusv\u00e4\u00e4rsust. See tipptehnoloogial p\u00f5hinev rehv tagab erakordse haarduvuse ja t\u00e4pse juhitavuse nii kuivadel kui ka niisketel teedel. XL-versioon koos 97Y kiirusindeksiga v\u00f5imaldab s\u00f5ita k\u00f5rge kiirusega, s\u00e4ilitades samal ajal suure koormustaluvuse ja stabiilsuse. Rehvi uuenduslik as\u00fcmmeetriline mustrikujundus tagab [&hellip;]<\/p>\n","protected":false},"featured_media":122103,"template":"","meta":{"site-sidebar-layout":"default","site-content-layout":"","ast-site-content-layout":"","site-content-style":"default","site-sidebar-style":"default","ast-global-header-display":"","ast-banner-title-visibility":"","ast-main-header-display":"","ast-hfb-above-header-display":"","ast-hfb-below-header-display":"","ast-hfb-mobile-header-display":"","site-post-title":"","ast-breadcrumbs-content":"","ast-featured-img":"","footer-sml-layout":"","theme-transparent-header-meta":"","adv-header-id-meta":"","stick-header-meta":"","header-above-stick-meta":"","header-main-stick-meta":"","header-below-stick-meta":"","astra-migrate-meta-layouts":"default","ast-page-background-enabled":"default","ast-page-background-meta":{"desktop":{"background-color":"","background-image":"","background-repeat":"repeat","background-position":"center center","background-size":"auto","background-attachment":"scroll","background-type":"","background-media":"","overlay-type":"","overlay-color":"","overlay-opacity":"","overlay-gradient":""},"tablet":{"background-color":"","background-image":"","background-repeat":"repeat","background-position":"center center","background-size":"auto","background-attachment":"scroll","background-type":"","background-media":"","overlay-type":"","overlay-color":"","overlay-opacity":"","overlay-gradient":""},"mobile":{"background-color":"","background-image":"","background-repeat":"repeat","background-position":"center center","background-size":"auto","background-attachment":"scroll","background-type":"","background-media":"","overlay-type":"","overlay-color":"","overlay-opacity":"","overlay-gradient":""}},"ast-content-background-meta":{"desktop":{"background-color":"var(--ast-global-color-5)","background-image":"","background-repeat":"repeat","background-position":"center center","background-size":"auto","background-attachment":"scroll","background-type":"","background-media":"","overlay-type":"","overlay-color":"","overlay-opacity":"","overlay-gradient":""},"tablet":{"background-color":"var(--ast-global-color-5)","background-image":"","background-repeat":"repeat","background-position":"center center","background-size":"auto","background-attachment":"scroll","background-type":"","background-media":"","overlay-type":"","overlay-color":"","overlay-opacity":"","overlay-gradient":""},"mobile":{"background-color":"var(--ast-global-color-5)","background-image":"","background-repeat":"repeat","background-position":"center center","background-size":"auto","background-attachment":"scroll","background-type":"","background-media":"","overlay-type":"","overlay-color":"","overlay-opacity":"","overlay-gradient":""}}},"product_brand":[],"product_cat":[34225],"product_tag":[],"pa_brand_name":[17979],"class_list":{"0":"post-120810","1":"product","2":"type-product","3":"status-publish","4":"has-post-thumbnail","6":"product_cat-summer-tires-pv","7":"pa_brand_name-goodyear","8":"desktop-align-left","9":"tablet-align-left","10":"mobile-align-left","12":"first","13":"instock","14":"taxable","15":"shipping-taxable","16":"purchasable","17":"product-type-simple"},"_links":{"self":[{"href":"https:\/\/shop.rettum.ee\/en\/wp-json\/wp\/v2\/product\/120810","targetHints":{"allow":["GET"]}}],"collection":[{"href":"https:\/\/shop.rettum.ee\/en\/wp-json\/wp\/v2\/product"}],"about":[{"href":"https:\/\/shop.rettum.ee\/en\/wp-json\/wp\/v2\/types\/product"}],"version-history":[{"count":1,"href":"https:\/\/shop.rettum.ee\/en\/wp-json\/wp\/v2\/product\/120810\/revisions"}],"predecessor-version":[{"id":125727,"href":"https:\/\/shop.rettum.ee\/en\/wp-json\/wp\/v2\/product\/120810\/revisions\/125727"}],"wp:featuredmedia":[{"embeddable":true,"href":"https:\/\/shop.rettum.ee\/en\/wp-json\/wp\/v2\/media\/122103"}],"wp:attachment":[{"href":"https:\/\/shop.rettum.ee\/en\/wp-json\/wp\/v2\/media?parent=120810"}],"wp:term":[{"taxonomy":"product_brand","embeddable":true,"href":"https:\/\/shop.rettum.ee\/en\/wp-json\/wp\/v2\/product_brand?post=120810"},{"taxonomy":"product_cat","embeddable":true,"href":"https:\/\/shop.rettum.ee\/en\/wp-json\/wp\/v2\/product_cat?post=120810"},{"taxonomy":"product_tag","embeddable":true,"href":"https:\/\/shop.rettum.ee\/en\/wp-json\/wp\/v2\/product_tag?post=120810"},{"taxonomy":"pa_brand_name","embeddable":true,"href":"https:\/\/shop.rettum.ee\/en\/wp-json\/wp\/v2\/pa_brand_name?post=120810"}],"curies":[{"name":"wp","href":"https:\/\/api.w.org\/{rel}","templated":true}]}}