{"id":120823,"date":"2025-03-31T03:06:44","date_gmt":"2025-03-31T00:06:44","guid":{"rendered":"https:\/\/shop.rettum.ee\/toode\/305-30r21-goodyear-eagle-f1-asymmetric-5-104y-xl-nf1-fp-baa72\/"},"modified":"2026-03-28T02:50:53","modified_gmt":"2026-03-28T00:50:53","slug":"305-30r21-goodyear-eagle-f1-asymmetric-5-104y-xl-nf1-fp-baa72","status":"publish","type":"product","link":"https:\/\/shop.rettum.ee\/en\/product\/305-30r21-goodyear-eagle-f1-asymmetric-5-104y-xl-nf1-fp-baa72\/","title":{"rendered":"305\/30R21 GOODYEAR EAGLE F1 ASYMMETRIC 5 104Y XL NF1 FP BAA72"},"content":{"rendered":"<p>305\/30R21 GOODYEAR EAGLE F1 ASYMMETRIC 5 104Y XL NF1 FP BAA72 on tipptasemel rehv, mis \u00fchendab sportliku disaini ja k\u00f5rgtasemel tehnoloogia, pakkudes erakordset j\u00f5udlust nii t\u00e4navatel kui ka radaoludel. Rehvi m\u00f5\u00f5tmed \u2013 laiusega 305 mm, madala profiiliga 30% ja 21-tolline sobivus \u2013 tagavad optimaalse haardumise ja stabiilsuse erinevatel veepindadel.<\/p>\n<p>Goodyear Eagle F1 ASYMMETRIC 5 on as\u00fcmmeetrilise mustrilahenduse poolest silmapaistev, pakkudes maksimaalset kontaktpinda ning paranenud juhitavust ja pidamist k\u00f5rgetel kiirustel. 104Y kiirusindeks juhib sportlikke ja j\u00f5udlusega s\u00f5idukeid, v\u00f5imaldades pikaaegset ja stabiilset sooritust. XL spetsifikatsioon tagab suurema koormustaluvuse, pakkudes t\u00e4iendavat turvalisust n\u00f5udlikes s\u00f5itingimustes.<\/p>\n<p>See rehv sobib ideaalselt entusiastlikule juhile, kes hindab eristuvat v\u00e4limust ning igap\u00e4evaseid j\u00f5udlusomadusi. Goodyeari innovatiivne tehnoloogia ja hoolikalt v\u00e4lja t\u00f6\u00f6tatud disain tagavad, et iga s\u00f5it on t\u00e4is kindlustunnet ja nauditavust, muutes iga teekonna eriliseks kogemuseks.<\/p>","protected":false},"excerpt":{"rendered":"<p>305\/30R21 GOODYEAR EAGLE F1 ASYMMETRIC 5 104Y XL NF1 FP BAA72 on tipptasemel rehv, mis \u00fchendab sportliku disaini ja k\u00f5rgtasemel tehnoloogia, pakkudes erakordset j\u00f5udlust nii t\u00e4navatel kui ka radaoludel. Rehvi m\u00f5\u00f5tmed \u2013 laiusega 305 mm, madala profiiliga 30% ja 21-tolline sobivus \u2013 tagavad optimaalse haardumise ja stabiilsuse erinevatel veepindadel. Goodyear Eagle F1 ASYMMETRIC 5 on [&hellip;]<\/p>\n","protected":false},"featured_media":122103,"template":"","meta":{"site-sidebar-layout":"default","site-content-layout":"","ast-site-content-layout":"","site-content-style":"default","site-sidebar-style":"default","ast-global-header-display":"","ast-banner-title-visibility":"","ast-main-header-display":"","ast-hfb-above-header-display":"","ast-hfb-below-header-display":"","ast-hfb-mobile-header-display":"","site-post-title":"","ast-breadcrumbs-content":"","ast-featured-img":"","footer-sml-layout":"","theme-transparent-header-meta":"","adv-header-id-meta":"","stick-header-meta":"","header-above-stick-meta":"","header-main-stick-meta":"","header-below-stick-meta":"","astra-migrate-meta-layouts":"default","ast-page-background-enabled":"default","ast-page-background-meta":{"desktop":{"background-color":"","background-image":"","background-repeat":"repeat","background-position":"center center","background-size":"auto","background-attachment":"scroll","background-type":"","background-media":"","overlay-type":"","overlay-color":"","overlay-opacity":"","overlay-gradient":""},"tablet":{"background-color":"","background-image":"","background-repeat":"repeat","background-position":"center center","background-size":"auto","background-attachment":"scroll","background-type":"","background-media":"","overlay-type":"","overlay-color":"","overlay-opacity":"","overlay-gradient":""},"mobile":{"background-color":"","background-image":"","background-repeat":"repeat","background-position":"center center","background-size":"auto","background-attachment":"scroll","background-type":"","background-media":"","overlay-type":"","overlay-color":"","overlay-opacity":"","overlay-gradient":""}},"ast-content-background-meta":{"desktop":{"background-color":"var(--ast-global-color-5)","background-image":"","background-repeat":"repeat","background-position":"center center","background-size":"auto","background-attachment":"scroll","background-type":"","background-media":"","overlay-type":"","overlay-color":"","overlay-opacity":"","overlay-gradient":""},"tablet":{"background-color":"var(--ast-global-color-5)","background-image":"","background-repeat":"repeat","background-position":"center center","background-size":"auto","background-attachment":"scroll","background-type":"","background-media":"","overlay-type":"","overlay-color":"","overlay-opacity":"","overlay-gradient":""},"mobile":{"background-color":"var(--ast-global-color-5)","background-image":"","background-repeat":"repeat","background-position":"center center","background-size":"auto","background-attachment":"scroll","background-type":"","background-media":"","overlay-type":"","overlay-color":"","overlay-opacity":"","overlay-gradient":""}}},"product_brand":[],"product_cat":[34225],"product_tag":[],"pa_brand_name":[17979],"class_list":{"0":"post-120823","1":"product","2":"type-product","3":"status-publish","4":"has-post-thumbnail","6":"product_cat-summer-tires-pv","7":"pa_brand_name-goodyear","8":"desktop-align-left","9":"tablet-align-left","10":"mobile-align-left","12":"first","13":"instock","14":"taxable","15":"shipping-taxable","16":"purchasable","17":"product-type-simple"},"_links":{"self":[{"href":"https:\/\/shop.rettum.ee\/en\/wp-json\/wp\/v2\/product\/120823","targetHints":{"allow":["GET"]}}],"collection":[{"href":"https:\/\/shop.rettum.ee\/en\/wp-json\/wp\/v2\/product"}],"about":[{"href":"https:\/\/shop.rettum.ee\/en\/wp-json\/wp\/v2\/types\/product"}],"version-history":[{"count":1,"href":"https:\/\/shop.rettum.ee\/en\/wp-json\/wp\/v2\/product\/120823\/revisions"}],"predecessor-version":[{"id":125720,"href":"https:\/\/shop.rettum.ee\/en\/wp-json\/wp\/v2\/product\/120823\/revisions\/125720"}],"wp:featuredmedia":[{"embeddable":true,"href":"https:\/\/shop.rettum.ee\/en\/wp-json\/wp\/v2\/media\/122103"}],"wp:attachment":[{"href":"https:\/\/shop.rettum.ee\/en\/wp-json\/wp\/v2\/media?parent=120823"}],"wp:term":[{"taxonomy":"product_brand","embeddable":true,"href":"https:\/\/shop.rettum.ee\/en\/wp-json\/wp\/v2\/product_brand?post=120823"},{"taxonomy":"product_cat","embeddable":true,"href":"https:\/\/shop.rettum.ee\/en\/wp-json\/wp\/v2\/product_cat?post=120823"},{"taxonomy":"product_tag","embeddable":true,"href":"https:\/\/shop.rettum.ee\/en\/wp-json\/wp\/v2\/product_tag?post=120823"},{"taxonomy":"pa_brand_name","embeddable":true,"href":"https:\/\/shop.rettum.ee\/en\/wp-json\/wp\/v2\/pa_brand_name?post=120823"}],"curies":[{"name":"wp","href":"https:\/\/api.w.org\/{rel}","templated":true}]}}