{"id":120831,"date":"2025-03-31T03:06:50","date_gmt":"2025-03-31T00:06:50","guid":{"rendered":"https:\/\/shop.rettum.ee\/toode\/265-60r18-goodyear-wrangler-at-adventure-110t-dcb72-ms\/"},"modified":"2026-03-26T02:45:33","modified_gmt":"2026-03-26T00:45:33","slug":"265-60r18-goodyear-wrangler-at-adventure-110t-dcb72-ms","status":"publish","type":"product","link":"https:\/\/shop.rettum.ee\/en\/product\/265-60r18-goodyear-wrangler-at-adventure-110t-dcb72-ms\/","title":{"rendered":"265\/60R18 GOODYEAR WRANGLER AT ADVENTURE 110T DCB72 M+S"},"content":{"rendered":"<p>Goodyear Wrangler AT Adventure 265\/60R18 on loodud n\u00f5udlike maastikute ja igap\u00e4evaste s\u00f5idutingimuste valdajale. Rehvid on disainitud pakkuma usaldusv\u00e4\u00e4rset haarduvust nii maanteel kui karmides off-road tingimustes. M+S klassi m\u00e4rgised tagavad suurep\u00e4rase j\u00f5udluse muda ja lume peal, muutes need ideaalseks valikuks aastaaegade vaheldumisel.<\/p>\n<p>110T indikaator osutab rehvi k\u00f5rgele koormustaluvusele ja sujuvale s\u00f5idukogemusele isegi v\u00e4ljapaistvate tingimuste korral. 265 mm laius ja 60% k\u00fclgseina suhe annavad kindluse ja stabiilsuse, pakkudes optimaalse kontakti s\u00f5iduteega ning t\u00e4iendades s\u00f5iduki man\u00f6\u00f6verdusv\u00f5imet. <\/p>\n<p>Goodyear Wrangler AT Adventure rehvid \u00fchendavad kaasaegse tehnoloogia ja vastupidava konstruktsiooni, mis v\u00f5imaldavad s\u00f5ita ohutult ja kindlalt igas olukorras. Ideaalne valik nii seiklusautole kui nelikveolisele s\u00f5idukile, kellele on oluline nii turvalisus kui j\u00f5udlus. Avastage uus s\u00f5iduelamus ja nautige usaldusv\u00e4\u00e4rset kvaliteeti igal kilomeetril!<\/p>","protected":false},"excerpt":{"rendered":"<p>Goodyear Wrangler AT Adventure 265\/60R18 on loodud n\u00f5udlike maastikute ja igap\u00e4evaste s\u00f5idutingimuste valdajale. Rehvid on disainitud pakkuma usaldusv\u00e4\u00e4rset haarduvust nii maanteel kui karmides off-road tingimustes. M+S klassi m\u00e4rgised tagavad suurep\u00e4rase j\u00f5udluse muda ja lume peal, muutes need ideaalseks valikuks aastaaegade vaheldumisel. 110T indikaator osutab rehvi k\u00f5rgele koormustaluvusele ja sujuvale s\u00f5idukogemusele isegi v\u00e4ljapaistvate tingimuste korral. 265 [&hellip;]<\/p>\n","protected":false},"featured_media":123308,"template":"","meta":{"site-sidebar-layout":"default","site-content-layout":"","ast-site-content-layout":"","site-content-style":"default","site-sidebar-style":"default","ast-global-header-display":"","ast-banner-title-visibility":"","ast-main-header-display":"","ast-hfb-above-header-display":"","ast-hfb-below-header-display":"","ast-hfb-mobile-header-display":"","site-post-title":"","ast-breadcrumbs-content":"","ast-featured-img":"","footer-sml-layout":"","theme-transparent-header-meta":"","adv-header-id-meta":"","stick-header-meta":"","header-above-stick-meta":"","header-main-stick-meta":"","header-below-stick-meta":"","astra-migrate-meta-layouts":"default","ast-page-background-enabled":"default","ast-page-background-meta":{"desktop":{"background-color":"","background-image":"","background-repeat":"repeat","background-position":"center center","background-size":"auto","background-attachment":"scroll","background-type":"","background-media":"","overlay-type":"","overlay-color":"","overlay-opacity":"","overlay-gradient":""},"tablet":{"background-color":"","background-image":"","background-repeat":"repeat","background-position":"center center","background-size":"auto","background-attachment":"scroll","background-type":"","background-media":"","overlay-type":"","overlay-color":"","overlay-opacity":"","overlay-gradient":""},"mobile":{"background-color":"","background-image":"","background-repeat":"repeat","background-position":"center center","background-size":"auto","background-attachment":"scroll","background-type":"","background-media":"","overlay-type":"","overlay-color":"","overlay-opacity":"","overlay-gradient":""}},"ast-content-background-meta":{"desktop":{"background-color":"var(--ast-global-color-5)","background-image":"","background-repeat":"repeat","background-position":"center center","background-size":"auto","background-attachment":"scroll","background-type":"","background-media":"","overlay-type":"","overlay-color":"","overlay-opacity":"","overlay-gradient":""},"tablet":{"background-color":"var(--ast-global-color-5)","background-image":"","background-repeat":"repeat","background-position":"center center","background-size":"auto","background-attachment":"scroll","background-type":"","background-media":"","overlay-type":"","overlay-color":"","overlay-opacity":"","overlay-gradient":""},"mobile":{"background-color":"var(--ast-global-color-5)","background-image":"","background-repeat":"repeat","background-position":"center center","background-size":"auto","background-attachment":"scroll","background-type":"","background-media":"","overlay-type":"","overlay-color":"","overlay-opacity":"","overlay-gradient":""}}},"product_brand":[],"product_cat":[34225],"product_tag":[],"pa_brand_name":[17979],"class_list":{"0":"post-120831","1":"product","2":"type-product","3":"status-publish","4":"has-post-thumbnail","6":"product_cat-summer-tires-pv","7":"pa_brand_name-goodyear","8":"desktop-align-left","9":"tablet-align-left","10":"mobile-align-left","12":"first","13":"outofstock","14":"taxable","15":"shipping-taxable","16":"purchasable","17":"product-type-simple"},"_links":{"self":[{"href":"https:\/\/shop.rettum.ee\/en\/wp-json\/wp\/v2\/product\/120831","targetHints":{"allow":["GET"]}}],"collection":[{"href":"https:\/\/shop.rettum.ee\/en\/wp-json\/wp\/v2\/product"}],"about":[{"href":"https:\/\/shop.rettum.ee\/en\/wp-json\/wp\/v2\/types\/product"}],"version-history":[{"count":1,"href":"https:\/\/shop.rettum.ee\/en\/wp-json\/wp\/v2\/product\/120831\/revisions"}],"predecessor-version":[{"id":125716,"href":"https:\/\/shop.rettum.ee\/en\/wp-json\/wp\/v2\/product\/120831\/revisions\/125716"}],"wp:featuredmedia":[{"embeddable":true,"href":"https:\/\/shop.rettum.ee\/en\/wp-json\/wp\/v2\/media\/123308"}],"wp:attachment":[{"href":"https:\/\/shop.rettum.ee\/en\/wp-json\/wp\/v2\/media?parent=120831"}],"wp:term":[{"taxonomy":"product_brand","embeddable":true,"href":"https:\/\/shop.rettum.ee\/en\/wp-json\/wp\/v2\/product_brand?post=120831"},{"taxonomy":"product_cat","embeddable":true,"href":"https:\/\/shop.rettum.ee\/en\/wp-json\/wp\/v2\/product_cat?post=120831"},{"taxonomy":"product_tag","embeddable":true,"href":"https:\/\/shop.rettum.ee\/en\/wp-json\/wp\/v2\/product_tag?post=120831"},{"taxonomy":"pa_brand_name","embeddable":true,"href":"https:\/\/shop.rettum.ee\/en\/wp-json\/wp\/v2\/pa_brand_name?post=120831"}],"curies":[{"name":"wp","href":"https:\/\/api.w.org\/{rel}","templated":true}]}}