{"id":120832,"date":"2025-03-31T03:06:52","date_gmt":"2025-03-31T00:06:52","guid":{"rendered":"https:\/\/shop.rettum.ee\/toode\/265-65r18-goodyear-wrangler-duratrac-rt-117-114q-owl-fp-ms\/"},"modified":"2025-07-30T02:51:33","modified_gmt":"2025-07-29T23:51:33","slug":"265-65r18-goodyear-wrangler-duratrac-rt-117-114q-owl-fp-ms","status":"publish","type":"product","link":"https:\/\/shop.rettum.ee\/en\/product\/265-65r18-goodyear-wrangler-duratrac-rt-117-114q-owl-fp-ms\/","title":{"rendered":"265\/65R18 GOODYEAR WRANGLER DURATRAC RT 117\/114Q OWL FP M+S"},"content":{"rendered":"<p>265\/65R18 Goodyear Wrangler Duratrac RT on k\u00f5rgtehnoloogiline maastikurehv, mis on loodud pakkuma erakordset vastupidavust ja usaldusv\u00e4\u00e4rset j\u00f5udlust igasugustes s\u00f5idutingimustes. Sellel rehvil on muljetavaldav koormusindeks 117\/114 ja kiirusindeks Q, mis tagavad optimaalse stabiilsuse ja ohutuse nii linnat\u00e4navatel kui ka keerulistel maastikel. <\/p>\n<p>WRANGLER DURATRAC RT disain keskendub j\u00e4istele, mudastele ja lumistele teedele \u2013 M+S m\u00e4rgistus kinnitab, et see rehvi mudast ja lumerohkestest oludest ei murdu ega kaota pidamist. Reinforced padjakonstruktsioon ja optimeeritud mustrite kujundus parandavad veoj\u00f5udu ning tagavad suurep\u00e4rase haarduvuse ka kuivadel teedel, pakkudes seel\u00e4bi mitmek\u00fclgset s\u00f5idumugavust ja turvalisust.<\/p>\n<p>Goodyear on tuntud oma uuendusmeelse tehnoloogia ja kvaliteedi poolest, mist\u00f5ttu on see rehvi valik ideaalne neile, kes otsivad usaldusv\u00e4\u00e4rset ja vastupidavat lahendust nii igap\u00e4evasteks s\u00f5itudeks kui ka t\u00f5sisteks maastikumaatmeteks. Valides 265\/65R18 Goodyear Wrangler Duratrac RT, tagate oma s\u00f5idukile parima v\u00f5imaliku kontakti ning ohutu ja kindla s\u00f5iduolukorra igal teel.<\/p>","protected":false},"excerpt":{"rendered":"<p>265\/65R18 Goodyear Wrangler Duratrac RT on k\u00f5rgtehnoloogiline maastikurehv, mis on loodud pakkuma erakordset vastupidavust ja usaldusv\u00e4\u00e4rset j\u00f5udlust igasugustes s\u00f5idutingimustes. Sellel rehvil on muljetavaldav koormusindeks 117\/114 ja kiirusindeks Q, mis tagavad optimaalse stabiilsuse ja ohutuse nii linnat\u00e4navatel kui ka keerulistel maastikel. WRANGLER DURATRAC RT disain keskendub j\u00e4istele, mudastele ja lumistele teedele \u2013 M+S m\u00e4rgistus kinnitab, et [&hellip;]<\/p>\n","protected":false},"featured_media":123306,"template":"","meta":{"site-sidebar-layout":"default","site-content-layout":"","ast-site-content-layout":"","site-content-style":"default","site-sidebar-style":"default","ast-global-header-display":"","ast-banner-title-visibility":"","ast-main-header-display":"","ast-hfb-above-header-display":"","ast-hfb-below-header-display":"","ast-hfb-mobile-header-display":"","site-post-title":"","ast-breadcrumbs-content":"","ast-featured-img":"","footer-sml-layout":"","theme-transparent-header-meta":"","adv-header-id-meta":"","stick-header-meta":"","header-above-stick-meta":"","header-main-stick-meta":"","header-below-stick-meta":"","astra-migrate-meta-layouts":"default","ast-page-background-enabled":"default","ast-page-background-meta":{"desktop":{"background-color":"","background-image":"","background-repeat":"repeat","background-position":"center center","background-size":"auto","background-attachment":"scroll","background-type":"","background-media":"","overlay-type":"","overlay-color":"","overlay-opacity":"","overlay-gradient":""},"tablet":{"background-color":"","background-image":"","background-repeat":"repeat","background-position":"center center","background-size":"auto","background-attachment":"scroll","background-type":"","background-media":"","overlay-type":"","overlay-color":"","overlay-opacity":"","overlay-gradient":""},"mobile":{"background-color":"","background-image":"","background-repeat":"repeat","background-position":"center center","background-size":"auto","background-attachment":"scroll","background-type":"","background-media":"","overlay-type":"","overlay-color":"","overlay-opacity":"","overlay-gradient":""}},"ast-content-background-meta":{"desktop":{"background-color":"var(--ast-global-color-5)","background-image":"","background-repeat":"repeat","background-position":"center center","background-size":"auto","background-attachment":"scroll","background-type":"","background-media":"","overlay-type":"","overlay-color":"","overlay-opacity":"","overlay-gradient":""},"tablet":{"background-color":"var(--ast-global-color-5)","background-image":"","background-repeat":"repeat","background-position":"center center","background-size":"auto","background-attachment":"scroll","background-type":"","background-media":"","overlay-type":"","overlay-color":"","overlay-opacity":"","overlay-gradient":""},"mobile":{"background-color":"var(--ast-global-color-5)","background-image":"","background-repeat":"repeat","background-position":"center center","background-size":"auto","background-attachment":"scroll","background-type":"","background-media":"","overlay-type":"","overlay-color":"","overlay-opacity":"","overlay-gradient":""}}},"product_brand":[],"product_cat":[34225],"product_tag":[],"pa_brand_name":[17979],"class_list":{"0":"post-120832","1":"product","2":"type-product","3":"status-publish","4":"has-post-thumbnail","6":"product_cat-summer-tires-pv","7":"pa_brand_name-goodyear","8":"desktop-align-left","9":"tablet-align-left","10":"mobile-align-left","12":"first","13":"outofstock","14":"taxable","15":"shipping-taxable","16":"purchasable","17":"product-type-simple"},"_links":{"self":[{"href":"https:\/\/shop.rettum.ee\/en\/wp-json\/wp\/v2\/product\/120832","targetHints":{"allow":["GET"]}}],"collection":[{"href":"https:\/\/shop.rettum.ee\/en\/wp-json\/wp\/v2\/product"}],"about":[{"href":"https:\/\/shop.rettum.ee\/en\/wp-json\/wp\/v2\/types\/product"}],"version-history":[{"count":1,"href":"https:\/\/shop.rettum.ee\/en\/wp-json\/wp\/v2\/product\/120832\/revisions"}],"predecessor-version":[{"id":125715,"href":"https:\/\/shop.rettum.ee\/en\/wp-json\/wp\/v2\/product\/120832\/revisions\/125715"}],"wp:featuredmedia":[{"embeddable":true,"href":"https:\/\/shop.rettum.ee\/en\/wp-json\/wp\/v2\/media\/123306"}],"wp:attachment":[{"href":"https:\/\/shop.rettum.ee\/en\/wp-json\/wp\/v2\/media?parent=120832"}],"wp:term":[{"taxonomy":"product_brand","embeddable":true,"href":"https:\/\/shop.rettum.ee\/en\/wp-json\/wp\/v2\/product_brand?post=120832"},{"taxonomy":"product_cat","embeddable":true,"href":"https:\/\/shop.rettum.ee\/en\/wp-json\/wp\/v2\/product_cat?post=120832"},{"taxonomy":"product_tag","embeddable":true,"href":"https:\/\/shop.rettum.ee\/en\/wp-json\/wp\/v2\/product_tag?post=120832"},{"taxonomy":"pa_brand_name","embeddable":true,"href":"https:\/\/shop.rettum.ee\/en\/wp-json\/wp\/v2\/pa_brand_name?post=120832"}],"curies":[{"name":"wp","href":"https:\/\/api.w.org\/{rel}","templated":true}]}}