{"id":120833,"date":"2025-03-31T03:06:53","date_gmt":"2025-03-31T00:06:53","guid":{"rendered":"https:\/\/shop.rettum.ee\/toode\/235-55r19-goodyear-eagle-f1-asymmetric-6-105t-xl-seal-inside-baa69\/"},"modified":"2026-03-24T02:45:27","modified_gmt":"2026-03-24T00:45:27","slug":"235-55r19-goodyear-eagle-f1-asymmetric-6-105t-xl-seal-inside-baa69","status":"publish","type":"product","link":"https:\/\/shop.rettum.ee\/en\/product\/235-55r19-goodyear-eagle-f1-asymmetric-6-105t-xl-seal-inside-baa69\/","title":{"rendered":"235\/55R19 GOODYEAR EAGLE F1 ASYMMETRIC 6 105T XL Seal Inside BAA69"},"content":{"rendered":"<p>Goodyear Eagle F1 Asymmetric 6 on tipptasemel suverehv, mis pakub erakordset s\u00f5idukogemust isegi k\u00f5ige n\u00f5udlikumates oludes. Rehvi m\u00f5\u00f5tmed 235\/55R19 tagavad stabiilsuse ja kindla juhtimise nii kuival kui m\u00e4rjal teel. As\u00fcmmeetriline kulumismuster on loodud maksimaalse kontaktpinna tagamiseks, mis parandab pidamist ja kurvides s\u00f5itmist, v\u00f5imaldades autojuhil nautida enesekindlat ja sportlikku s\u00f5iduomadust.<\/p>\n<p>Rehv on hinnatud XL-klassiga, mis t\u00e4hendab suuremat koormustaluvust ning t\u00f6\u00f6kindlust ka k\u00f5rgetel kiirustel. 105T koorminduss\u00fcmbol kinnitab rehvi suutlikkust s\u00e4ilitada oma j\u00f5udlust ka k\u00f5ige n\u00f5udlikumates s\u00f5idutingimustes. Lisaks varustab Seal Inside tehnoloogia rehv selle v\u00f5imel ennetada ja lukustada v\u00e4iksemad laboritopsed kahjustused, mis aitab v\u00e4ltida ootamatuid t\u00fchistusi s\u00f5idul ja pikendada rehvi eluiga.<\/p>\n<p>Goodyear Eagle F1 Asymmetric 6 on ideaalne valik s\u00f5idukijuhtidele, kes hindavad ohutust, j\u00f5udlust ja innovatsiooni. Investeeri oma s\u00f5iduomadustesse ja naudi maksimaalset j\u00f5udlust igal teel.<\/p>","protected":false},"excerpt":{"rendered":"<p>Goodyear Eagle F1 Asymmetric 6 on tipptasemel suverehv, mis pakub erakordset s\u00f5idukogemust isegi k\u00f5ige n\u00f5udlikumates oludes. Rehvi m\u00f5\u00f5tmed 235\/55R19 tagavad stabiilsuse ja kindla juhtimise nii kuival kui m\u00e4rjal teel. As\u00fcmmeetriline kulumismuster on loodud maksimaalse kontaktpinna tagamiseks, mis parandab pidamist ja kurvides s\u00f5itmist, v\u00f5imaldades autojuhil nautida enesekindlat ja sportlikku s\u00f5iduomadust. Rehv on hinnatud XL-klassiga, mis t\u00e4hendab [&hellip;]<\/p>\n","protected":false},"featured_media":122075,"template":"","meta":{"site-sidebar-layout":"default","site-content-layout":"","ast-site-content-layout":"","site-content-style":"default","site-sidebar-style":"default","ast-global-header-display":"","ast-banner-title-visibility":"","ast-main-header-display":"","ast-hfb-above-header-display":"","ast-hfb-below-header-display":"","ast-hfb-mobile-header-display":"","site-post-title":"","ast-breadcrumbs-content":"","ast-featured-img":"","footer-sml-layout":"","theme-transparent-header-meta":"","adv-header-id-meta":"","stick-header-meta":"","header-above-stick-meta":"","header-main-stick-meta":"","header-below-stick-meta":"","astra-migrate-meta-layouts":"default","ast-page-background-enabled":"default","ast-page-background-meta":{"desktop":{"background-color":"","background-image":"","background-repeat":"repeat","background-position":"center center","background-size":"auto","background-attachment":"scroll","background-type":"","background-media":"","overlay-type":"","overlay-color":"","overlay-opacity":"","overlay-gradient":""},"tablet":{"background-color":"","background-image":"","background-repeat":"repeat","background-position":"center center","background-size":"auto","background-attachment":"scroll","background-type":"","background-media":"","overlay-type":"","overlay-color":"","overlay-opacity":"","overlay-gradient":""},"mobile":{"background-color":"","background-image":"","background-repeat":"repeat","background-position":"center center","background-size":"auto","background-attachment":"scroll","background-type":"","background-media":"","overlay-type":"","overlay-color":"","overlay-opacity":"","overlay-gradient":""}},"ast-content-background-meta":{"desktop":{"background-color":"var(--ast-global-color-5)","background-image":"","background-repeat":"repeat","background-position":"center center","background-size":"auto","background-attachment":"scroll","background-type":"","background-media":"","overlay-type":"","overlay-color":"","overlay-opacity":"","overlay-gradient":""},"tablet":{"background-color":"var(--ast-global-color-5)","background-image":"","background-repeat":"repeat","background-position":"center center","background-size":"auto","background-attachment":"scroll","background-type":"","background-media":"","overlay-type":"","overlay-color":"","overlay-opacity":"","overlay-gradient":""},"mobile":{"background-color":"var(--ast-global-color-5)","background-image":"","background-repeat":"repeat","background-position":"center center","background-size":"auto","background-attachment":"scroll","background-type":"","background-media":"","overlay-type":"","overlay-color":"","overlay-opacity":"","overlay-gradient":""}}},"product_brand":[],"product_cat":[34225],"product_tag":[],"pa_brand_name":[],"class_list":{"0":"post-120833","1":"product","2":"type-product","3":"status-publish","4":"has-post-thumbnail","6":"product_cat-summer-tires-pv","7":"desktop-align-left","8":"tablet-align-left","9":"mobile-align-left","11":"first","12":"outofstock","13":"taxable","14":"shipping-taxable","15":"purchasable","16":"product-type-simple"},"_links":{"self":[{"href":"https:\/\/shop.rettum.ee\/en\/wp-json\/wp\/v2\/product\/120833","targetHints":{"allow":["GET"]}}],"collection":[{"href":"https:\/\/shop.rettum.ee\/en\/wp-json\/wp\/v2\/product"}],"about":[{"href":"https:\/\/shop.rettum.ee\/en\/wp-json\/wp\/v2\/types\/product"}],"version-history":[{"count":1,"href":"https:\/\/shop.rettum.ee\/en\/wp-json\/wp\/v2\/product\/120833\/revisions"}],"predecessor-version":[{"id":125714,"href":"https:\/\/shop.rettum.ee\/en\/wp-json\/wp\/v2\/product\/120833\/revisions\/125714"}],"wp:featuredmedia":[{"embeddable":true,"href":"https:\/\/shop.rettum.ee\/en\/wp-json\/wp\/v2\/media\/122075"}],"wp:attachment":[{"href":"https:\/\/shop.rettum.ee\/en\/wp-json\/wp\/v2\/media?parent=120833"}],"wp:term":[{"taxonomy":"product_brand","embeddable":true,"href":"https:\/\/shop.rettum.ee\/en\/wp-json\/wp\/v2\/product_brand?post=120833"},{"taxonomy":"product_cat","embeddable":true,"href":"https:\/\/shop.rettum.ee\/en\/wp-json\/wp\/v2\/product_cat?post=120833"},{"taxonomy":"product_tag","embeddable":true,"href":"https:\/\/shop.rettum.ee\/en\/wp-json\/wp\/v2\/product_tag?post=120833"},{"taxonomy":"pa_brand_name","embeddable":true,"href":"https:\/\/shop.rettum.ee\/en\/wp-json\/wp\/v2\/pa_brand_name?post=120833"}],"curies":[{"name":"wp","href":"https:\/\/api.w.org\/{rel}","templated":true}]}}