{"id":120835,"date":"2025-03-31T03:06:54","date_gmt":"2025-03-31T00:06:54","guid":{"rendered":"https:\/\/shop.rettum.ee\/toode\/255-50r19-goodyear-eagle-f1-asymmetric-6-107t-xl-baa70\/"},"modified":"2026-03-22T03:06:11","modified_gmt":"2026-03-22T01:06:11","slug":"255-50r19-goodyear-eagle-f1-asymmetric-6-107t-xl-baa70","status":"publish","type":"product","link":"https:\/\/shop.rettum.ee\/en\/product\/255-50r19-goodyear-eagle-f1-asymmetric-6-107t-xl-baa70\/","title":{"rendered":"255\/50R19 GOODYEAR EAGLE F1 ASYMMETRIC 6 107T XL BAA70"},"content":{"rendered":"<p>Goodyear Eagle F1 Asymmetric 6 \u2013 tipptasemel rehvivalu neile, kes v\u00e4\u00e4rtustavad k\u00f5rgeimat s\u00f5idumugavust ja ohutust. Rehvi m\u00f5\u00f5tmed 255\/50R19 tagavad suurep\u00e4rase haarde nii kuivadel kui m\u00e4rgadel teedel, pakkudes maksimaalset teepiiri kontakti optimeeritud as\u00fcmmeetrilise mustritere abil. See disain v\u00f5imaldab t\u00e4pset juhitavust ja stabiilsust, mis on eriti oluline kiirete kurvide ja madalate pidurdusteemade puhul.<\/p>\n<p>Rehvil on koormusindeks 107 ja kiiruskood T, mis kinnitab selle v\u00f5imekust ning vastupidavust ka n\u00f5udlikes s\u00f5idutingimustes. XL-lisat\u00e4his annab lisatugevuse ja kindluse, et rehvid suudavad toime tulla rangemate koormustega, pakkudes pikemaajalist ja usaldusv\u00e4\u00e4rset sooritust.<\/p>\n<p>Goodyear, kui \u00fcks maailma tunnumaid rehvide tootjaid, tagab innovaatilised lahendused ja kvaliteedi, mis annavad teile kindlustunde igal teekonnal. Valige Eagle F1 Asymmetric 6 ja kogege erakordset s\u00f5idud\u00fcnaamikat, mis \u00fchendab tipptasemel tehnoloogia ja ohutuse \u2013 ideaalne valik nii sportlikele s\u00f5idukitele kui igap\u00e4evastele autojuhtidele.<\/p>","protected":false},"excerpt":{"rendered":"<p>Goodyear Eagle F1 Asymmetric 6 \u2013 tipptasemel rehvivalu neile, kes v\u00e4\u00e4rtustavad k\u00f5rgeimat s\u00f5idumugavust ja ohutust. Rehvi m\u00f5\u00f5tmed 255\/50R19 tagavad suurep\u00e4rase haarde nii kuivadel kui m\u00e4rgadel teedel, pakkudes maksimaalset teepiiri kontakti optimeeritud as\u00fcmmeetrilise mustritere abil. See disain v\u00f5imaldab t\u00e4pset juhitavust ja stabiilsust, mis on eriti oluline kiirete kurvide ja madalate pidurdusteemade puhul. Rehvil on koormusindeks 107 [&hellip;]<\/p>\n","protected":false},"featured_media":122075,"template":"","meta":{"site-sidebar-layout":"default","site-content-layout":"","ast-site-content-layout":"","site-content-style":"default","site-sidebar-style":"default","ast-global-header-display":"","ast-banner-title-visibility":"","ast-main-header-display":"","ast-hfb-above-header-display":"","ast-hfb-below-header-display":"","ast-hfb-mobile-header-display":"","site-post-title":"","ast-breadcrumbs-content":"","ast-featured-img":"","footer-sml-layout":"","theme-transparent-header-meta":"","adv-header-id-meta":"","stick-header-meta":"","header-above-stick-meta":"","header-main-stick-meta":"","header-below-stick-meta":"","astra-migrate-meta-layouts":"default","ast-page-background-enabled":"default","ast-page-background-meta":{"desktop":{"background-color":"","background-image":"","background-repeat":"repeat","background-position":"center center","background-size":"auto","background-attachment":"scroll","background-type":"","background-media":"","overlay-type":"","overlay-color":"","overlay-opacity":"","overlay-gradient":""},"tablet":{"background-color":"","background-image":"","background-repeat":"repeat","background-position":"center center","background-size":"auto","background-attachment":"scroll","background-type":"","background-media":"","overlay-type":"","overlay-color":"","overlay-opacity":"","overlay-gradient":""},"mobile":{"background-color":"","background-image":"","background-repeat":"repeat","background-position":"center center","background-size":"auto","background-attachment":"scroll","background-type":"","background-media":"","overlay-type":"","overlay-color":"","overlay-opacity":"","overlay-gradient":""}},"ast-content-background-meta":{"desktop":{"background-color":"var(--ast-global-color-5)","background-image":"","background-repeat":"repeat","background-position":"center center","background-size":"auto","background-attachment":"scroll","background-type":"","background-media":"","overlay-type":"","overlay-color":"","overlay-opacity":"","overlay-gradient":""},"tablet":{"background-color":"var(--ast-global-color-5)","background-image":"","background-repeat":"repeat","background-position":"center center","background-size":"auto","background-attachment":"scroll","background-type":"","background-media":"","overlay-type":"","overlay-color":"","overlay-opacity":"","overlay-gradient":""},"mobile":{"background-color":"var(--ast-global-color-5)","background-image":"","background-repeat":"repeat","background-position":"center center","background-size":"auto","background-attachment":"scroll","background-type":"","background-media":"","overlay-type":"","overlay-color":"","overlay-opacity":"","overlay-gradient":""}}},"product_brand":[],"product_cat":[34225],"product_tag":[],"pa_brand_name":[17979],"class_list":{"0":"post-120835","1":"product","2":"type-product","3":"status-publish","4":"has-post-thumbnail","6":"product_cat-summer-tires-pv","7":"pa_brand_name-goodyear","8":"desktop-align-left","9":"tablet-align-left","10":"mobile-align-left","12":"first","13":"outofstock","14":"taxable","15":"shipping-taxable","16":"purchasable","17":"product-type-simple"},"_links":{"self":[{"href":"https:\/\/shop.rettum.ee\/en\/wp-json\/wp\/v2\/product\/120835","targetHints":{"allow":["GET"]}}],"collection":[{"href":"https:\/\/shop.rettum.ee\/en\/wp-json\/wp\/v2\/product"}],"about":[{"href":"https:\/\/shop.rettum.ee\/en\/wp-json\/wp\/v2\/types\/product"}],"version-history":[{"count":1,"href":"https:\/\/shop.rettum.ee\/en\/wp-json\/wp\/v2\/product\/120835\/revisions"}],"predecessor-version":[{"id":125713,"href":"https:\/\/shop.rettum.ee\/en\/wp-json\/wp\/v2\/product\/120835\/revisions\/125713"}],"wp:featuredmedia":[{"embeddable":true,"href":"https:\/\/shop.rettum.ee\/en\/wp-json\/wp\/v2\/media\/122075"}],"wp:attachment":[{"href":"https:\/\/shop.rettum.ee\/en\/wp-json\/wp\/v2\/media?parent=120835"}],"wp:term":[{"taxonomy":"product_brand","embeddable":true,"href":"https:\/\/shop.rettum.ee\/en\/wp-json\/wp\/v2\/product_brand?post=120835"},{"taxonomy":"product_cat","embeddable":true,"href":"https:\/\/shop.rettum.ee\/en\/wp-json\/wp\/v2\/product_cat?post=120835"},{"taxonomy":"product_tag","embeddable":true,"href":"https:\/\/shop.rettum.ee\/en\/wp-json\/wp\/v2\/product_tag?post=120835"},{"taxonomy":"pa_brand_name","embeddable":true,"href":"https:\/\/shop.rettum.ee\/en\/wp-json\/wp\/v2\/pa_brand_name?post=120835"}],"curies":[{"name":"wp","href":"https:\/\/api.w.org\/{rel}","templated":true}]}}