{"id":120842,"date":"2025-03-31T03:07:01","date_gmt":"2025-03-31T00:07:01","guid":{"rendered":"https:\/\/shop.rettum.ee\/toode\/235-50r20-goodyear-eagle-f1-asymmetric-6-104t-xl-fp-bab70\/"},"modified":"2025-07-30T02:51:32","modified_gmt":"2025-07-29T23:51:32","slug":"235-50r20-goodyear-eagle-f1-asymmetric-6-104t-xl-fp-bab70","status":"publish","type":"product","link":"https:\/\/shop.rettum.ee\/en\/product\/235-50r20-goodyear-eagle-f1-asymmetric-6-104t-xl-fp-bab70\/","title":{"rendered":"235\/50R20 GOODYEAR EAGLE F1 ASYMMETRIC 6 104T XL FP BAB70"},"content":{"rendered":"<p>Goodyear Eagle F1 Asymmetric 6 rehvid on loodud n\u00f5udlikule s\u00f5iduarmastajale, kes hindab sportlikku s\u00f5idukogemust ja turvalisust igas olukorras. Mudelis 235\/50R20 muutuvaid parameetreid kombineeriv rehvir\u00f5ngas pakub erakordset haardumist nii m\u00e4rgadel kui kuivadel teedel. Rehvi as\u00fcmmeetriline prof\u00fc\u00fcr tagab t\u00e4pse ja stabiilse s\u00f5idu, minimeerides veoj\u00f5u kaotust ning parandades man\u00f6\u00f6verduskindlust ka k\u00f5rgetel kiirustel.<\/p>\n<p>XL-indeks koos extra-kaubandusliku koormustalitusega annab lisatugevuse, v\u00f5imaldades rehvil kanda suuremat koormust ilma kompromissideta turvalisuse v\u00f5i j\u00f5udluse osas. 104T mootori koormusindeks ja kiirusklassi iseloomustav m\u00e4rk n\u00e4itavad hoolikalt teste l\u00e4binud tehnoloogiat, mis tagab usaldusv\u00e4\u00e4rset rajahalduse ja s\u00f5iduk\u00e4itumist erinevates ilmastikutingimustes.<\/p>\n<p>Goodyear Eagle F1 Asymmetric 6 on ideaalne valik sportlikele sedaanidele ja luksusautodele, pakkudes tasakaalu j\u00f5udluse, mugavuse ja ohutuse vahel. T\u00f5sta oma s\u00f5idukogemus uuele tasemele selle tipptasemel rehvi abil \u2013 v\u00e4\u00e4rtuslik investeering turvalisse ja d\u00fcnaamilisse s\u00f5iduomadusse.<\/p>","protected":false},"excerpt":{"rendered":"<p>Goodyear Eagle F1 Asymmetric 6 rehvid on loodud n\u00f5udlikule s\u00f5iduarmastajale, kes hindab sportlikku s\u00f5idukogemust ja turvalisust igas olukorras. Mudelis 235\/50R20 muutuvaid parameetreid kombineeriv rehvir\u00f5ngas pakub erakordset haardumist nii m\u00e4rgadel kui kuivadel teedel. Rehvi as\u00fcmmeetriline prof\u00fc\u00fcr tagab t\u00e4pse ja stabiilse s\u00f5idu, minimeerides veoj\u00f5u kaotust ning parandades man\u00f6\u00f6verduskindlust ka k\u00f5rgetel kiirustel. XL-indeks koos extra-kaubandusliku koormustalitusega annab lisatugevuse, [&hellip;]<\/p>\n","protected":false},"featured_media":122075,"template":"","meta":{"site-sidebar-layout":"default","site-content-layout":"","ast-site-content-layout":"","site-content-style":"default","site-sidebar-style":"default","ast-global-header-display":"","ast-banner-title-visibility":"","ast-main-header-display":"","ast-hfb-above-header-display":"","ast-hfb-below-header-display":"","ast-hfb-mobile-header-display":"","site-post-title":"","ast-breadcrumbs-content":"","ast-featured-img":"","footer-sml-layout":"","theme-transparent-header-meta":"","adv-header-id-meta":"","stick-header-meta":"","header-above-stick-meta":"","header-main-stick-meta":"","header-below-stick-meta":"","astra-migrate-meta-layouts":"default","ast-page-background-enabled":"default","ast-page-background-meta":{"desktop":{"background-color":"","background-image":"","background-repeat":"repeat","background-position":"center center","background-size":"auto","background-attachment":"scroll","background-type":"","background-media":"","overlay-type":"","overlay-color":"","overlay-opacity":"","overlay-gradient":""},"tablet":{"background-color":"","background-image":"","background-repeat":"repeat","background-position":"center center","background-size":"auto","background-attachment":"scroll","background-type":"","background-media":"","overlay-type":"","overlay-color":"","overlay-opacity":"","overlay-gradient":""},"mobile":{"background-color":"","background-image":"","background-repeat":"repeat","background-position":"center center","background-size":"auto","background-attachment":"scroll","background-type":"","background-media":"","overlay-type":"","overlay-color":"","overlay-opacity":"","overlay-gradient":""}},"ast-content-background-meta":{"desktop":{"background-color":"var(--ast-global-color-5)","background-image":"","background-repeat":"repeat","background-position":"center center","background-size":"auto","background-attachment":"scroll","background-type":"","background-media":"","overlay-type":"","overlay-color":"","overlay-opacity":"","overlay-gradient":""},"tablet":{"background-color":"var(--ast-global-color-5)","background-image":"","background-repeat":"repeat","background-position":"center center","background-size":"auto","background-attachment":"scroll","background-type":"","background-media":"","overlay-type":"","overlay-color":"","overlay-opacity":"","overlay-gradient":""},"mobile":{"background-color":"var(--ast-global-color-5)","background-image":"","background-repeat":"repeat","background-position":"center center","background-size":"auto","background-attachment":"scroll","background-type":"","background-media":"","overlay-type":"","overlay-color":"","overlay-opacity":"","overlay-gradient":""}}},"product_brand":[],"product_cat":[34225],"product_tag":[],"pa_brand_name":[17979],"class_list":{"0":"post-120842","1":"product","2":"type-product","3":"status-publish","4":"has-post-thumbnail","6":"product_cat-summer-tires-pv","7":"pa_brand_name-goodyear","8":"desktop-align-left","9":"tablet-align-left","10":"mobile-align-left","12":"first","13":"outofstock","14":"taxable","15":"shipping-taxable","16":"purchasable","17":"product-type-simple"},"_links":{"self":[{"href":"https:\/\/shop.rettum.ee\/en\/wp-json\/wp\/v2\/product\/120842","targetHints":{"allow":["GET"]}}],"collection":[{"href":"https:\/\/shop.rettum.ee\/en\/wp-json\/wp\/v2\/product"}],"about":[{"href":"https:\/\/shop.rettum.ee\/en\/wp-json\/wp\/v2\/types\/product"}],"version-history":[{"count":1,"href":"https:\/\/shop.rettum.ee\/en\/wp-json\/wp\/v2\/product\/120842\/revisions"}],"predecessor-version":[{"id":125709,"href":"https:\/\/shop.rettum.ee\/en\/wp-json\/wp\/v2\/product\/120842\/revisions\/125709"}],"wp:featuredmedia":[{"embeddable":true,"href":"https:\/\/shop.rettum.ee\/en\/wp-json\/wp\/v2\/media\/122075"}],"wp:attachment":[{"href":"https:\/\/shop.rettum.ee\/en\/wp-json\/wp\/v2\/media?parent=120842"}],"wp:term":[{"taxonomy":"product_brand","embeddable":true,"href":"https:\/\/shop.rettum.ee\/en\/wp-json\/wp\/v2\/product_brand?post=120842"},{"taxonomy":"product_cat","embeddable":true,"href":"https:\/\/shop.rettum.ee\/en\/wp-json\/wp\/v2\/product_cat?post=120842"},{"taxonomy":"product_tag","embeddable":true,"href":"https:\/\/shop.rettum.ee\/en\/wp-json\/wp\/v2\/product_tag?post=120842"},{"taxonomy":"pa_brand_name","embeddable":true,"href":"https:\/\/shop.rettum.ee\/en\/wp-json\/wp\/v2\/pa_brand_name?post=120842"}],"curies":[{"name":"wp","href":"https:\/\/api.w.org\/{rel}","templated":true}]}}