{"id":120844,"date":"2025-03-31T03:07:02","date_gmt":"2025-03-31T00:07:02","guid":{"rendered":"https:\/\/shop.rettum.ee\/toode\/255-50r20-goodyear-eagle-f1-asymmetric-6-109h-xl-bab71\/"},"modified":"2026-03-22T03:06:12","modified_gmt":"2026-03-22T01:06:12","slug":"255-50r20-goodyear-eagle-f1-asymmetric-6-109h-xl-bab71","status":"publish","type":"product","link":"https:\/\/shop.rettum.ee\/en\/product\/255-50r20-goodyear-eagle-f1-asymmetric-6-109h-xl-bab71\/","title":{"rendered":"255\/50R20 GOODYEAR EAGLE F1 ASYMMETRIC 6 109H XL BAB71"},"content":{"rendered":"<p>Goodyear Eagle F1 Asymmetric 6 255\/50R20 on \u00fclim j\u00f5udlus ja turvalisus \u00fches. See uuenduslik turvis\u00f5rm on loodud sportlikult s\u00f5iduks ning tagab t\u00e4psed juhitavusomadused igas s\u00f5idutingimustes. As\u00fcmmeetriline kulumismuster pakub suurep\u00e4rase haarduvuse nii kuivadel kui ka m\u00e4rgadel teedel, parandades s\u00f5idustabiilsust ja v\u00f5imaldades kiireid reaktsioone ootamatutes olukordades.<\/p>\n<p>Reinim\u00f5\u00f5tmed 255\/50R20 tagavad laia kontakti teega, mis omakorda aitab saavutada ideaalset kinnitusj\u00f5udu ja maksimaalset veoj\u00f5udu. XL-t\u00e4his koos 109 koormusindeksiga ja H kiirusklassi piiriga lisavad rehvile t\u00e4iendava vastupidavuse ning v\u00f5imaldavad ohutut s\u00f5itu kuni 210 km\/h. Goodyeari pikaajaline kogemus ja innovatsiooni vaim kajastuvad selles rehvis, pakkuvalt usaldusv\u00e4\u00e4rset ja sportlikku s\u00f5iduelamust ka ekstreemtingimustes.<\/p>\n<p>Valides Goodyear Eagle F1 Asymmetric 6 rehvi, investeerid nii s\u00f5idumugavusse kui ka maksimeeritult turvalisse s\u00f5idukogemusse \u2013 ideaalne lahendus neile, kes hindavad k\u00f5rget j\u00f5udlust ja usaldusv\u00e4\u00e4rsust igal kilomeetril.<\/p>","protected":false},"excerpt":{"rendered":"<p>Goodyear Eagle F1 Asymmetric 6 255\/50R20 on \u00fclim j\u00f5udlus ja turvalisus \u00fches. See uuenduslik turvis\u00f5rm on loodud sportlikult s\u00f5iduks ning tagab t\u00e4psed juhitavusomadused igas s\u00f5idutingimustes. As\u00fcmmeetriline kulumismuster pakub suurep\u00e4rase haarduvuse nii kuivadel kui ka m\u00e4rgadel teedel, parandades s\u00f5idustabiilsust ja v\u00f5imaldades kiireid reaktsioone ootamatutes olukordades. Reinim\u00f5\u00f5tmed 255\/50R20 tagavad laia kontakti teega, mis omakorda aitab saavutada ideaalset [&hellip;]<\/p>\n","protected":false},"featured_media":122075,"template":"","meta":{"site-sidebar-layout":"default","site-content-layout":"","ast-site-content-layout":"","site-content-style":"default","site-sidebar-style":"default","ast-global-header-display":"","ast-banner-title-visibility":"","ast-main-header-display":"","ast-hfb-above-header-display":"","ast-hfb-below-header-display":"","ast-hfb-mobile-header-display":"","site-post-title":"","ast-breadcrumbs-content":"","ast-featured-img":"","footer-sml-layout":"","theme-transparent-header-meta":"","adv-header-id-meta":"","stick-header-meta":"","header-above-stick-meta":"","header-main-stick-meta":"","header-below-stick-meta":"","astra-migrate-meta-layouts":"default","ast-page-background-enabled":"default","ast-page-background-meta":{"desktop":{"background-color":"","background-image":"","background-repeat":"repeat","background-position":"center center","background-size":"auto","background-attachment":"scroll","background-type":"","background-media":"","overlay-type":"","overlay-color":"","overlay-opacity":"","overlay-gradient":""},"tablet":{"background-color":"","background-image":"","background-repeat":"repeat","background-position":"center center","background-size":"auto","background-attachment":"scroll","background-type":"","background-media":"","overlay-type":"","overlay-color":"","overlay-opacity":"","overlay-gradient":""},"mobile":{"background-color":"","background-image":"","background-repeat":"repeat","background-position":"center center","background-size":"auto","background-attachment":"scroll","background-type":"","background-media":"","overlay-type":"","overlay-color":"","overlay-opacity":"","overlay-gradient":""}},"ast-content-background-meta":{"desktop":{"background-color":"var(--ast-global-color-5)","background-image":"","background-repeat":"repeat","background-position":"center center","background-size":"auto","background-attachment":"scroll","background-type":"","background-media":"","overlay-type":"","overlay-color":"","overlay-opacity":"","overlay-gradient":""},"tablet":{"background-color":"var(--ast-global-color-5)","background-image":"","background-repeat":"repeat","background-position":"center center","background-size":"auto","background-attachment":"scroll","background-type":"","background-media":"","overlay-type":"","overlay-color":"","overlay-opacity":"","overlay-gradient":""},"mobile":{"background-color":"var(--ast-global-color-5)","background-image":"","background-repeat":"repeat","background-position":"center center","background-size":"auto","background-attachment":"scroll","background-type":"","background-media":"","overlay-type":"","overlay-color":"","overlay-opacity":"","overlay-gradient":""}}},"product_brand":[],"product_cat":[34225],"product_tag":[],"pa_brand_name":[17979],"class_list":{"0":"post-120844","1":"product","2":"type-product","3":"status-publish","4":"has-post-thumbnail","6":"product_cat-summer-tires-pv","7":"pa_brand_name-goodyear","8":"desktop-align-left","9":"tablet-align-left","10":"mobile-align-left","12":"first","13":"outofstock","14":"taxable","15":"shipping-taxable","16":"purchasable","17":"product-type-simple"},"_links":{"self":[{"href":"https:\/\/shop.rettum.ee\/en\/wp-json\/wp\/v2\/product\/120844","targetHints":{"allow":["GET"]}}],"collection":[{"href":"https:\/\/shop.rettum.ee\/en\/wp-json\/wp\/v2\/product"}],"about":[{"href":"https:\/\/shop.rettum.ee\/en\/wp-json\/wp\/v2\/types\/product"}],"version-history":[{"count":1,"href":"https:\/\/shop.rettum.ee\/en\/wp-json\/wp\/v2\/product\/120844\/revisions"}],"predecessor-version":[{"id":125708,"href":"https:\/\/shop.rettum.ee\/en\/wp-json\/wp\/v2\/product\/120844\/revisions\/125708"}],"wp:featuredmedia":[{"embeddable":true,"href":"https:\/\/shop.rettum.ee\/en\/wp-json\/wp\/v2\/media\/122075"}],"wp:attachment":[{"href":"https:\/\/shop.rettum.ee\/en\/wp-json\/wp\/v2\/media?parent=120844"}],"wp:term":[{"taxonomy":"product_brand","embeddable":true,"href":"https:\/\/shop.rettum.ee\/en\/wp-json\/wp\/v2\/product_brand?post=120844"},{"taxonomy":"product_cat","embeddable":true,"href":"https:\/\/shop.rettum.ee\/en\/wp-json\/wp\/v2\/product_cat?post=120844"},{"taxonomy":"product_tag","embeddable":true,"href":"https:\/\/shop.rettum.ee\/en\/wp-json\/wp\/v2\/product_tag?post=120844"},{"taxonomy":"pa_brand_name","embeddable":true,"href":"https:\/\/shop.rettum.ee\/en\/wp-json\/wp\/v2\/pa_brand_name?post=120844"}],"curies":[{"name":"wp","href":"https:\/\/api.w.org\/{rel}","templated":true}]}}