{"id":120850,"date":"2025-03-31T03:07:07","date_gmt":"2025-03-31T00:07:07","guid":{"rendered":"https:\/\/shop.rettum.ee\/toode\/255-45r21-pirelli-p-zero-sport-106w-xl-r0-elect-fsl-baa70\/"},"modified":"2026-03-26T02:47:52","modified_gmt":"2026-03-26T00:47:52","slug":"255-45r21-pirelli-p-zero-sport-106w-xl-r0-elect-fsl-baa70","status":"publish","type":"product","link":"https:\/\/shop.rettum.ee\/en\/product\/255-45r21-pirelli-p-zero-sport-106w-xl-r0-elect-fsl-baa70\/","title":{"rendered":"255\/45R21 PIRELLI P ZERO SPORT 106W XL R0 Elect FSL BAA70"},"content":{"rendered":"<p>PIRELLI P ZERO SPORT 106W XL R0 Elect FSL BAA70 on rehvid, mis on loodud n\u00f5udlikele autoentusiastidele ja sportlike s\u00f5iduarmastajatele. Rehvi m\u00f5\u00f5tmed 255\/45R21 tagavad suurep\u00e4rase juhitavuse ja stabiilsuse ka k\u00f5ige n\u00f5udlikumates s\u00f5idutingimustes. Tipptasemel insenertehnika ja innovatiivne disain v\u00f5imaldavad saavutada maksimaalse haarduvuse nii kuivalt kui ka m\u00e4rjal teel, pakkudes seel\u00e4bi turvalist ja kindlat s\u00f5itu kiirete kurvide ja rangete man\u00f6\u00f6vrite ajal.<\/p>\n<p>XL-konstruktsioon v\u00f5imaldab k\u00f5rgemat koormust ja panustab rehvi vastupidavusse ning pikemas kasutusperioodis s\u00e4ilitatavusse. 106W reiting kinnitab selle sportliku rehvi k\u00f5rget j\u00f5udlusv\u00f5imet ja p\u00fchendumust tipptasemel sooritusele. Tehnoloogiad R0 ja Elect FSL tagavad optimaalse kokkuv\u00f5tte s\u00fcsteemi, mis parandab rehvi \u00fcldist efektiivsust ja t\u00f6\u00f6kindlust.<\/p>\n<p>Investeeri PIRELLI P ZERO SPORT rehvidesse ning naudi sportlikku s\u00f5iduelamust, mis \u00fchendab kaasaegse disaini, ohutuse ja maksimaalse j\u00f5udluse \u2013 ideaalse valiku neile, kes soovivad oma s\u00f5idukile pakkuda parimat.<\/p>","protected":false},"excerpt":{"rendered":"<p>PIRELLI P ZERO SPORT 106W XL R0 Elect FSL BAA70 on rehvid, mis on loodud n\u00f5udlikele autoentusiastidele ja sportlike s\u00f5iduarmastajatele. Rehvi m\u00f5\u00f5tmed 255\/45R21 tagavad suurep\u00e4rase juhitavuse ja stabiilsuse ka k\u00f5ige n\u00f5udlikumates s\u00f5idutingimustes. Tipptasemel insenertehnika ja innovatiivne disain v\u00f5imaldavad saavutada maksimaalse haarduvuse nii kuivalt kui ka m\u00e4rjal teel, pakkudes seel\u00e4bi turvalist ja kindlat s\u00f5itu kiirete kurvide [&hellip;]<\/p>\n","protected":false},"featured_media":122105,"template":"","meta":{"site-sidebar-layout":"default","site-content-layout":"","ast-site-content-layout":"","site-content-style":"default","site-sidebar-style":"default","ast-global-header-display":"","ast-banner-title-visibility":"","ast-main-header-display":"","ast-hfb-above-header-display":"","ast-hfb-below-header-display":"","ast-hfb-mobile-header-display":"","site-post-title":"","ast-breadcrumbs-content":"","ast-featured-img":"","footer-sml-layout":"","theme-transparent-header-meta":"","adv-header-id-meta":"","stick-header-meta":"","header-above-stick-meta":"","header-main-stick-meta":"","header-below-stick-meta":"","astra-migrate-meta-layouts":"default","ast-page-background-enabled":"default","ast-page-background-meta":{"desktop":{"background-color":"","background-image":"","background-repeat":"repeat","background-position":"center center","background-size":"auto","background-attachment":"scroll","background-type":"","background-media":"","overlay-type":"","overlay-color":"","overlay-opacity":"","overlay-gradient":""},"tablet":{"background-color":"","background-image":"","background-repeat":"repeat","background-position":"center center","background-size":"auto","background-attachment":"scroll","background-type":"","background-media":"","overlay-type":"","overlay-color":"","overlay-opacity":"","overlay-gradient":""},"mobile":{"background-color":"","background-image":"","background-repeat":"repeat","background-position":"center center","background-size":"auto","background-attachment":"scroll","background-type":"","background-media":"","overlay-type":"","overlay-color":"","overlay-opacity":"","overlay-gradient":""}},"ast-content-background-meta":{"desktop":{"background-color":"var(--ast-global-color-5)","background-image":"","background-repeat":"repeat","background-position":"center center","background-size":"auto","background-attachment":"scroll","background-type":"","background-media":"","overlay-type":"","overlay-color":"","overlay-opacity":"","overlay-gradient":""},"tablet":{"background-color":"var(--ast-global-color-5)","background-image":"","background-repeat":"repeat","background-position":"center center","background-size":"auto","background-attachment":"scroll","background-type":"","background-media":"","overlay-type":"","overlay-color":"","overlay-opacity":"","overlay-gradient":""},"mobile":{"background-color":"var(--ast-global-color-5)","background-image":"","background-repeat":"repeat","background-position":"center center","background-size":"auto","background-attachment":"scroll","background-type":"","background-media":"","overlay-type":"","overlay-color":"","overlay-opacity":"","overlay-gradient":""}}},"product_brand":[],"product_cat":[34225],"product_tag":[],"pa_brand_name":[17329],"class_list":{"0":"post-120850","1":"product","2":"type-product","3":"status-publish","4":"has-post-thumbnail","6":"product_cat-summer-tires-pv","7":"pa_brand_name-pirelli","8":"desktop-align-left","9":"tablet-align-left","10":"mobile-align-left","12":"first","13":"instock","14":"taxable","15":"shipping-taxable","16":"purchasable","17":"product-type-simple"},"_links":{"self":[{"href":"https:\/\/shop.rettum.ee\/en\/wp-json\/wp\/v2\/product\/120850","targetHints":{"allow":["GET"]}}],"collection":[{"href":"https:\/\/shop.rettum.ee\/en\/wp-json\/wp\/v2\/product"}],"about":[{"href":"https:\/\/shop.rettum.ee\/en\/wp-json\/wp\/v2\/types\/product"}],"version-history":[{"count":1,"href":"https:\/\/shop.rettum.ee\/en\/wp-json\/wp\/v2\/product\/120850\/revisions"}],"predecessor-version":[{"id":125703,"href":"https:\/\/shop.rettum.ee\/en\/wp-json\/wp\/v2\/product\/120850\/revisions\/125703"}],"wp:featuredmedia":[{"embeddable":true,"href":"https:\/\/shop.rettum.ee\/en\/wp-json\/wp\/v2\/media\/122105"}],"wp:attachment":[{"href":"https:\/\/shop.rettum.ee\/en\/wp-json\/wp\/v2\/media?parent=120850"}],"wp:term":[{"taxonomy":"product_brand","embeddable":true,"href":"https:\/\/shop.rettum.ee\/en\/wp-json\/wp\/v2\/product_brand?post=120850"},{"taxonomy":"product_cat","embeddable":true,"href":"https:\/\/shop.rettum.ee\/en\/wp-json\/wp\/v2\/product_cat?post=120850"},{"taxonomy":"product_tag","embeddable":true,"href":"https:\/\/shop.rettum.ee\/en\/wp-json\/wp\/v2\/product_tag?post=120850"},{"taxonomy":"pa_brand_name","embeddable":true,"href":"https:\/\/shop.rettum.ee\/en\/wp-json\/wp\/v2\/pa_brand_name?post=120850"}],"curies":[{"name":"wp","href":"https:\/\/api.w.org\/{rel}","templated":true}]}}