{"id":120852,"date":"2025-03-31T03:07:08","date_gmt":"2025-03-31T00:07:08","guid":{"rendered":"https:\/\/shop.rettum.ee\/toode\/265-45r21-goodyear-eagle-f1-asymmetric-6-108y-xl-fp-bab71\/"},"modified":"2026-03-27T02:47:15","modified_gmt":"2026-03-27T00:47:15","slug":"265-45r21-goodyear-eagle-f1-asymmetric-6-108y-xl-fp-bab71","status":"publish","type":"product","link":"https:\/\/shop.rettum.ee\/en\/product\/265-45r21-goodyear-eagle-f1-asymmetric-6-108y-xl-fp-bab71\/","title":{"rendered":"265\/45R21 GOODYEAR EAGLE F1 ASYMMETRIC 6 108Y XL FP BAB71"},"content":{"rendered":"<p>265\/45R21 GOODYEAR EAGLE F1 ASYMMETRIC 6 on k\u00f5rgetasemeline rehvid, mis on loodud maksimaalseks s\u00f5idunaudinguks ja turvalisuseks n\u00f5udlikes tingimustes. T\u00e4nu kaasaegsele as\u00fcmmeetrilisele mustrile tagab see rehv suurep\u00e4rase teepidamise nii kuival kui ka niisel pinnal, pakkudes stabiilsust ja t\u00e4pset reageerimist igas s\u00f5idutingimuses. XL-t\u00e4his lisab rehvile t\u00e4iendava koormusv\u00f5ime, kindlustades optimaalse j\u00f5udluse ka raskemates olukordades.  <\/p>\n<p>Rehvi 265 mm laius ja 45% k\u00fclgpaneeli k\u00f5rgus annavad kaasaegse disaini, milles r\u00f5hutub nii esteetika kui ka funktsionaalsus. 21-tolline keermestav dimensioon v\u00f5imaldab montida suuremat velgim\u00f5\u00f5tu, mis omakorda parandab s\u00f5idumugavust ja man\u00f6\u00f6verdamisv\u00f5imet. 108Y kiirusindeks n\u00e4itab, et see rehv talub k\u00f5rgeid p\u00f6\u00f6rded ja pakub usaldusv\u00e4\u00e4rset juhitavust isegi suure kiirusega s\u00f5ites.  <\/p>\n<p>GOODYEAR EAGLE F1 ASYMMETRIC 6 on ideaalne valik autot\u00f6\u00f6stuse n\u00f5udlikumatele juhtidele, kes hindavad kvaliteeti, ohutust ja sportlikku s\u00f5idukogemust. See rehv \u00fchendab tipptasemel tehnoloogia ja elegantse disaini, tagades finaalse s\u00f5idu igal teek\u00e4igul.<\/p>","protected":false},"excerpt":{"rendered":"<p>265\/45R21 GOODYEAR EAGLE F1 ASYMMETRIC 6 on k\u00f5rgetasemeline rehvid, mis on loodud maksimaalseks s\u00f5idunaudinguks ja turvalisuseks n\u00f5udlikes tingimustes. T\u00e4nu kaasaegsele as\u00fcmmeetrilisele mustrile tagab see rehv suurep\u00e4rase teepidamise nii kuival kui ka niisel pinnal, pakkudes stabiilsust ja t\u00e4pset reageerimist igas s\u00f5idutingimuses. XL-t\u00e4his lisab rehvile t\u00e4iendava koormusv\u00f5ime, kindlustades optimaalse j\u00f5udluse ka raskemates olukordades. Rehvi 265 mm laius [&hellip;]<\/p>\n","protected":false},"featured_media":122075,"template":"","meta":{"site-sidebar-layout":"default","site-content-layout":"","ast-site-content-layout":"","site-content-style":"default","site-sidebar-style":"default","ast-global-header-display":"","ast-banner-title-visibility":"","ast-main-header-display":"","ast-hfb-above-header-display":"","ast-hfb-below-header-display":"","ast-hfb-mobile-header-display":"","site-post-title":"","ast-breadcrumbs-content":"","ast-featured-img":"","footer-sml-layout":"","theme-transparent-header-meta":"","adv-header-id-meta":"","stick-header-meta":"","header-above-stick-meta":"","header-main-stick-meta":"","header-below-stick-meta":"","astra-migrate-meta-layouts":"default","ast-page-background-enabled":"default","ast-page-background-meta":{"desktop":{"background-color":"","background-image":"","background-repeat":"repeat","background-position":"center center","background-size":"auto","background-attachment":"scroll","background-type":"","background-media":"","overlay-type":"","overlay-color":"","overlay-opacity":"","overlay-gradient":""},"tablet":{"background-color":"","background-image":"","background-repeat":"repeat","background-position":"center center","background-size":"auto","background-attachment":"scroll","background-type":"","background-media":"","overlay-type":"","overlay-color":"","overlay-opacity":"","overlay-gradient":""},"mobile":{"background-color":"","background-image":"","background-repeat":"repeat","background-position":"center center","background-size":"auto","background-attachment":"scroll","background-type":"","background-media":"","overlay-type":"","overlay-color":"","overlay-opacity":"","overlay-gradient":""}},"ast-content-background-meta":{"desktop":{"background-color":"var(--ast-global-color-5)","background-image":"","background-repeat":"repeat","background-position":"center center","background-size":"auto","background-attachment":"scroll","background-type":"","background-media":"","overlay-type":"","overlay-color":"","overlay-opacity":"","overlay-gradient":""},"tablet":{"background-color":"var(--ast-global-color-5)","background-image":"","background-repeat":"repeat","background-position":"center center","background-size":"auto","background-attachment":"scroll","background-type":"","background-media":"","overlay-type":"","overlay-color":"","overlay-opacity":"","overlay-gradient":""},"mobile":{"background-color":"var(--ast-global-color-5)","background-image":"","background-repeat":"repeat","background-position":"center center","background-size":"auto","background-attachment":"scroll","background-type":"","background-media":"","overlay-type":"","overlay-color":"","overlay-opacity":"","overlay-gradient":""}}},"product_brand":[],"product_cat":[34225],"product_tag":[],"pa_brand_name":[17979],"class_list":{"0":"post-120852","1":"product","2":"type-product","3":"status-publish","4":"has-post-thumbnail","6":"product_cat-summer-tires-pv","7":"pa_brand_name-goodyear","8":"desktop-align-left","9":"tablet-align-left","10":"mobile-align-left","12":"first","13":"instock","14":"taxable","15":"shipping-taxable","16":"purchasable","17":"product-type-simple"},"_links":{"self":[{"href":"https:\/\/shop.rettum.ee\/en\/wp-json\/wp\/v2\/product\/120852","targetHints":{"allow":["GET"]}}],"collection":[{"href":"https:\/\/shop.rettum.ee\/en\/wp-json\/wp\/v2\/product"}],"about":[{"href":"https:\/\/shop.rettum.ee\/en\/wp-json\/wp\/v2\/types\/product"}],"version-history":[{"count":1,"href":"https:\/\/shop.rettum.ee\/en\/wp-json\/wp\/v2\/product\/120852\/revisions"}],"predecessor-version":[{"id":125702,"href":"https:\/\/shop.rettum.ee\/en\/wp-json\/wp\/v2\/product\/120852\/revisions\/125702"}],"wp:featuredmedia":[{"embeddable":true,"href":"https:\/\/shop.rettum.ee\/en\/wp-json\/wp\/v2\/media\/122075"}],"wp:attachment":[{"href":"https:\/\/shop.rettum.ee\/en\/wp-json\/wp\/v2\/media?parent=120852"}],"wp:term":[{"taxonomy":"product_brand","embeddable":true,"href":"https:\/\/shop.rettum.ee\/en\/wp-json\/wp\/v2\/product_brand?post=120852"},{"taxonomy":"product_cat","embeddable":true,"href":"https:\/\/shop.rettum.ee\/en\/wp-json\/wp\/v2\/product_cat?post=120852"},{"taxonomy":"product_tag","embeddable":true,"href":"https:\/\/shop.rettum.ee\/en\/wp-json\/wp\/v2\/product_tag?post=120852"},{"taxonomy":"pa_brand_name","embeddable":true,"href":"https:\/\/shop.rettum.ee\/en\/wp-json\/wp\/v2\/pa_brand_name?post=120852"}],"curies":[{"name":"wp","href":"https:\/\/api.w.org\/{rel}","templated":true}]}}