{"id":120855,"date":"2025-03-31T03:07:10","date_gmt":"2025-03-31T00:07:10","guid":{"rendered":"https:\/\/shop.rettum.ee\/toode\/295-35r21-goodyear-eagle-f1-asymmetric-6-107y-xl-fp\/"},"modified":"2026-03-22T03:06:18","modified_gmt":"2026-03-22T01:06:18","slug":"295-35r21-goodyear-eagle-f1-asymmetric-6-107y-xl-fp","status":"publish","type":"product","link":"https:\/\/shop.rettum.ee\/en\/product\/295-35r21-goodyear-eagle-f1-asymmetric-6-107y-xl-fp\/","title":{"rendered":"295\/35R21 GOODYEAR EAGLE F1 ASYMMETRIC 6 107Y XL FP"},"content":{"rendered":"<p>295\/35R21 GOODYEAR EAGLE F1 ASYMMETRIC 6 107Y XL FP on k\u00f5rgtasemeline suletu rehv, mis on loodud pakkuma erakordset s\u00f5idukontrolli ja turvalisust nii kuivadel kui ka m\u00e4rgadel teedel. Rehvi m\u00f5\u00f5tmed \u2013 295 mm laius ja madal profiil \u2013 annavad s\u00f5idukile sportliku ilme ning v\u00f5imaldavad saavutada t\u00e4pse ja kiire reageerimisv\u00f5ime ka \u00e4\u00e4rmuslikes kiirusoludes. <\/p>\n<p>107Y s\u00fcmboliseerib selle erakordset j\u00f5udlust ning XL-variant tagab t\u00e4iendava koormustaluvuse, mis teeb rehvi ideaalseks n\u00f5udlikele juhtidele ja sportlikele s\u00f5idukitele. As\u00fcmmeetriline l\u00f6\u00f6kpind on hoolikalt disainitud, et maksimeerida veoj\u00f5udu ja stabiilsust, pakkudes suurep\u00e4rast haarduvust ning kindlat pidamist ka kiiresti muutuvates ilmastikutingimustes.<\/p>\n<p>Goodyear on \u00fclemaailmselt tuntud oma innovaatiliste tehnoloogiate poolest, mist\u00f5ttu on see rehv ka k\u00fctuses\u00e4\u00e4stlik, v\u00e4hendades madala veeretakistusega s\u00f5idu ajal energiakulu. Valides GOODYEAR EAGLE F1 ASYMMETRIC 6, panustate ohutusse ja maksimaalsesse s\u00f5idunautsusse \u2013 ideaalne lahendus neile, kes hindavad sportlikku v\u00e4limust, tipptasemel j\u00f5udlust ning usaldusv\u00e4\u00e4rsust igas olukorras.<\/p>","protected":false},"excerpt":{"rendered":"<p>295\/35R21 GOODYEAR EAGLE F1 ASYMMETRIC 6 107Y XL FP on k\u00f5rgtasemeline suletu rehv, mis on loodud pakkuma erakordset s\u00f5idukontrolli ja turvalisust nii kuivadel kui ka m\u00e4rgadel teedel. Rehvi m\u00f5\u00f5tmed \u2013 295 mm laius ja madal profiil \u2013 annavad s\u00f5idukile sportliku ilme ning v\u00f5imaldavad saavutada t\u00e4pse ja kiire reageerimisv\u00f5ime ka \u00e4\u00e4rmuslikes kiirusoludes. 107Y s\u00fcmboliseerib selle erakordset [&hellip;]<\/p>\n","protected":false},"featured_media":122075,"template":"","meta":{"site-sidebar-layout":"default","site-content-layout":"","ast-site-content-layout":"","site-content-style":"default","site-sidebar-style":"default","ast-global-header-display":"","ast-banner-title-visibility":"","ast-main-header-display":"","ast-hfb-above-header-display":"","ast-hfb-below-header-display":"","ast-hfb-mobile-header-display":"","site-post-title":"","ast-breadcrumbs-content":"","ast-featured-img":"","footer-sml-layout":"","theme-transparent-header-meta":"","adv-header-id-meta":"","stick-header-meta":"","header-above-stick-meta":"","header-main-stick-meta":"","header-below-stick-meta":"","astra-migrate-meta-layouts":"default","ast-page-background-enabled":"default","ast-page-background-meta":{"desktop":{"background-color":"","background-image":"","background-repeat":"repeat","background-position":"center center","background-size":"auto","background-attachment":"scroll","background-type":"","background-media":"","overlay-type":"","overlay-color":"","overlay-opacity":"","overlay-gradient":""},"tablet":{"background-color":"","background-image":"","background-repeat":"repeat","background-position":"center center","background-size":"auto","background-attachment":"scroll","background-type":"","background-media":"","overlay-type":"","overlay-color":"","overlay-opacity":"","overlay-gradient":""},"mobile":{"background-color":"","background-image":"","background-repeat":"repeat","background-position":"center center","background-size":"auto","background-attachment":"scroll","background-type":"","background-media":"","overlay-type":"","overlay-color":"","overlay-opacity":"","overlay-gradient":""}},"ast-content-background-meta":{"desktop":{"background-color":"var(--ast-global-color-5)","background-image":"","background-repeat":"repeat","background-position":"center center","background-size":"auto","background-attachment":"scroll","background-type":"","background-media":"","overlay-type":"","overlay-color":"","overlay-opacity":"","overlay-gradient":""},"tablet":{"background-color":"var(--ast-global-color-5)","background-image":"","background-repeat":"repeat","background-position":"center center","background-size":"auto","background-attachment":"scroll","background-type":"","background-media":"","overlay-type":"","overlay-color":"","overlay-opacity":"","overlay-gradient":""},"mobile":{"background-color":"var(--ast-global-color-5)","background-image":"","background-repeat":"repeat","background-position":"center center","background-size":"auto","background-attachment":"scroll","background-type":"","background-media":"","overlay-type":"","overlay-color":"","overlay-opacity":"","overlay-gradient":""}}},"product_brand":[],"product_cat":[34225],"product_tag":[],"pa_brand_name":[17979],"class_list":{"0":"post-120855","1":"product","2":"type-product","3":"status-publish","4":"has-post-thumbnail","6":"product_cat-summer-tires-pv","7":"pa_brand_name-goodyear","8":"desktop-align-left","9":"tablet-align-left","10":"mobile-align-left","12":"first","13":"outofstock","14":"taxable","15":"shipping-taxable","16":"purchasable","17":"product-type-simple"},"_links":{"self":[{"href":"https:\/\/shop.rettum.ee\/en\/wp-json\/wp\/v2\/product\/120855","targetHints":{"allow":["GET"]}}],"collection":[{"href":"https:\/\/shop.rettum.ee\/en\/wp-json\/wp\/v2\/product"}],"about":[{"href":"https:\/\/shop.rettum.ee\/en\/wp-json\/wp\/v2\/types\/product"}],"version-history":[{"count":1,"href":"https:\/\/shop.rettum.ee\/en\/wp-json\/wp\/v2\/product\/120855\/revisions"}],"predecessor-version":[{"id":125700,"href":"https:\/\/shop.rettum.ee\/en\/wp-json\/wp\/v2\/product\/120855\/revisions\/125700"}],"wp:featuredmedia":[{"embeddable":true,"href":"https:\/\/shop.rettum.ee\/en\/wp-json\/wp\/v2\/media\/122075"}],"wp:attachment":[{"href":"https:\/\/shop.rettum.ee\/en\/wp-json\/wp\/v2\/media?parent=120855"}],"wp:term":[{"taxonomy":"product_brand","embeddable":true,"href":"https:\/\/shop.rettum.ee\/en\/wp-json\/wp\/v2\/product_brand?post=120855"},{"taxonomy":"product_cat","embeddable":true,"href":"https:\/\/shop.rettum.ee\/en\/wp-json\/wp\/v2\/product_cat?post=120855"},{"taxonomy":"product_tag","embeddable":true,"href":"https:\/\/shop.rettum.ee\/en\/wp-json\/wp\/v2\/product_tag?post=120855"},{"taxonomy":"pa_brand_name","embeddable":true,"href":"https:\/\/shop.rettum.ee\/en\/wp-json\/wp\/v2\/pa_brand_name?post=120855"}],"curies":[{"name":"wp","href":"https:\/\/api.w.org\/{rel}","templated":true}]}}