{"id":120856,"date":"2025-03-31T03:07:11","date_gmt":"2025-03-31T00:07:11","guid":{"rendered":"https:\/\/shop.rettum.ee\/toode\/315-35r21-goodyear-eagle-f1-asymmetric-6-111y-xl-fp-baa72\/"},"modified":"2026-03-22T03:06:18","modified_gmt":"2026-03-22T01:06:18","slug":"315-35r21-goodyear-eagle-f1-asymmetric-6-111y-xl-fp-baa72","status":"publish","type":"product","link":"https:\/\/shop.rettum.ee\/en\/product\/315-35r21-goodyear-eagle-f1-asymmetric-6-111y-xl-fp-baa72\/","title":{"rendered":"315\/35R21 GOODYEAR EAGLE F1 ASYMMETRIC 6 111Y XL FP BAA72"},"content":{"rendered":"<p>Goodyear Eagle F1 Asymmetric 6 on tippkvaliteediga spordirehvid, mis pakuvad erakordset stabiilsust ja t\u00e4pset juhitavust nii kuival kui m\u00e4rjal teel. Rehvi m\u00f5\u00f5tmed 315\/35R21 tagavad avara kontaktala ning optimaalse haarduvuse, v\u00f5imaldades kiireid ja ohutuid kurvide v\u00f5tmisi. As\u00fcmmeetriline laga disain v\u00e4hendab veeretakistust ja parandab n\u00f5udlikus s\u00f5idus vajadusel pidurdust\u00f5husust.<\/p>\n<p>XL ja 111Y koormusindeks tagavad, et rehvid suudavad taluda suuremat koormust ning s\u00e4ilitada oma j\u00f5udluse ka n\u00f5udlikes s\u00f5iduoludes. Goodyear Eagle F1 Asymmetric 6 on loodud neile, kes ootavad oma autolt parimat s\u00f5idukogemust \u2013 suurep\u00e4rane valik nii tihedal kiirusel kui ka pidevalt muutuvates teeoludes.<\/p>\n<p>Uuenduslik tehnoloogia ja kvaliteetsed materjalid loovad usaldusv\u00e4\u00e4rse, vastupidava ja turvalise rehvikeskkonna. T\u00e4iendades oma s\u00f5idukogemust pealeej\u00e4etud disaini ja k\u00f5rge ohutustaseme, v\u00f5imaldab see rehv autohuvilistel nautida maksimaalset j\u00f5udlust igal teekonnal. Valige Goodyear ja s\u00f5itke enesekindlalt oma seiklusi!<\/p>","protected":false},"excerpt":{"rendered":"<p>Goodyear Eagle F1 Asymmetric 6 on tippkvaliteediga spordirehvid, mis pakuvad erakordset stabiilsust ja t\u00e4pset juhitavust nii kuival kui m\u00e4rjal teel. Rehvi m\u00f5\u00f5tmed 315\/35R21 tagavad avara kontaktala ning optimaalse haarduvuse, v\u00f5imaldades kiireid ja ohutuid kurvide v\u00f5tmisi. As\u00fcmmeetriline laga disain v\u00e4hendab veeretakistust ja parandab n\u00f5udlikus s\u00f5idus vajadusel pidurdust\u00f5husust. XL ja 111Y koormusindeks tagavad, et rehvid suudavad taluda [&hellip;]<\/p>\n","protected":false},"featured_media":122075,"template":"","meta":{"site-sidebar-layout":"default","site-content-layout":"","ast-site-content-layout":"","site-content-style":"default","site-sidebar-style":"default","ast-global-header-display":"","ast-banner-title-visibility":"","ast-main-header-display":"","ast-hfb-above-header-display":"","ast-hfb-below-header-display":"","ast-hfb-mobile-header-display":"","site-post-title":"","ast-breadcrumbs-content":"","ast-featured-img":"","footer-sml-layout":"","theme-transparent-header-meta":"","adv-header-id-meta":"","stick-header-meta":"","header-above-stick-meta":"","header-main-stick-meta":"","header-below-stick-meta":"","astra-migrate-meta-layouts":"default","ast-page-background-enabled":"default","ast-page-background-meta":{"desktop":{"background-color":"","background-image":"","background-repeat":"repeat","background-position":"center center","background-size":"auto","background-attachment":"scroll","background-type":"","background-media":"","overlay-type":"","overlay-color":"","overlay-opacity":"","overlay-gradient":""},"tablet":{"background-color":"","background-image":"","background-repeat":"repeat","background-position":"center center","background-size":"auto","background-attachment":"scroll","background-type":"","background-media":"","overlay-type":"","overlay-color":"","overlay-opacity":"","overlay-gradient":""},"mobile":{"background-color":"","background-image":"","background-repeat":"repeat","background-position":"center center","background-size":"auto","background-attachment":"scroll","background-type":"","background-media":"","overlay-type":"","overlay-color":"","overlay-opacity":"","overlay-gradient":""}},"ast-content-background-meta":{"desktop":{"background-color":"var(--ast-global-color-5)","background-image":"","background-repeat":"repeat","background-position":"center center","background-size":"auto","background-attachment":"scroll","background-type":"","background-media":"","overlay-type":"","overlay-color":"","overlay-opacity":"","overlay-gradient":""},"tablet":{"background-color":"var(--ast-global-color-5)","background-image":"","background-repeat":"repeat","background-position":"center center","background-size":"auto","background-attachment":"scroll","background-type":"","background-media":"","overlay-type":"","overlay-color":"","overlay-opacity":"","overlay-gradient":""},"mobile":{"background-color":"var(--ast-global-color-5)","background-image":"","background-repeat":"repeat","background-position":"center center","background-size":"auto","background-attachment":"scroll","background-type":"","background-media":"","overlay-type":"","overlay-color":"","overlay-opacity":"","overlay-gradient":""}}},"product_brand":[],"product_cat":[34225],"product_tag":[],"pa_brand_name":[17979],"class_list":{"0":"post-120856","1":"product","2":"type-product","3":"status-publish","4":"has-post-thumbnail","6":"product_cat-summer-tires-pv","7":"pa_brand_name-goodyear","8":"desktop-align-left","9":"tablet-align-left","10":"mobile-align-left","12":"first","13":"outofstock","14":"taxable","15":"shipping-taxable","16":"purchasable","17":"product-type-simple"},"_links":{"self":[{"href":"https:\/\/shop.rettum.ee\/en\/wp-json\/wp\/v2\/product\/120856","targetHints":{"allow":["GET"]}}],"collection":[{"href":"https:\/\/shop.rettum.ee\/en\/wp-json\/wp\/v2\/product"}],"about":[{"href":"https:\/\/shop.rettum.ee\/en\/wp-json\/wp\/v2\/types\/product"}],"version-history":[{"count":1,"href":"https:\/\/shop.rettum.ee\/en\/wp-json\/wp\/v2\/product\/120856\/revisions"}],"predecessor-version":[{"id":125699,"href":"https:\/\/shop.rettum.ee\/en\/wp-json\/wp\/v2\/product\/120856\/revisions\/125699"}],"wp:featuredmedia":[{"embeddable":true,"href":"https:\/\/shop.rettum.ee\/en\/wp-json\/wp\/v2\/media\/122075"}],"wp:attachment":[{"href":"https:\/\/shop.rettum.ee\/en\/wp-json\/wp\/v2\/media?parent=120856"}],"wp:term":[{"taxonomy":"product_brand","embeddable":true,"href":"https:\/\/shop.rettum.ee\/en\/wp-json\/wp\/v2\/product_brand?post=120856"},{"taxonomy":"product_cat","embeddable":true,"href":"https:\/\/shop.rettum.ee\/en\/wp-json\/wp\/v2\/product_cat?post=120856"},{"taxonomy":"product_tag","embeddable":true,"href":"https:\/\/shop.rettum.ee\/en\/wp-json\/wp\/v2\/product_tag?post=120856"},{"taxonomy":"pa_brand_name","embeddable":true,"href":"https:\/\/shop.rettum.ee\/en\/wp-json\/wp\/v2\/pa_brand_name?post=120856"}],"curies":[{"name":"wp","href":"https:\/\/api.w.org\/{rel}","templated":true}]}}