{"id":120857,"date":"2025-03-31T03:07:12","date_gmt":"2025-03-31T00:07:12","guid":{"rendered":"https:\/\/shop.rettum.ee\/toode\/295-40r22-goodyear-eagle-f1-asymmetric-6-112y-xl-fp-baa71\/"},"modified":"2026-03-22T03:06:22","modified_gmt":"2026-03-22T01:06:22","slug":"295-40r22-goodyear-eagle-f1-asymmetric-6-112y-xl-fp-baa71","status":"publish","type":"product","link":"https:\/\/shop.rettum.ee\/en\/product\/295-40r22-goodyear-eagle-f1-asymmetric-6-112y-xl-fp-baa71\/","title":{"rendered":"295\/40R22 GOODYEAR EAGLE F1 ASYMMETRIC 6 112Y XL FP BAA71"},"content":{"rendered":"<p>295\/40R22 GOODYEAR Eagle F1 Asymmetric 6 112Y XL FP BAA71 on tipptasemel j\u00f5udlusrehv, mis on konstrueeritud spordiautode entusiastidele ja n\u00f5udlikule s\u00f5idustiilile. See rehviv\u00f5te tagab erakordse haarduvuse nii m\u00e4rjal kui ka kuivadel teedel, t\u00e4nu uuenduslikule as\u00fcmmeetrilisele mustrile, mis optimeerib kontaktpinda ning suudab pakkuda maksimaalset stabiilsust ja reageerimisv\u00f5imet. XL-klass ning 112Y kiirusindeks t\u00e4hendab, et rehv vastab k\u00f5rge koormuse ja suure kiirusega s\u00f5idu n\u00f5udmistele, v\u00f5imaldades turvalist ja kindlat s\u00f5idukogemust ka ekstreemsetes tingimustes. Goodyear on tuntud oma kvaliteedi ja innovatsiooni poolest ning see mudel ei ole erand, olles ideaalne valik neile, kes hindavad sportlikku sooritust, t\u00e4psust ja s\u00f5idur\u00f5\u00f5mu. Investiatsioon sellesse rehvisse tagab mitte ainult esmaklassilise juhitavuse, vaid ka pikaajalise usaldusv\u00e4\u00e4rsuse ja ohutuse.<\/p>","protected":false},"excerpt":{"rendered":"<p>295\/40R22 GOODYEAR Eagle F1 Asymmetric 6 112Y XL FP BAA71 on tipptasemel j\u00f5udlusrehv, mis on konstrueeritud spordiautode entusiastidele ja n\u00f5udlikule s\u00f5idustiilile. See rehviv\u00f5te tagab erakordse haarduvuse nii m\u00e4rjal kui ka kuivadel teedel, t\u00e4nu uuenduslikule as\u00fcmmeetrilisele mustrile, mis optimeerib kontaktpinda ning suudab pakkuda maksimaalset stabiilsust ja reageerimisv\u00f5imet. XL-klass ning 112Y kiirusindeks t\u00e4hendab, et rehv vastab k\u00f5rge [&hellip;]<\/p>\n","protected":false},"featured_media":122075,"template":"","meta":{"site-sidebar-layout":"default","site-content-layout":"","ast-site-content-layout":"","site-content-style":"default","site-sidebar-style":"default","ast-global-header-display":"","ast-banner-title-visibility":"","ast-main-header-display":"","ast-hfb-above-header-display":"","ast-hfb-below-header-display":"","ast-hfb-mobile-header-display":"","site-post-title":"","ast-breadcrumbs-content":"","ast-featured-img":"","footer-sml-layout":"","theme-transparent-header-meta":"","adv-header-id-meta":"","stick-header-meta":"","header-above-stick-meta":"","header-main-stick-meta":"","header-below-stick-meta":"","astra-migrate-meta-layouts":"default","ast-page-background-enabled":"default","ast-page-background-meta":{"desktop":{"background-color":"","background-image":"","background-repeat":"repeat","background-position":"center center","background-size":"auto","background-attachment":"scroll","background-type":"","background-media":"","overlay-type":"","overlay-color":"","overlay-opacity":"","overlay-gradient":""},"tablet":{"background-color":"","background-image":"","background-repeat":"repeat","background-position":"center center","background-size":"auto","background-attachment":"scroll","background-type":"","background-media":"","overlay-type":"","overlay-color":"","overlay-opacity":"","overlay-gradient":""},"mobile":{"background-color":"","background-image":"","background-repeat":"repeat","background-position":"center center","background-size":"auto","background-attachment":"scroll","background-type":"","background-media":"","overlay-type":"","overlay-color":"","overlay-opacity":"","overlay-gradient":""}},"ast-content-background-meta":{"desktop":{"background-color":"var(--ast-global-color-5)","background-image":"","background-repeat":"repeat","background-position":"center center","background-size":"auto","background-attachment":"scroll","background-type":"","background-media":"","overlay-type":"","overlay-color":"","overlay-opacity":"","overlay-gradient":""},"tablet":{"background-color":"var(--ast-global-color-5)","background-image":"","background-repeat":"repeat","background-position":"center center","background-size":"auto","background-attachment":"scroll","background-type":"","background-media":"","overlay-type":"","overlay-color":"","overlay-opacity":"","overlay-gradient":""},"mobile":{"background-color":"var(--ast-global-color-5)","background-image":"","background-repeat":"repeat","background-position":"center center","background-size":"auto","background-attachment":"scroll","background-type":"","background-media":"","overlay-type":"","overlay-color":"","overlay-opacity":"","overlay-gradient":""}}},"product_brand":[],"product_cat":[34225],"product_tag":[],"pa_brand_name":[17979],"class_list":{"0":"post-120857","1":"product","2":"type-product","3":"status-publish","4":"has-post-thumbnail","6":"product_cat-summer-tires-pv","7":"pa_brand_name-goodyear","8":"desktop-align-left","9":"tablet-align-left","10":"mobile-align-left","12":"first","13":"outofstock","14":"taxable","15":"shipping-taxable","16":"purchasable","17":"product-type-simple"},"_links":{"self":[{"href":"https:\/\/shop.rettum.ee\/en\/wp-json\/wp\/v2\/product\/120857","targetHints":{"allow":["GET"]}}],"collection":[{"href":"https:\/\/shop.rettum.ee\/en\/wp-json\/wp\/v2\/product"}],"about":[{"href":"https:\/\/shop.rettum.ee\/en\/wp-json\/wp\/v2\/types\/product"}],"version-history":[{"count":1,"href":"https:\/\/shop.rettum.ee\/en\/wp-json\/wp\/v2\/product\/120857\/revisions"}],"predecessor-version":[{"id":125698,"href":"https:\/\/shop.rettum.ee\/en\/wp-json\/wp\/v2\/product\/120857\/revisions\/125698"}],"wp:featuredmedia":[{"embeddable":true,"href":"https:\/\/shop.rettum.ee\/en\/wp-json\/wp\/v2\/media\/122075"}],"wp:attachment":[{"href":"https:\/\/shop.rettum.ee\/en\/wp-json\/wp\/v2\/media?parent=120857"}],"wp:term":[{"taxonomy":"product_brand","embeddable":true,"href":"https:\/\/shop.rettum.ee\/en\/wp-json\/wp\/v2\/product_brand?post=120857"},{"taxonomy":"product_cat","embeddable":true,"href":"https:\/\/shop.rettum.ee\/en\/wp-json\/wp\/v2\/product_cat?post=120857"},{"taxonomy":"product_tag","embeddable":true,"href":"https:\/\/shop.rettum.ee\/en\/wp-json\/wp\/v2\/product_tag?post=120857"},{"taxonomy":"pa_brand_name","embeddable":true,"href":"https:\/\/shop.rettum.ee\/en\/wp-json\/wp\/v2\/pa_brand_name?post=120857"}],"curies":[{"name":"wp","href":"https:\/\/api.w.org\/{rel}","templated":true}]}}