{"id":120867,"date":"2025-03-31T03:07:19","date_gmt":"2025-03-31T00:07:19","guid":{"rendered":"https:\/\/shop.rettum.ee\/toode\/225-55r17c-dunlop-econodrive-109-107h-bbb72\/"},"modified":"2025-12-31T02:45:34","modified_gmt":"2025-12-31T00:45:34","slug":"225-55r17c-dunlop-econodrive-109-107h-bbb72","status":"publish","type":"product","link":"https:\/\/shop.rettum.ee\/en\/product\/225-55r17c-dunlop-econodrive-109-107h-bbb72\/","title":{"rendered":"225\/55R17C DUNLOP ECONODRIVE 109\/107H BBB72"},"content":{"rendered":"<p>Tutvustame DUNLOP ECONODRIVE 225\/55R17C rehvi \u2013 usaldusv\u00e4\u00e4rset ja k\u00fctuses\u00e4\u00e4stlikku valikut nii kommerts- kui ka eraautodele. Rehvi m\u00f5\u00f5tmed 225\/55R17C tagavad optimaalse sobivuse ja stabiilsed s\u00f5iduomadused igal teekattel. DUNLOP ECONODRIVE on konstrueeritud pakkuma madalat veeretakistust, mis aitab v\u00e4hendada k\u00fctusekulu ning annab lisaks suurep\u00e4rase j\u00f5udluse ka ohutu s\u00f5idukogemuse.<\/p>\n<p>Rehvi load indeksid 109\/107 ja kiirusklass H kinnitavad selle v\u00f5imet taluda ka suuremat koormust ning tagada kindel s\u00f5iduomadus ka k\u00f5rgematel kiirustel. T\u00e4pselt kujundatud muster v\u00f5imaldab t\u00f5husat reovee \u00e4ravoolu, v\u00e4hendades aquaplaning&#8217;i riski ning pakkudes suurep\u00e4rast haarduvust niisketel juhtudel.<\/p>\n<p>DUNLOP br\u00e4ndi tuntud kvaliteet ja innovatiivne tehnoloogia teevad sellest rehvi ideaalseks valikuks neile, kes hindavad vastupidavust, ohutust ja k\u00fctuseefektiivsust. Valides DUNLOP ECONODRIVE, investeerite s\u00f5idumugavusse ja turvalisusesse, mis kestab pikkade l\u00e4bis\u00f5itude jooksul.<\/p>","protected":false},"excerpt":{"rendered":"<p>Tutvustame DUNLOP ECONODRIVE 225\/55R17C rehvi \u2013 usaldusv\u00e4\u00e4rset ja k\u00fctuses\u00e4\u00e4stlikku valikut nii kommerts- kui ka eraautodele. Rehvi m\u00f5\u00f5tmed 225\/55R17C tagavad optimaalse sobivuse ja stabiilsed s\u00f5iduomadused igal teekattel. DUNLOP ECONODRIVE on konstrueeritud pakkuma madalat veeretakistust, mis aitab v\u00e4hendada k\u00fctusekulu ning annab lisaks suurep\u00e4rase j\u00f5udluse ka ohutu s\u00f5idukogemuse. Rehvi load indeksid 109\/107 ja kiirusklass H kinnitavad selle v\u00f5imet [&hellip;]<\/p>\n","protected":false},"featured_media":123209,"template":"","meta":{"site-sidebar-layout":"default","site-content-layout":"","ast-site-content-layout":"","site-content-style":"default","site-sidebar-style":"default","ast-global-header-display":"","ast-banner-title-visibility":"","ast-main-header-display":"","ast-hfb-above-header-display":"","ast-hfb-below-header-display":"","ast-hfb-mobile-header-display":"","site-post-title":"","ast-breadcrumbs-content":"","ast-featured-img":"","footer-sml-layout":"","theme-transparent-header-meta":"","adv-header-id-meta":"","stick-header-meta":"","header-above-stick-meta":"","header-main-stick-meta":"","header-below-stick-meta":"","astra-migrate-meta-layouts":"default","ast-page-background-enabled":"default","ast-page-background-meta":{"desktop":{"background-color":"","background-image":"","background-repeat":"repeat","background-position":"center center","background-size":"auto","background-attachment":"scroll","background-type":"","background-media":"","overlay-type":"","overlay-color":"","overlay-opacity":"","overlay-gradient":""},"tablet":{"background-color":"","background-image":"","background-repeat":"repeat","background-position":"center center","background-size":"auto","background-attachment":"scroll","background-type":"","background-media":"","overlay-type":"","overlay-color":"","overlay-opacity":"","overlay-gradient":""},"mobile":{"background-color":"","background-image":"","background-repeat":"repeat","background-position":"center center","background-size":"auto","background-attachment":"scroll","background-type":"","background-media":"","overlay-type":"","overlay-color":"","overlay-opacity":"","overlay-gradient":""}},"ast-content-background-meta":{"desktop":{"background-color":"var(--ast-global-color-5)","background-image":"","background-repeat":"repeat","background-position":"center center","background-size":"auto","background-attachment":"scroll","background-type":"","background-media":"","overlay-type":"","overlay-color":"","overlay-opacity":"","overlay-gradient":""},"tablet":{"background-color":"var(--ast-global-color-5)","background-image":"","background-repeat":"repeat","background-position":"center center","background-size":"auto","background-attachment":"scroll","background-type":"","background-media":"","overlay-type":"","overlay-color":"","overlay-opacity":"","overlay-gradient":""},"mobile":{"background-color":"var(--ast-global-color-5)","background-image":"","background-repeat":"repeat","background-position":"center center","background-size":"auto","background-attachment":"scroll","background-type":"","background-media":"","overlay-type":"","overlay-color":"","overlay-opacity":"","overlay-gradient":""}}},"product_brand":[],"product_cat":[34226],"product_tag":[],"pa_brand_name":[18236],"class_list":{"0":"post-120867","1":"product","2":"type-product","3":"status-publish","4":"has-post-thumbnail","6":"product_cat-summer-light-truck","7":"pa_brand_name-dunlop","8":"desktop-align-left","9":"tablet-align-left","10":"mobile-align-left","12":"first","13":"outofstock","14":"taxable","15":"shipping-taxable","16":"purchasable","17":"product-type-simple"},"_links":{"self":[{"href":"https:\/\/shop.rettum.ee\/en\/wp-json\/wp\/v2\/product\/120867","targetHints":{"allow":["GET"]}}],"collection":[{"href":"https:\/\/shop.rettum.ee\/en\/wp-json\/wp\/v2\/product"}],"about":[{"href":"https:\/\/shop.rettum.ee\/en\/wp-json\/wp\/v2\/types\/product"}],"version-history":[{"count":1,"href":"https:\/\/shop.rettum.ee\/en\/wp-json\/wp\/v2\/product\/120867\/revisions"}],"predecessor-version":[{"id":125692,"href":"https:\/\/shop.rettum.ee\/en\/wp-json\/wp\/v2\/product\/120867\/revisions\/125692"}],"wp:featuredmedia":[{"embeddable":true,"href":"https:\/\/shop.rettum.ee\/en\/wp-json\/wp\/v2\/media\/123209"}],"wp:attachment":[{"href":"https:\/\/shop.rettum.ee\/en\/wp-json\/wp\/v2\/media?parent=120867"}],"wp:term":[{"taxonomy":"product_brand","embeddable":true,"href":"https:\/\/shop.rettum.ee\/en\/wp-json\/wp\/v2\/product_brand?post=120867"},{"taxonomy":"product_cat","embeddable":true,"href":"https:\/\/shop.rettum.ee\/en\/wp-json\/wp\/v2\/product_cat?post=120867"},{"taxonomy":"product_tag","embeddable":true,"href":"https:\/\/shop.rettum.ee\/en\/wp-json\/wp\/v2\/product_tag?post=120867"},{"taxonomy":"pa_brand_name","embeddable":true,"href":"https:\/\/shop.rettum.ee\/en\/wp-json\/wp\/v2\/pa_brand_name?post=120867"}],"curies":[{"name":"wp","href":"https:\/\/api.w.org\/{rel}","templated":true}]}}