{"id":120876,"date":"2025-03-31T03:07:25","date_gmt":"2025-03-31T00:07:25","guid":{"rendered":"https:\/\/shop.rettum.ee\/toode\/215-50r17-michelin-primacy-5-91v-rp-cab70\/"},"modified":"2026-01-02T02:45:25","modified_gmt":"2026-01-02T00:45:25","slug":"215-50r17-michelin-primacy-5-91v-rp-cab70","status":"publish","type":"product","link":"https:\/\/shop.rettum.ee\/en\/product\/215-50r17-michelin-primacy-5-91v-rp-cab70\/","title":{"rendered":"215\/50R17 MICHELIN PRIMACY 5 91V RP CAB70"},"content":{"rendered":"<p>Michelin Primacy 5 rehvid suurusega 215\/50R17 on loodud tagama k\u00f5rgeim turvalisus ja s\u00f5idumugavus nii igap\u00e4evasel kui ka sportlikul s\u00f5idustil. Rehvi klassifikaator 91V n\u00e4itab, et see suudab kanda piisavat koormust ning tagada muljetavaldavad kiirusv\u00f5ime n\u00e4itajad. Primacy 5 seeria on tuntud oma v\u00e4hese veeretlusvastupanu ja t\u00f5husa k\u00fctuses\u00e4\u00e4stlikkusega, mis aitavad s\u00f5idukil pikemalt t\u00f5husalt liikuda ja energiat kokku hoida.<\/p>\n<p>Disainitud pakkuma parimat pidamist nii m\u00e4rjal kui ka kuivadel teedeoludel, tagavad need rehvid optimaalse jalgsidemise ning ennetavad aquaplaninguga seotud riske. Michellini innovatiivsed tehnoloogiad ja t\u00e4pne insenert\u00f6\u00f6 loovad rehvi, mis on vastupidav ja usaldusv\u00e4\u00e4rne erinevates s\u00f5idutingimustes. Tootekood CAB70 annab lisainfot tootmise standarditest ja kvaliteedist, mis on omane Michelinile.<\/p>\n<p>Valides Michelin Primacy 5 rehvid, valite tipptasemel ohutuse, kestvuse ja \u00fclim s\u00f5idumugavuse \u2013 ideaalne lahendus n\u00f5udlikele juhtidele, kes hindavad kvaliteeti ja innovatsiooni.<\/p>","protected":false},"excerpt":{"rendered":"<p>Michelin Primacy 5 rehvid suurusega 215\/50R17 on loodud tagama k\u00f5rgeim turvalisus ja s\u00f5idumugavus nii igap\u00e4evasel kui ka sportlikul s\u00f5idustil. Rehvi klassifikaator 91V n\u00e4itab, et see suudab kanda piisavat koormust ning tagada muljetavaldavad kiirusv\u00f5ime n\u00e4itajad. Primacy 5 seeria on tuntud oma v\u00e4hese veeretlusvastupanu ja t\u00f5husa k\u00fctuses\u00e4\u00e4stlikkusega, mis aitavad s\u00f5idukil pikemalt t\u00f5husalt liikuda ja energiat kokku hoida. [&hellip;]<\/p>\n","protected":false},"featured_media":122059,"template":"","meta":{"site-sidebar-layout":"default","site-content-layout":"","ast-site-content-layout":"","site-content-style":"default","site-sidebar-style":"default","ast-global-header-display":"","ast-banner-title-visibility":"","ast-main-header-display":"","ast-hfb-above-header-display":"","ast-hfb-below-header-display":"","ast-hfb-mobile-header-display":"","site-post-title":"","ast-breadcrumbs-content":"","ast-featured-img":"","footer-sml-layout":"","theme-transparent-header-meta":"","adv-header-id-meta":"","stick-header-meta":"","header-above-stick-meta":"","header-main-stick-meta":"","header-below-stick-meta":"","astra-migrate-meta-layouts":"default","ast-page-background-enabled":"default","ast-page-background-meta":{"desktop":{"background-color":"","background-image":"","background-repeat":"repeat","background-position":"center center","background-size":"auto","background-attachment":"scroll","background-type":"","background-media":"","overlay-type":"","overlay-color":"","overlay-opacity":"","overlay-gradient":""},"tablet":{"background-color":"","background-image":"","background-repeat":"repeat","background-position":"center center","background-size":"auto","background-attachment":"scroll","background-type":"","background-media":"","overlay-type":"","overlay-color":"","overlay-opacity":"","overlay-gradient":""},"mobile":{"background-color":"","background-image":"","background-repeat":"repeat","background-position":"center center","background-size":"auto","background-attachment":"scroll","background-type":"","background-media":"","overlay-type":"","overlay-color":"","overlay-opacity":"","overlay-gradient":""}},"ast-content-background-meta":{"desktop":{"background-color":"var(--ast-global-color-5)","background-image":"","background-repeat":"repeat","background-position":"center center","background-size":"auto","background-attachment":"scroll","background-type":"","background-media":"","overlay-type":"","overlay-color":"","overlay-opacity":"","overlay-gradient":""},"tablet":{"background-color":"var(--ast-global-color-5)","background-image":"","background-repeat":"repeat","background-position":"center center","background-size":"auto","background-attachment":"scroll","background-type":"","background-media":"","overlay-type":"","overlay-color":"","overlay-opacity":"","overlay-gradient":""},"mobile":{"background-color":"var(--ast-global-color-5)","background-image":"","background-repeat":"repeat","background-position":"center center","background-size":"auto","background-attachment":"scroll","background-type":"","background-media":"","overlay-type":"","overlay-color":"","overlay-opacity":"","overlay-gradient":""}}},"product_brand":[],"product_cat":[34225],"product_tag":[],"pa_brand_name":[17870],"class_list":{"0":"post-120876","1":"product","2":"type-product","3":"status-publish","4":"has-post-thumbnail","6":"product_cat-summer-tires-pv","7":"pa_brand_name-michelin","8":"desktop-align-left","9":"tablet-align-left","10":"mobile-align-left","12":"first","13":"outofstock","14":"taxable","15":"shipping-taxable","16":"purchasable","17":"product-type-simple"},"_links":{"self":[{"href":"https:\/\/shop.rettum.ee\/en\/wp-json\/wp\/v2\/product\/120876","targetHints":{"allow":["GET"]}}],"collection":[{"href":"https:\/\/shop.rettum.ee\/en\/wp-json\/wp\/v2\/product"}],"about":[{"href":"https:\/\/shop.rettum.ee\/en\/wp-json\/wp\/v2\/types\/product"}],"version-history":[{"count":1,"href":"https:\/\/shop.rettum.ee\/en\/wp-json\/wp\/v2\/product\/120876\/revisions"}],"predecessor-version":[{"id":125686,"href":"https:\/\/shop.rettum.ee\/en\/wp-json\/wp\/v2\/product\/120876\/revisions\/125686"}],"wp:featuredmedia":[{"embeddable":true,"href":"https:\/\/shop.rettum.ee\/en\/wp-json\/wp\/v2\/media\/122059"}],"wp:attachment":[{"href":"https:\/\/shop.rettum.ee\/en\/wp-json\/wp\/v2\/media?parent=120876"}],"wp:term":[{"taxonomy":"product_brand","embeddable":true,"href":"https:\/\/shop.rettum.ee\/en\/wp-json\/wp\/v2\/product_brand?post=120876"},{"taxonomy":"product_cat","embeddable":true,"href":"https:\/\/shop.rettum.ee\/en\/wp-json\/wp\/v2\/product_cat?post=120876"},{"taxonomy":"product_tag","embeddable":true,"href":"https:\/\/shop.rettum.ee\/en\/wp-json\/wp\/v2\/product_tag?post=120876"},{"taxonomy":"pa_brand_name","embeddable":true,"href":"https:\/\/shop.rettum.ee\/en\/wp-json\/wp\/v2\/pa_brand_name?post=120876"}],"curies":[{"name":"wp","href":"https:\/\/api.w.org\/{rel}","templated":true}]}}