{"id":120884,"date":"2025-03-31T03:07:31","date_gmt":"2025-03-31T00:07:31","guid":{"rendered":"https:\/\/shop.rettum.ee\/toode\/225-40r18-michelin-primacy-5-92y-xl-rp-cab70\/"},"modified":"2026-03-26T02:47:57","modified_gmt":"2026-03-26T00:47:57","slug":"225-40r18-michelin-primacy-5-92y-xl-rp-cab70","status":"publish","type":"product","link":"https:\/\/shop.rettum.ee\/en\/product\/225-40r18-michelin-primacy-5-92y-xl-rp-cab70\/","title":{"rendered":"225\/40R18 MICHELIN PRIMACY 5 92Y XL RP CAB70"},"content":{"rendered":"<p>225\/40R18 MICHELIN PRIMACY 5 92Y XL RP CAB70 on k\u00f5rgtehnoloogiline rehviv\u00f5imalus, mis \u00fchendab tipptasemel ohutuse ja s\u00f5idumugavuse. Selle rehvi m\u00f5\u00f5tmed (225\/40R18) sobivad ideaalselt 18-tollistele velgedele, tagades optimaalse kontaktala ja suurep\u00e4rase haarduvuse nii kuivatel kui ka m\u00e4rgadel teedel. XL konstrueerimine v\u00f5imaldab suuremat koormust ning t\u00f6\u00f6kindlust, muutes selle rehvi erakordselt stabiilseks ka n\u00f5udlikes s\u00f5iduoludes.<\/p>\n<p>Michelin on tuntud oma innovaatiliste lahenduste poolest ning Primacy 5 mudel ei ole erand \u2013 see rehvivalik pakub t\u00e4pse reageerimise ja suurep\u00e4rase pidamise t\u00f5ttu kindlustunnet igas olukorras. Rehvi kiire reageerimisv\u00f5ime ja arenenud mustristruktuur aitavad v\u00e4hendada aquaplaningut ning soodustavad energias\u00e4\u00e4stlikku s\u00f5itu. Lisaks tagab CAB70 sertifikaat vastavuse rangetele kvaliteedistandarditele.  <\/p>\n<p>Ideaalne valik neid hindavatele s\u00f5iduohutusele ja mugavusele, pakkudes usaldusv\u00e4\u00e4rsust igas s\u00f5idutingimuses.<\/p>","protected":false},"excerpt":{"rendered":"<p>225\/40R18 MICHELIN PRIMACY 5 92Y XL RP CAB70 on k\u00f5rgtehnoloogiline rehviv\u00f5imalus, mis \u00fchendab tipptasemel ohutuse ja s\u00f5idumugavuse. Selle rehvi m\u00f5\u00f5tmed (225\/40R18) sobivad ideaalselt 18-tollistele velgedele, tagades optimaalse kontaktala ja suurep\u00e4rase haarduvuse nii kuivatel kui ka m\u00e4rgadel teedel. XL konstrueerimine v\u00f5imaldab suuremat koormust ning t\u00f6\u00f6kindlust, muutes selle rehvi erakordselt stabiilseks ka n\u00f5udlikes s\u00f5iduoludes. Michelin on tuntud [&hellip;]<\/p>\n","protected":false},"featured_media":122059,"template":"","meta":{"site-sidebar-layout":"default","site-content-layout":"","ast-site-content-layout":"","site-content-style":"default","site-sidebar-style":"default","ast-global-header-display":"","ast-banner-title-visibility":"","ast-main-header-display":"","ast-hfb-above-header-display":"","ast-hfb-below-header-display":"","ast-hfb-mobile-header-display":"","site-post-title":"","ast-breadcrumbs-content":"","ast-featured-img":"","footer-sml-layout":"","theme-transparent-header-meta":"","adv-header-id-meta":"","stick-header-meta":"","header-above-stick-meta":"","header-main-stick-meta":"","header-below-stick-meta":"","astra-migrate-meta-layouts":"default","ast-page-background-enabled":"default","ast-page-background-meta":{"desktop":{"background-color":"","background-image":"","background-repeat":"repeat","background-position":"center center","background-size":"auto","background-attachment":"scroll","background-type":"","background-media":"","overlay-type":"","overlay-color":"","overlay-opacity":"","overlay-gradient":""},"tablet":{"background-color":"","background-image":"","background-repeat":"repeat","background-position":"center center","background-size":"auto","background-attachment":"scroll","background-type":"","background-media":"","overlay-type":"","overlay-color":"","overlay-opacity":"","overlay-gradient":""},"mobile":{"background-color":"","background-image":"","background-repeat":"repeat","background-position":"center center","background-size":"auto","background-attachment":"scroll","background-type":"","background-media":"","overlay-type":"","overlay-color":"","overlay-opacity":"","overlay-gradient":""}},"ast-content-background-meta":{"desktop":{"background-color":"var(--ast-global-color-5)","background-image":"","background-repeat":"repeat","background-position":"center center","background-size":"auto","background-attachment":"scroll","background-type":"","background-media":"","overlay-type":"","overlay-color":"","overlay-opacity":"","overlay-gradient":""},"tablet":{"background-color":"var(--ast-global-color-5)","background-image":"","background-repeat":"repeat","background-position":"center center","background-size":"auto","background-attachment":"scroll","background-type":"","background-media":"","overlay-type":"","overlay-color":"","overlay-opacity":"","overlay-gradient":""},"mobile":{"background-color":"var(--ast-global-color-5)","background-image":"","background-repeat":"repeat","background-position":"center center","background-size":"auto","background-attachment":"scroll","background-type":"","background-media":"","overlay-type":"","overlay-color":"","overlay-opacity":"","overlay-gradient":""}}},"product_brand":[],"product_cat":[34225],"product_tag":[],"pa_brand_name":[17870],"class_list":{"0":"post-120884","1":"product","2":"type-product","3":"status-publish","4":"has-post-thumbnail","6":"product_cat-summer-tires-pv","7":"pa_brand_name-michelin","8":"desktop-align-left","9":"tablet-align-left","10":"mobile-align-left","12":"first","13":"instock","14":"taxable","15":"shipping-taxable","16":"purchasable","17":"product-type-simple"},"_links":{"self":[{"href":"https:\/\/shop.rettum.ee\/en\/wp-json\/wp\/v2\/product\/120884","targetHints":{"allow":["GET"]}}],"collection":[{"href":"https:\/\/shop.rettum.ee\/en\/wp-json\/wp\/v2\/product"}],"about":[{"href":"https:\/\/shop.rettum.ee\/en\/wp-json\/wp\/v2\/types\/product"}],"version-history":[{"count":1,"href":"https:\/\/shop.rettum.ee\/en\/wp-json\/wp\/v2\/product\/120884\/revisions"}],"predecessor-version":[{"id":125679,"href":"https:\/\/shop.rettum.ee\/en\/wp-json\/wp\/v2\/product\/120884\/revisions\/125679"}],"wp:featuredmedia":[{"embeddable":true,"href":"https:\/\/shop.rettum.ee\/en\/wp-json\/wp\/v2\/media\/122059"}],"wp:attachment":[{"href":"https:\/\/shop.rettum.ee\/en\/wp-json\/wp\/v2\/media?parent=120884"}],"wp:term":[{"taxonomy":"product_brand","embeddable":true,"href":"https:\/\/shop.rettum.ee\/en\/wp-json\/wp\/v2\/product_brand?post=120884"},{"taxonomy":"product_cat","embeddable":true,"href":"https:\/\/shop.rettum.ee\/en\/wp-json\/wp\/v2\/product_cat?post=120884"},{"taxonomy":"product_tag","embeddable":true,"href":"https:\/\/shop.rettum.ee\/en\/wp-json\/wp\/v2\/product_tag?post=120884"},{"taxonomy":"pa_brand_name","embeddable":true,"href":"https:\/\/shop.rettum.ee\/en\/wp-json\/wp\/v2\/pa_brand_name?post=120884"}],"curies":[{"name":"wp","href":"https:\/\/api.w.org\/{rel}","templated":true}]}}