{"id":120888,"date":"2025-03-31T03:07:34","date_gmt":"2025-03-31T00:07:34","guid":{"rendered":"https:\/\/shop.rettum.ee\/toode\/225-55r18-michelin-primacy-5-98v-rp-bab70\/"},"modified":"2026-03-28T02:50:54","modified_gmt":"2026-03-28T00:50:54","slug":"225-55r18-michelin-primacy-5-98v-rp-bab70","status":"publish","type":"product","link":"https:\/\/shop.rettum.ee\/en\/product\/225-55r18-michelin-primacy-5-98v-rp-bab70\/","title":{"rendered":"225\/55R18 MICHELIN PRIMACY 5 98V RP BAB70"},"content":{"rendered":"<p>225\/55R18 Michelin Primacy 5 98V RP BAB70 on k\u00f5rgtehnoloogiline rehvivalik, mis \u00fchendab endas ohutuse, t\u00f6\u00f6kindluse ja \u00fclim s\u00f5idumugavuse. Michelin on tuntud oma innovaatiliste lahenduste poolest ning Primacy 5 s\u00e4ilitab selle maine, pakkudes suurep\u00e4rast haardumist nii m\u00e4rgadel kui kuivadel teedel. Rehvi konstrueerimisel on kasutatud uusimaid materjale, mis tagavad pika rehvielu ja madala veeretakistuse, aidates seel\u00e4bi optimeerida s\u00f5iduki k\u00fctusekulu.<\/p>\n<p>Rehv m\u00f5\u00f5tmed 225\/55R18 sobivad ideaalselt keskmise suurusega s\u00f5iduautodele, pakkudes stabiilsust ja kindlat juhitavust ka k\u00f5rgetel kiirustel. 98V t\u00e4his n\u00e4itab, et rehvit on konstrueeritud kandma raskust ja t\u00f6\u00f6lepingut ka n\u00f5udlikumates tingimustes, s\u00e4ilitades samal ajal k\u00f5rge turvastandardi. <\/p>\n<p>Michelin Primacy 5 98V RP BAB70 on ideaalne valik neile, kes hindavad nii innovatsiooni kui ka vastupidavust \u2013 see rehv pakub usaldusv\u00e4\u00e4rset j\u00f5udlust igas s\u00f5idutingimustes, v\u00f5imaldades nautida sujuvat ja turvalist teekonda igal kilomeetril.<\/p>","protected":false},"excerpt":{"rendered":"<p>225\/55R18 Michelin Primacy 5 98V RP BAB70 on k\u00f5rgtehnoloogiline rehvivalik, mis \u00fchendab endas ohutuse, t\u00f6\u00f6kindluse ja \u00fclim s\u00f5idumugavuse. Michelin on tuntud oma innovaatiliste lahenduste poolest ning Primacy 5 s\u00e4ilitab selle maine, pakkudes suurep\u00e4rast haardumist nii m\u00e4rgadel kui kuivadel teedel. Rehvi konstrueerimisel on kasutatud uusimaid materjale, mis tagavad pika rehvielu ja madala veeretakistuse, aidates seel\u00e4bi optimeerida [&hellip;]<\/p>\n","protected":false},"featured_media":122059,"template":"","meta":{"site-sidebar-layout":"default","site-content-layout":"","ast-site-content-layout":"","site-content-style":"default","site-sidebar-style":"default","ast-global-header-display":"","ast-banner-title-visibility":"","ast-main-header-display":"","ast-hfb-above-header-display":"","ast-hfb-below-header-display":"","ast-hfb-mobile-header-display":"","site-post-title":"","ast-breadcrumbs-content":"","ast-featured-img":"","footer-sml-layout":"","theme-transparent-header-meta":"","adv-header-id-meta":"","stick-header-meta":"","header-above-stick-meta":"","header-main-stick-meta":"","header-below-stick-meta":"","astra-migrate-meta-layouts":"default","ast-page-background-enabled":"default","ast-page-background-meta":{"desktop":{"background-color":"","background-image":"","background-repeat":"repeat","background-position":"center center","background-size":"auto","background-attachment":"scroll","background-type":"","background-media":"","overlay-type":"","overlay-color":"","overlay-opacity":"","overlay-gradient":""},"tablet":{"background-color":"","background-image":"","background-repeat":"repeat","background-position":"center center","background-size":"auto","background-attachment":"scroll","background-type":"","background-media":"","overlay-type":"","overlay-color":"","overlay-opacity":"","overlay-gradient":""},"mobile":{"background-color":"","background-image":"","background-repeat":"repeat","background-position":"center center","background-size":"auto","background-attachment":"scroll","background-type":"","background-media":"","overlay-type":"","overlay-color":"","overlay-opacity":"","overlay-gradient":""}},"ast-content-background-meta":{"desktop":{"background-color":"var(--ast-global-color-5)","background-image":"","background-repeat":"repeat","background-position":"center center","background-size":"auto","background-attachment":"scroll","background-type":"","background-media":"","overlay-type":"","overlay-color":"","overlay-opacity":"","overlay-gradient":""},"tablet":{"background-color":"var(--ast-global-color-5)","background-image":"","background-repeat":"repeat","background-position":"center center","background-size":"auto","background-attachment":"scroll","background-type":"","background-media":"","overlay-type":"","overlay-color":"","overlay-opacity":"","overlay-gradient":""},"mobile":{"background-color":"var(--ast-global-color-5)","background-image":"","background-repeat":"repeat","background-position":"center center","background-size":"auto","background-attachment":"scroll","background-type":"","background-media":"","overlay-type":"","overlay-color":"","overlay-opacity":"","overlay-gradient":""}}},"product_brand":[],"product_cat":[34225],"product_tag":[],"pa_brand_name":[17870],"class_list":{"0":"post-120888","1":"product","2":"type-product","3":"status-publish","4":"has-post-thumbnail","6":"product_cat-summer-tires-pv","7":"pa_brand_name-michelin","8":"desktop-align-left","9":"tablet-align-left","10":"mobile-align-left","12":"first","13":"instock","14":"taxable","15":"shipping-taxable","16":"purchasable","17":"product-type-simple"},"_links":{"self":[{"href":"https:\/\/shop.rettum.ee\/en\/wp-json\/wp\/v2\/product\/120888","targetHints":{"allow":["GET"]}}],"collection":[{"href":"https:\/\/shop.rettum.ee\/en\/wp-json\/wp\/v2\/product"}],"about":[{"href":"https:\/\/shop.rettum.ee\/en\/wp-json\/wp\/v2\/types\/product"}],"version-history":[{"count":1,"href":"https:\/\/shop.rettum.ee\/en\/wp-json\/wp\/v2\/product\/120888\/revisions"}],"predecessor-version":[{"id":125672,"href":"https:\/\/shop.rettum.ee\/en\/wp-json\/wp\/v2\/product\/120888\/revisions\/125672"}],"wp:featuredmedia":[{"embeddable":true,"href":"https:\/\/shop.rettum.ee\/en\/wp-json\/wp\/v2\/media\/122059"}],"wp:attachment":[{"href":"https:\/\/shop.rettum.ee\/en\/wp-json\/wp\/v2\/media?parent=120888"}],"wp:term":[{"taxonomy":"product_brand","embeddable":true,"href":"https:\/\/shop.rettum.ee\/en\/wp-json\/wp\/v2\/product_brand?post=120888"},{"taxonomy":"product_cat","embeddable":true,"href":"https:\/\/shop.rettum.ee\/en\/wp-json\/wp\/v2\/product_cat?post=120888"},{"taxonomy":"product_tag","embeddable":true,"href":"https:\/\/shop.rettum.ee\/en\/wp-json\/wp\/v2\/product_tag?post=120888"},{"taxonomy":"pa_brand_name","embeddable":true,"href":"https:\/\/shop.rettum.ee\/en\/wp-json\/wp\/v2\/pa_brand_name?post=120888"}],"curies":[{"name":"wp","href":"https:\/\/api.w.org\/{rel}","templated":true}]}}