{"id":120910,"date":"2025-03-31T03:07:50","date_gmt":"2025-03-31T00:07:50","guid":{"rendered":"https:\/\/shop.rettum.ee\/toode\/235-85r16-bf-goodrich-all-terrain-t-a-ko3-120-116s-rwl-3pmsf-ms\/"},"modified":"2026-03-22T03:06:33","modified_gmt":"2026-03-22T01:06:33","slug":"235-85r16-bf-goodrich-all-terrain-t-a-ko3-120-116s-rwl-3pmsf-ms","status":"publish","type":"product","link":"https:\/\/shop.rettum.ee\/en\/product\/235-85r16-bf-goodrich-all-terrain-t-a-ko3-120-116s-rwl-3pmsf-ms\/","title":{"rendered":"235\/85R16 BF GOODRICH ALL-TERRAIN T\/A KO3 120\/116S RWL 3PMSF M+S"},"content":{"rendered":"<p>BF Goodrich ALL-Terrain T\/A KO3 235\/85R16 on usaldusv\u00e4\u00e4rne ja mitmek\u00fclgne maastikurehvid, mis on loodud pakkuma \u00fclimat j\u00f5udlust ja turvalisust igas s\u00f5iduolukorras. T\u00e4nu oma h\u00fcbriidkonstruktsioonile ja ainulaadsele mustrile tagab see rehvi suurep\u00e4rase haarduvuse nii kuivil, m\u00e4rjal, lumisel kui ka mudasel pinnal. Rehvi M+S (mud and snow) klassifikatsioon ning 3PMSF s\u00fcmbol kinnitavad selle v\u00f5imet toime tulla ka k\u00f5ige n\u00f5udlikumates ilmastikutingimustes.<\/p>\n<p>Rehvi disain on optimeeritud pakkuma stabiilsust ja t\u00e4pset s\u00f5idumaneeritavust, mis muudab selle ideaalseks nii maastikus\u00f5iduks kui ka igap\u00e4evasteks s\u00f5itudeks. Koos suure koormusindeksiga (120\/116S) \u00fchendab see suurep\u00e4rase v\u00f5imekuse nii rasketele t\u00f6\u00f6tingimustele kui ka tavaliseks teek\u00e4iguks. BF Goodrich ALL-Terrain T\/A KO3 on parim valik neile, kes otsivad usaldusv\u00e4\u00e4rset ja vastupidavat rehvi, mis tagab turvalised ja kindlad s\u00f5idud igas olukorras.<\/p>","protected":false},"excerpt":{"rendered":"<p>BF Goodrich ALL-Terrain T\/A KO3 235\/85R16 on usaldusv\u00e4\u00e4rne ja mitmek\u00fclgne maastikurehvid, mis on loodud pakkuma \u00fclimat j\u00f5udlust ja turvalisust igas s\u00f5iduolukorras. T\u00e4nu oma h\u00fcbriidkonstruktsioonile ja ainulaadsele mustrile tagab see rehvi suurep\u00e4rase haarduvuse nii kuivil, m\u00e4rjal, lumisel kui ka mudasel pinnal. Rehvi M+S (mud and snow) klassifikatsioon ning 3PMSF s\u00fcmbol kinnitavad selle v\u00f5imet toime tulla ka [&hellip;]<\/p>\n","protected":false},"featured_media":57211,"template":"","meta":{"site-sidebar-layout":"default","site-content-layout":"","ast-site-content-layout":"","site-content-style":"default","site-sidebar-style":"default","ast-global-header-display":"","ast-banner-title-visibility":"","ast-main-header-display":"","ast-hfb-above-header-display":"","ast-hfb-below-header-display":"","ast-hfb-mobile-header-display":"","site-post-title":"","ast-breadcrumbs-content":"","ast-featured-img":"","footer-sml-layout":"","theme-transparent-header-meta":"","adv-header-id-meta":"","stick-header-meta":"","header-above-stick-meta":"","header-main-stick-meta":"","header-below-stick-meta":"","astra-migrate-meta-layouts":"default","ast-page-background-enabled":"default","ast-page-background-meta":{"desktop":{"background-color":"","background-image":"","background-repeat":"repeat","background-position":"center center","background-size":"auto","background-attachment":"scroll","background-type":"","background-media":"","overlay-type":"","overlay-color":"","overlay-opacity":"","overlay-gradient":""},"tablet":{"background-color":"","background-image":"","background-repeat":"repeat","background-position":"center center","background-size":"auto","background-attachment":"scroll","background-type":"","background-media":"","overlay-type":"","overlay-color":"","overlay-opacity":"","overlay-gradient":""},"mobile":{"background-color":"","background-image":"","background-repeat":"repeat","background-position":"center center","background-size":"auto","background-attachment":"scroll","background-type":"","background-media":"","overlay-type":"","overlay-color":"","overlay-opacity":"","overlay-gradient":""}},"ast-content-background-meta":{"desktop":{"background-color":"var(--ast-global-color-5)","background-image":"","background-repeat":"repeat","background-position":"center center","background-size":"auto","background-attachment":"scroll","background-type":"","background-media":"","overlay-type":"","overlay-color":"","overlay-opacity":"","overlay-gradient":""},"tablet":{"background-color":"var(--ast-global-color-5)","background-image":"","background-repeat":"repeat","background-position":"center center","background-size":"auto","background-attachment":"scroll","background-type":"","background-media":"","overlay-type":"","overlay-color":"","overlay-opacity":"","overlay-gradient":""},"mobile":{"background-color":"var(--ast-global-color-5)","background-image":"","background-repeat":"repeat","background-position":"center center","background-size":"auto","background-attachment":"scroll","background-type":"","background-media":"","overlay-type":"","overlay-color":"","overlay-opacity":"","overlay-gradient":""}}},"product_brand":[],"product_cat":[34225],"product_tag":[],"pa_brand_name":[34383],"class_list":{"0":"post-120910","1":"product","2":"type-product","3":"status-publish","4":"has-post-thumbnail","6":"product_cat-summer-tires-pv","7":"pa_brand_name-bf-goodrich","8":"desktop-align-left","9":"tablet-align-left","10":"mobile-align-left","12":"first","13":"outofstock","14":"taxable","15":"shipping-taxable","16":"purchasable","17":"product-type-simple"},"_links":{"self":[{"href":"https:\/\/shop.rettum.ee\/en\/wp-json\/wp\/v2\/product\/120910","targetHints":{"allow":["GET"]}}],"collection":[{"href":"https:\/\/shop.rettum.ee\/en\/wp-json\/wp\/v2\/product"}],"about":[{"href":"https:\/\/shop.rettum.ee\/en\/wp-json\/wp\/v2\/types\/product"}],"version-history":[{"count":1,"href":"https:\/\/shop.rettum.ee\/en\/wp-json\/wp\/v2\/product\/120910\/revisions"}],"predecessor-version":[{"id":125660,"href":"https:\/\/shop.rettum.ee\/en\/wp-json\/wp\/v2\/product\/120910\/revisions\/125660"}],"wp:featuredmedia":[{"embeddable":true,"href":"https:\/\/shop.rettum.ee\/en\/wp-json\/wp\/v2\/media\/57211"}],"wp:attachment":[{"href":"https:\/\/shop.rettum.ee\/en\/wp-json\/wp\/v2\/media?parent=120910"}],"wp:term":[{"taxonomy":"product_brand","embeddable":true,"href":"https:\/\/shop.rettum.ee\/en\/wp-json\/wp\/v2\/product_brand?post=120910"},{"taxonomy":"product_cat","embeddable":true,"href":"https:\/\/shop.rettum.ee\/en\/wp-json\/wp\/v2\/product_cat?post=120910"},{"taxonomy":"product_tag","embeddable":true,"href":"https:\/\/shop.rettum.ee\/en\/wp-json\/wp\/v2\/product_tag?post=120910"},{"taxonomy":"pa_brand_name","embeddable":true,"href":"https:\/\/shop.rettum.ee\/en\/wp-json\/wp\/v2\/pa_brand_name?post=120910"}],"curies":[{"name":"wp","href":"https:\/\/api.w.org\/{rel}","templated":true}]}}