{"id":120913,"date":"2025-03-31T03:07:52","date_gmt":"2025-03-31T00:07:52","guid":{"rendered":"https:\/\/shop.rettum.ee\/toode\/255-35r18-aptany-ra301-94w-xl-cbb72\/"},"modified":"2026-03-27T02:47:17","modified_gmt":"2026-03-27T00:47:17","slug":"255-35r18-aptany-ra301-94w-xl-cbb72","status":"publish","type":"product","link":"https:\/\/shop.rettum.ee\/en\/product\/255-35r18-aptany-ra301-94w-xl-cbb72\/","title":{"rendered":"255\/35R18 APTANY RA301 94W XL CBB72"},"content":{"rendered":"<p>APTANY RA301 rehv 255\/35R18 on loodud k\u00f5rge j\u00f5udlusega sportlikule s\u00f5idukile, kombineerides tipptasemel tehnoloogia ja usaldusv\u00e4\u00e4rsuse. Rehv kandes m\u00e4rgistust 94W, pakub see suurep\u00e4rast kiirusv\u00f5imekust ning kindlat haarduvust nii kuivadel kui ka niisketel teedel. XL-m\u00e4rk annab kindlustunde lisakoormuse vastupidavusest, muutes selle ideaalseks valikuks n\u00f5udlikeks juhtimisoludeks.<\/p>\n<p>APTANY RA301 disain on hoolikalt v\u00e4lja t\u00f6\u00f6tatud, et tagada \u00fchtlane kulumine ja stabiilne s\u00f5idukogemus. T\u00e4nu kaasaegsele rehvi profiilile optimeerib see k\u00fctusekulu ja suurendab s\u00f5iduohutust, pakkudes maksimaalset kontrolli ka teravatel kurvidel. Lisaks sobib selle tehnoloogia h\u00e4sti nii igap\u00e4evasteks s\u00f5itudeks kui ka adrenaliinirikkateks rajas\u00f5itudeks.<\/p>\n<p>Rehv CBB72 kvaliteedim\u00e4rgistusega on ideaalne valik neile, kes hindavad nii j\u00f5udlust kui ka vastupidavust. APTANY RA301 on kindel partner, mis pakub s\u00f5idur\u00f5\u00f5mu ja turvalisust igas s\u00f5idus olukorras.<\/p>","protected":false},"excerpt":{"rendered":"<p>APTANY RA301 rehv 255\/35R18 on loodud k\u00f5rge j\u00f5udlusega sportlikule s\u00f5idukile, kombineerides tipptasemel tehnoloogia ja usaldusv\u00e4\u00e4rsuse. Rehv kandes m\u00e4rgistust 94W, pakub see suurep\u00e4rast kiirusv\u00f5imekust ning kindlat haarduvust nii kuivadel kui ka niisketel teedel. XL-m\u00e4rk annab kindlustunde lisakoormuse vastupidavusest, muutes selle ideaalseks valikuks n\u00f5udlikeks juhtimisoludeks. APTANY RA301 disain on hoolikalt v\u00e4lja t\u00f6\u00f6tatud, et tagada \u00fchtlane kulumine ja [&hellip;]<\/p>\n","protected":false},"featured_media":123076,"template":"","meta":{"site-sidebar-layout":"default","site-content-layout":"","ast-site-content-layout":"","site-content-style":"default","site-sidebar-style":"default","ast-global-header-display":"","ast-banner-title-visibility":"","ast-main-header-display":"","ast-hfb-above-header-display":"","ast-hfb-below-header-display":"","ast-hfb-mobile-header-display":"","site-post-title":"","ast-breadcrumbs-content":"","ast-featured-img":"","footer-sml-layout":"","theme-transparent-header-meta":"","adv-header-id-meta":"","stick-header-meta":"","header-above-stick-meta":"","header-main-stick-meta":"","header-below-stick-meta":"","astra-migrate-meta-layouts":"default","ast-page-background-enabled":"default","ast-page-background-meta":{"desktop":{"background-color":"","background-image":"","background-repeat":"repeat","background-position":"center center","background-size":"auto","background-attachment":"scroll","background-type":"","background-media":"","overlay-type":"","overlay-color":"","overlay-opacity":"","overlay-gradient":""},"tablet":{"background-color":"","background-image":"","background-repeat":"repeat","background-position":"center center","background-size":"auto","background-attachment":"scroll","background-type":"","background-media":"","overlay-type":"","overlay-color":"","overlay-opacity":"","overlay-gradient":""},"mobile":{"background-color":"","background-image":"","background-repeat":"repeat","background-position":"center center","background-size":"auto","background-attachment":"scroll","background-type":"","background-media":"","overlay-type":"","overlay-color":"","overlay-opacity":"","overlay-gradient":""}},"ast-content-background-meta":{"desktop":{"background-color":"var(--ast-global-color-5)","background-image":"","background-repeat":"repeat","background-position":"center center","background-size":"auto","background-attachment":"scroll","background-type":"","background-media":"","overlay-type":"","overlay-color":"","overlay-opacity":"","overlay-gradient":""},"tablet":{"background-color":"var(--ast-global-color-5)","background-image":"","background-repeat":"repeat","background-position":"center center","background-size":"auto","background-attachment":"scroll","background-type":"","background-media":"","overlay-type":"","overlay-color":"","overlay-opacity":"","overlay-gradient":""},"mobile":{"background-color":"var(--ast-global-color-5)","background-image":"","background-repeat":"repeat","background-position":"center center","background-size":"auto","background-attachment":"scroll","background-type":"","background-media":"","overlay-type":"","overlay-color":"","overlay-opacity":"","overlay-gradient":""}}},"product_brand":[],"product_cat":[34225],"product_tag":[],"pa_brand_name":[33594],"class_list":{"0":"post-120913","1":"product","2":"type-product","3":"status-publish","4":"has-post-thumbnail","6":"product_cat-summer-tires-pv","7":"pa_brand_name-aptany","8":"desktop-align-left","9":"tablet-align-left","10":"mobile-align-left","12":"first","13":"instock","14":"taxable","15":"shipping-taxable","16":"purchasable","17":"product-type-simple"},"_links":{"self":[{"href":"https:\/\/shop.rettum.ee\/en\/wp-json\/wp\/v2\/product\/120913","targetHints":{"allow":["GET"]}}],"collection":[{"href":"https:\/\/shop.rettum.ee\/en\/wp-json\/wp\/v2\/product"}],"about":[{"href":"https:\/\/shop.rettum.ee\/en\/wp-json\/wp\/v2\/types\/product"}],"version-history":[{"count":1,"href":"https:\/\/shop.rettum.ee\/en\/wp-json\/wp\/v2\/product\/120913\/revisions"}],"predecessor-version":[{"id":125659,"href":"https:\/\/shop.rettum.ee\/en\/wp-json\/wp\/v2\/product\/120913\/revisions\/125659"}],"wp:featuredmedia":[{"embeddable":true,"href":"https:\/\/shop.rettum.ee\/en\/wp-json\/wp\/v2\/media\/123076"}],"wp:attachment":[{"href":"https:\/\/shop.rettum.ee\/en\/wp-json\/wp\/v2\/media?parent=120913"}],"wp:term":[{"taxonomy":"product_brand","embeddable":true,"href":"https:\/\/shop.rettum.ee\/en\/wp-json\/wp\/v2\/product_brand?post=120913"},{"taxonomy":"product_cat","embeddable":true,"href":"https:\/\/shop.rettum.ee\/en\/wp-json\/wp\/v2\/product_cat?post=120913"},{"taxonomy":"product_tag","embeddable":true,"href":"https:\/\/shop.rettum.ee\/en\/wp-json\/wp\/v2\/product_tag?post=120913"},{"taxonomy":"pa_brand_name","embeddable":true,"href":"https:\/\/shop.rettum.ee\/en\/wp-json\/wp\/v2\/pa_brand_name?post=120913"}],"curies":[{"name":"wp","href":"https:\/\/api.w.org\/{rel}","templated":true}]}}