{"id":120941,"date":"2025-03-31T03:08:14","date_gmt":"2025-03-31T00:08:14","guid":{"rendered":"https:\/\/shop.rettum.ee\/toode\/225-60r17-continental-contivikingcontact-6-99t-runflat-dot16-friction-fe272-3pmsf-icegrip-ms\/"},"modified":"2025-07-30T02:51:31","modified_gmt":"2025-07-29T23:51:31","slug":"225-60r17-continental-contivikingcontact-6-99t-runflat-dot16-friction-fe272-3pmsf-icegrip-ms","status":"publish","type":"product","link":"https:\/\/shop.rettum.ee\/en\/product\/225-60r17-continental-contivikingcontact-6-99t-runflat-dot16-friction-fe272-3pmsf-icegrip-ms\/","title":{"rendered":"225\/60R17 CONTINENTAL CONTIVIKINGCONTACT 6 99T RunFlat DOT16 Friction FE272 3PMSF IceGrip M+S"},"content":{"rendered":"<p>Continental CONTIVIKINGCONTACT 6 rehvid 225\/60R17 m\u00f5\u00f5tma on loodud pakkuma \u00fclimat ohutust ja j\u00f5udlust erinevates s\u00f5iduolukordades. Rehvid on varustatud uuendusliku RunFlat tehnoloogiaga, mis v\u00f5imaldab s\u00f5idukit turvaliselt juhitada isegi rehviprobleemide korral, s\u00e4ilitades stabiilsuse ja kindlalt kontrollitava s\u00f5iduk\u00e4itumise. DOT16 standarditele vastav disain kinnitab rehvi k\u00f5rge kvaliteedi ning vastavuse rahvusvahelistele n\u00f5uetele.<\/p>\n<p>FE272 tehnoloogia koos Friction ja IceGrip omadustega tagab suurep\u00e4rase haarduvuse nii m\u00e4rgadel kui ka libedal teel, v\u00f5imaldades kindlat s\u00f5iduk\u00e4itumist ka j\u00e4istes v\u00f5i lumistes tingimustes. Rehvid on m\u00e4rgistatud M+S ja 3PMSF, mis kinnitab nende sobivust nii mugavateks kevadetalvisteks s\u00f5itudeks kui ka n\u00f5udlikumaks talveolukordadeks. <\/p>\n<p>Continental CONTIVIKINGCONTACT 6 rehvid on ideaalne valik juhtidele, kes hindavad ohutust, vastupidavust ja usaldusv\u00e4\u00e4rset j\u00f5udlust igas olukorras, pakkudes maksimaalset enesekindlust ja mugavust igal teepinnal.<\/p>","protected":false},"excerpt":{"rendered":"<p>Continental CONTIVIKINGCONTACT 6 rehvid 225\/60R17 m\u00f5\u00f5tma on loodud pakkuma \u00fclimat ohutust ja j\u00f5udlust erinevates s\u00f5iduolukordades. Rehvid on varustatud uuendusliku RunFlat tehnoloogiaga, mis v\u00f5imaldab s\u00f5idukit turvaliselt juhitada isegi rehviprobleemide korral, s\u00e4ilitades stabiilsuse ja kindlalt kontrollitava s\u00f5iduk\u00e4itumise. DOT16 standarditele vastav disain kinnitab rehvi k\u00f5rge kvaliteedi ning vastavuse rahvusvahelistele n\u00f5uetele. FE272 tehnoloogia koos Friction ja IceGrip omadustega tagab [&hellip;]<\/p>\n","protected":false},"featured_media":122995,"template":"","meta":{"site-sidebar-layout":"default","site-content-layout":"","ast-site-content-layout":"","site-content-style":"default","site-sidebar-style":"default","ast-global-header-display":"","ast-banner-title-visibility":"","ast-main-header-display":"","ast-hfb-above-header-display":"","ast-hfb-below-header-display":"","ast-hfb-mobile-header-display":"","site-post-title":"","ast-breadcrumbs-content":"","ast-featured-img":"","footer-sml-layout":"","theme-transparent-header-meta":"","adv-header-id-meta":"","stick-header-meta":"","header-above-stick-meta":"","header-main-stick-meta":"","header-below-stick-meta":"","astra-migrate-meta-layouts":"default","ast-page-background-enabled":"default","ast-page-background-meta":{"desktop":{"background-color":"","background-image":"","background-repeat":"repeat","background-position":"center center","background-size":"auto","background-attachment":"scroll","background-type":"","background-media":"","overlay-type":"","overlay-color":"","overlay-opacity":"","overlay-gradient":""},"tablet":{"background-color":"","background-image":"","background-repeat":"repeat","background-position":"center center","background-size":"auto","background-attachment":"scroll","background-type":"","background-media":"","overlay-type":"","overlay-color":"","overlay-opacity":"","overlay-gradient":""},"mobile":{"background-color":"","background-image":"","background-repeat":"repeat","background-position":"center center","background-size":"auto","background-attachment":"scroll","background-type":"","background-media":"","overlay-type":"","overlay-color":"","overlay-opacity":"","overlay-gradient":""}},"ast-content-background-meta":{"desktop":{"background-color":"var(--ast-global-color-5)","background-image":"","background-repeat":"repeat","background-position":"center center","background-size":"auto","background-attachment":"scroll","background-type":"","background-media":"","overlay-type":"","overlay-color":"","overlay-opacity":"","overlay-gradient":""},"tablet":{"background-color":"var(--ast-global-color-5)","background-image":"","background-repeat":"repeat","background-position":"center center","background-size":"auto","background-attachment":"scroll","background-type":"","background-media":"","overlay-type":"","overlay-color":"","overlay-opacity":"","overlay-gradient":""},"mobile":{"background-color":"var(--ast-global-color-5)","background-image":"","background-repeat":"repeat","background-position":"center center","background-size":"auto","background-attachment":"scroll","background-type":"","background-media":"","overlay-type":"","overlay-color":"","overlay-opacity":"","overlay-gradient":""}}},"product_brand":[],"product_cat":[34228],"product_tag":[],"pa_brand_name":[],"class_list":{"0":"post-120941","1":"product","2":"type-product","3":"status-publish","4":"has-post-thumbnail","6":"product_cat-winter-tires-friction","7":"desktop-align-left","8":"tablet-align-left","9":"mobile-align-left","11":"first","12":"outofstock","13":"taxable","14":"shipping-taxable","15":"purchasable","16":"product-type-simple"},"_links":{"self":[{"href":"https:\/\/shop.rettum.ee\/en\/wp-json\/wp\/v2\/product\/120941","targetHints":{"allow":["GET"]}}],"collection":[{"href":"https:\/\/shop.rettum.ee\/en\/wp-json\/wp\/v2\/product"}],"about":[{"href":"https:\/\/shop.rettum.ee\/en\/wp-json\/wp\/v2\/types\/product"}],"version-history":[{"count":1,"href":"https:\/\/shop.rettum.ee\/en\/wp-json\/wp\/v2\/product\/120941\/revisions"}],"predecessor-version":[{"id":125655,"href":"https:\/\/shop.rettum.ee\/en\/wp-json\/wp\/v2\/product\/120941\/revisions\/125655"}],"wp:featuredmedia":[{"embeddable":true,"href":"https:\/\/shop.rettum.ee\/en\/wp-json\/wp\/v2\/media\/122995"}],"wp:attachment":[{"href":"https:\/\/shop.rettum.ee\/en\/wp-json\/wp\/v2\/media?parent=120941"}],"wp:term":[{"taxonomy":"product_brand","embeddable":true,"href":"https:\/\/shop.rettum.ee\/en\/wp-json\/wp\/v2\/product_brand?post=120941"},{"taxonomy":"product_cat","embeddable":true,"href":"https:\/\/shop.rettum.ee\/en\/wp-json\/wp\/v2\/product_cat?post=120941"},{"taxonomy":"product_tag","embeddable":true,"href":"https:\/\/shop.rettum.ee\/en\/wp-json\/wp\/v2\/product_tag?post=120941"},{"taxonomy":"pa_brand_name","embeddable":true,"href":"https:\/\/shop.rettum.ee\/en\/wp-json\/wp\/v2\/pa_brand_name?post=120941"}],"curies":[{"name":"wp","href":"https:\/\/api.w.org\/{rel}","templated":true}]}}