{"id":120942,"date":"2025-03-31T03:08:15","date_gmt":"2025-03-31T00:08:15","guid":{"rendered":"https:\/\/shop.rettum.ee\/toode\/275-70r16-bridgestone-blizzak-dm-v3-114r-dot22-friction-eeb73-3pmsf-ms\/"},"modified":"2025-10-05T02:45:23","modified_gmt":"2025-10-04T23:45:23","slug":"275-70r16-bridgestone-blizzak-dm-v3-114r-dot22-friction-eeb73-3pmsf-ms","status":"publish","type":"product","link":"https:\/\/shop.rettum.ee\/en\/product\/275-70r16-bridgestone-blizzak-dm-v3-114r-dot22-friction-eeb73-3pmsf-ms\/","title":{"rendered":"275\/70R16 BRIDGESTONE BLIZZAK DM-V3 114R DOT22 Friction EEB73 3PMSF M+S"},"content":{"rendered":"<p>BRIDGESTONE BLIZZAK DM-V3 275\/70R16 on tipptasemel talverehv, mille eesm\u00e4rk on pakkuda maksimaalset turvalisust ja j\u00f5udlust ka k\u00f5ige n\u00f5udlikumates ilmastikutingimustes. T\u00e4nu uuenduslikule Friction tehnoloogiale tagab see rehv suurep\u00e4rase haarduvuse niisketel, lumistel ja j\u00e4istel teedel, v\u00f5imaldades kindlat man\u00f6\u00f6verdust ka \u00e4\u00e4rmuslikes olukordades.<\/p>\n<p>Rehvi 3PMSF ja M+S m\u00e4rgised kinnitavad selle v\u00f5imet tulla toime lumekatte ja keeruliste teeoludega, pakkudes usaldusv\u00e4\u00e4rset turvalisust igas olukorras. DOT22 ja EEB73 standarditele vastav disain tagab madala veeretakistuse, aidates seel\u00e4bi kaasa k\u00fctuses\u00e4\u00e4stlikkusele ning keskkonnas\u00f5bralikkusele, ilma et ohverdataks s\u00f5idumugavust.<\/p>\n<p>Bridgestone BLIZZAK DM-V3 on ideaalne valik autoturule, kes hindab kvaliteeti ja tipptasemel ohutust talvisel ajal. See rehv \u00fchendab innovatsiooni ja traditsioonilised v\u00e4\u00e4rtused, pakkudes kindlustunnet igal kilomeetril \u2013 olgu see siis igap\u00e4evased s\u00f5idud v\u00f5i pikad teekonnad n\u00f5udlike olude keskel.<\/p>","protected":false},"excerpt":{"rendered":"<p>BRIDGESTONE BLIZZAK DM-V3 275\/70R16 on tipptasemel talverehv, mille eesm\u00e4rk on pakkuda maksimaalset turvalisust ja j\u00f5udlust ka k\u00f5ige n\u00f5udlikumates ilmastikutingimustes. T\u00e4nu uuenduslikule Friction tehnoloogiale tagab see rehv suurep\u00e4rase haarduvuse niisketel, lumistel ja j\u00e4istel teedel, v\u00f5imaldades kindlat man\u00f6\u00f6verdust ka \u00e4\u00e4rmuslikes olukordades. Rehvi 3PMSF ja M+S m\u00e4rgised kinnitavad selle v\u00f5imet tulla toime lumekatte ja keeruliste teeoludega, pakkudes usaldusv\u00e4\u00e4rset [&hellip;]<\/p>\n","protected":false},"featured_media":122982,"template":"","meta":{"site-sidebar-layout":"default","site-content-layout":"","ast-site-content-layout":"","site-content-style":"default","site-sidebar-style":"default","ast-global-header-display":"","ast-banner-title-visibility":"","ast-main-header-display":"","ast-hfb-above-header-display":"","ast-hfb-below-header-display":"","ast-hfb-mobile-header-display":"","site-post-title":"","ast-breadcrumbs-content":"","ast-featured-img":"","footer-sml-layout":"","theme-transparent-header-meta":"","adv-header-id-meta":"","stick-header-meta":"","header-above-stick-meta":"","header-main-stick-meta":"","header-below-stick-meta":"","astra-migrate-meta-layouts":"default","ast-page-background-enabled":"default","ast-page-background-meta":{"desktop":{"background-color":"","background-image":"","background-repeat":"repeat","background-position":"center center","background-size":"auto","background-attachment":"scroll","background-type":"","background-media":"","overlay-type":"","overlay-color":"","overlay-opacity":"","overlay-gradient":""},"tablet":{"background-color":"","background-image":"","background-repeat":"repeat","background-position":"center center","background-size":"auto","background-attachment":"scroll","background-type":"","background-media":"","overlay-type":"","overlay-color":"","overlay-opacity":"","overlay-gradient":""},"mobile":{"background-color":"","background-image":"","background-repeat":"repeat","background-position":"center center","background-size":"auto","background-attachment":"scroll","background-type":"","background-media":"","overlay-type":"","overlay-color":"","overlay-opacity":"","overlay-gradient":""}},"ast-content-background-meta":{"desktop":{"background-color":"var(--ast-global-color-5)","background-image":"","background-repeat":"repeat","background-position":"center center","background-size":"auto","background-attachment":"scroll","background-type":"","background-media":"","overlay-type":"","overlay-color":"","overlay-opacity":"","overlay-gradient":""},"tablet":{"background-color":"var(--ast-global-color-5)","background-image":"","background-repeat":"repeat","background-position":"center center","background-size":"auto","background-attachment":"scroll","background-type":"","background-media":"","overlay-type":"","overlay-color":"","overlay-opacity":"","overlay-gradient":""},"mobile":{"background-color":"var(--ast-global-color-5)","background-image":"","background-repeat":"repeat","background-position":"center center","background-size":"auto","background-attachment":"scroll","background-type":"","background-media":"","overlay-type":"","overlay-color":"","overlay-opacity":"","overlay-gradient":""}}},"product_brand":[],"product_cat":[34228],"product_tag":[],"pa_brand_name":[25023],"class_list":{"0":"post-120942","1":"product","2":"type-product","3":"status-publish","4":"has-post-thumbnail","6":"product_cat-winter-tires-friction","7":"pa_brand_name-bridgestone","8":"desktop-align-left","9":"tablet-align-left","10":"mobile-align-left","12":"first","13":"outofstock","14":"taxable","15":"shipping-taxable","16":"purchasable","17":"product-type-simple"},"_links":{"self":[{"href":"https:\/\/shop.rettum.ee\/en\/wp-json\/wp\/v2\/product\/120942","targetHints":{"allow":["GET"]}}],"collection":[{"href":"https:\/\/shop.rettum.ee\/en\/wp-json\/wp\/v2\/product"}],"about":[{"href":"https:\/\/shop.rettum.ee\/en\/wp-json\/wp\/v2\/types\/product"}],"version-history":[{"count":1,"href":"https:\/\/shop.rettum.ee\/en\/wp-json\/wp\/v2\/product\/120942\/revisions"}],"predecessor-version":[{"id":125653,"href":"https:\/\/shop.rettum.ee\/en\/wp-json\/wp\/v2\/product\/120942\/revisions\/125653"}],"wp:featuredmedia":[{"embeddable":true,"href":"https:\/\/shop.rettum.ee\/en\/wp-json\/wp\/v2\/media\/122982"}],"wp:attachment":[{"href":"https:\/\/shop.rettum.ee\/en\/wp-json\/wp\/v2\/media?parent=120942"}],"wp:term":[{"taxonomy":"product_brand","embeddable":true,"href":"https:\/\/shop.rettum.ee\/en\/wp-json\/wp\/v2\/product_brand?post=120942"},{"taxonomy":"product_cat","embeddable":true,"href":"https:\/\/shop.rettum.ee\/en\/wp-json\/wp\/v2\/product_cat?post=120942"},{"taxonomy":"product_tag","embeddable":true,"href":"https:\/\/shop.rettum.ee\/en\/wp-json\/wp\/v2\/product_tag?post=120942"},{"taxonomy":"pa_brand_name","embeddable":true,"href":"https:\/\/shop.rettum.ee\/en\/wp-json\/wp\/v2\/pa_brand_name?post=120942"}],"curies":[{"name":"wp","href":"https:\/\/api.w.org\/{rel}","templated":true}]}}