{"id":120951,"date":"2025-03-31T03:08:21","date_gmt":"2025-03-31T00:08:21","guid":{"rendered":"https:\/\/shop.rettum.ee\/toode\/215-60r16-continental-premiumcontact-5-95h-cab71\/"},"modified":"2025-07-30T02:51:30","modified_gmt":"2025-07-29T23:51:30","slug":"215-60r16-continental-premiumcontact-5-95h-cab71","status":"publish","type":"product","link":"https:\/\/shop.rettum.ee\/en\/product\/215-60r16-continental-premiumcontact-5-95h-cab71\/","title":{"rendered":"215\/60R16 CONTINENTAL PREMIUMCONTACT 5 95H CAB71"},"content":{"rendered":"<p>215\/60R16 CONTINENTAL PREMIUMCONTACT 5 rehv on loodud pakkuma erakordset ohutust ja s\u00f5idumugavust nii kuival kui m\u00e4rgal teel. Selle innovatiivse disaini ja k\u00f5rgtehnoloogiliste lahenduste tulemusena tagab rehv optimaalse haarduvuse ning stabiilsuse, mis on eriti oluline keerulistes ilmastikutingimustes.  <\/p>\n<p>Rehvi m\u00f5\u00f5tmed 215\/60R16 sobivad mitmetele s\u00f5iduautodele, pakkudes suurep\u00e4rast j\u00f5udlust igap\u00e4evases s\u00f5idus. 95H koormusindeks ja CAB71 tehnilised andmed kinnitavad, et rehv suudab toime tulla ka k\u00f5rge j\u00f5udlusega ning pikemate s\u00f5itude koormustega, olles usaldusv\u00e4\u00e4rne partner nii linnaliikluses kui maantees\u00f5idul.  <\/p>\n<p>CONTINENTAL PREMIUMCONTACT 5 puhul \u00fchenduvad tipptasemel tehnoloogia ja k\u00fctuses\u00e4\u00e4stlik disain, pakkudes madalat veeretakistust ja seel\u00e4bi soodsamat k\u00fctusekulu. Selle rehviga s\u00f5iduk saab nautida kindlat ja turvalist s\u00f5idukogemust, kusjuures ohutus ja kestvus on alati esirinnas. Valides selle rehviga varustatud s\u00f5iduki, on tegemist loovutusega, mis vastab kaasaegse auto k\u00f5rgetele n\u00f5udmistele ja standarditele.<\/p>","protected":false},"excerpt":{"rendered":"<p>215\/60R16 CONTINENTAL PREMIUMCONTACT 5 rehv on loodud pakkuma erakordset ohutust ja s\u00f5idumugavust nii kuival kui m\u00e4rgal teel. Selle innovatiivse disaini ja k\u00f5rgtehnoloogiliste lahenduste tulemusena tagab rehv optimaalse haarduvuse ning stabiilsuse, mis on eriti oluline keerulistes ilmastikutingimustes. Rehvi m\u00f5\u00f5tmed 215\/60R16 sobivad mitmetele s\u00f5iduautodele, pakkudes suurep\u00e4rast j\u00f5udlust igap\u00e4evases s\u00f5idus. 95H koormusindeks ja CAB71 tehnilised andmed kinnitavad, et [&hellip;]<\/p>\n","protected":false},"featured_media":124868,"template":"","meta":{"site-sidebar-layout":"default","site-content-layout":"","ast-site-content-layout":"","site-content-style":"default","site-sidebar-style":"default","ast-global-header-display":"","ast-banner-title-visibility":"","ast-main-header-display":"","ast-hfb-above-header-display":"","ast-hfb-below-header-display":"","ast-hfb-mobile-header-display":"","site-post-title":"","ast-breadcrumbs-content":"","ast-featured-img":"","footer-sml-layout":"","theme-transparent-header-meta":"","adv-header-id-meta":"","stick-header-meta":"","header-above-stick-meta":"","header-main-stick-meta":"","header-below-stick-meta":"","astra-migrate-meta-layouts":"default","ast-page-background-enabled":"default","ast-page-background-meta":{"desktop":{"background-color":"","background-image":"","background-repeat":"repeat","background-position":"center center","background-size":"auto","background-attachment":"scroll","background-type":"","background-media":"","overlay-type":"","overlay-color":"","overlay-opacity":"","overlay-gradient":""},"tablet":{"background-color":"","background-image":"","background-repeat":"repeat","background-position":"center center","background-size":"auto","background-attachment":"scroll","background-type":"","background-media":"","overlay-type":"","overlay-color":"","overlay-opacity":"","overlay-gradient":""},"mobile":{"background-color":"","background-image":"","background-repeat":"repeat","background-position":"center center","background-size":"auto","background-attachment":"scroll","background-type":"","background-media":"","overlay-type":"","overlay-color":"","overlay-opacity":"","overlay-gradient":""}},"ast-content-background-meta":{"desktop":{"background-color":"var(--ast-global-color-5)","background-image":"","background-repeat":"repeat","background-position":"center center","background-size":"auto","background-attachment":"scroll","background-type":"","background-media":"","overlay-type":"","overlay-color":"","overlay-opacity":"","overlay-gradient":""},"tablet":{"background-color":"var(--ast-global-color-5)","background-image":"","background-repeat":"repeat","background-position":"center center","background-size":"auto","background-attachment":"scroll","background-type":"","background-media":"","overlay-type":"","overlay-color":"","overlay-opacity":"","overlay-gradient":""},"mobile":{"background-color":"var(--ast-global-color-5)","background-image":"","background-repeat":"repeat","background-position":"center center","background-size":"auto","background-attachment":"scroll","background-type":"","background-media":"","overlay-type":"","overlay-color":"","overlay-opacity":"","overlay-gradient":""}}},"product_brand":[],"product_cat":[34225],"product_tag":[],"pa_brand_name":[25035],"class_list":{"0":"post-120951","1":"product","2":"type-product","3":"status-publish","4":"has-post-thumbnail","6":"product_cat-summer-tires-pv","7":"pa_brand_name-continental","8":"desktop-align-left","9":"tablet-align-left","10":"mobile-align-left","12":"first","13":"outofstock","14":"taxable","15":"shipping-taxable","16":"purchasable","17":"product-type-simple"},"_links":{"self":[{"href":"https:\/\/shop.rettum.ee\/en\/wp-json\/wp\/v2\/product\/120951","targetHints":{"allow":["GET"]}}],"collection":[{"href":"https:\/\/shop.rettum.ee\/en\/wp-json\/wp\/v2\/product"}],"about":[{"href":"https:\/\/shop.rettum.ee\/en\/wp-json\/wp\/v2\/types\/product"}],"version-history":[{"count":1,"href":"https:\/\/shop.rettum.ee\/en\/wp-json\/wp\/v2\/product\/120951\/revisions"}],"predecessor-version":[{"id":125644,"href":"https:\/\/shop.rettum.ee\/en\/wp-json\/wp\/v2\/product\/120951\/revisions\/125644"}],"wp:featuredmedia":[{"embeddable":true,"href":"https:\/\/shop.rettum.ee\/en\/wp-json\/wp\/v2\/media\/124868"}],"wp:attachment":[{"href":"https:\/\/shop.rettum.ee\/en\/wp-json\/wp\/v2\/media?parent=120951"}],"wp:term":[{"taxonomy":"product_brand","embeddable":true,"href":"https:\/\/shop.rettum.ee\/en\/wp-json\/wp\/v2\/product_brand?post=120951"},{"taxonomy":"product_cat","embeddable":true,"href":"https:\/\/shop.rettum.ee\/en\/wp-json\/wp\/v2\/product_cat?post=120951"},{"taxonomy":"product_tag","embeddable":true,"href":"https:\/\/shop.rettum.ee\/en\/wp-json\/wp\/v2\/product_tag?post=120951"},{"taxonomy":"pa_brand_name","embeddable":true,"href":"https:\/\/shop.rettum.ee\/en\/wp-json\/wp\/v2\/pa_brand_name?post=120951"}],"curies":[{"name":"wp","href":"https:\/\/api.w.org\/{rel}","templated":true}]}}