{"id":120953,"date":"2025-03-31T03:08:23","date_gmt":"2025-03-31T00:08:23","guid":{"rendered":"https:\/\/shop.rettum.ee\/toode\/205-45r17-continental-ecocontact-6-88h-xl-aab72\/"},"modified":"2026-03-22T03:06:45","modified_gmt":"2026-03-22T01:06:45","slug":"205-45r17-continental-ecocontact-6-88h-xl-aab72","status":"publish","type":"product","link":"https:\/\/shop.rettum.ee\/en\/product\/205-45r17-continental-ecocontact-6-88h-xl-aab72\/","title":{"rendered":"205\/45R17 CONTINENTAL ECOCONTACT 6 88H XL AAB72"},"content":{"rendered":"<p>205\/45R17 CONTINENTAL ECOCONTACT 6 88H XL AAB72 on ideaalne rehviv\u00f5imalus t\u00e4nap\u00e4evastele s\u00f5iduautojuhtidele, pakkudes suurep\u00e4rast haarduvust ja madalat veeretakistust. See Continentali meisterteos \u00fchendab tipptasemel tehnoloogia ja innovatsiooni, tagades parima j\u00f5udluse nii kuivadel kui m\u00e4rgadel teedel. Rehvi unikaalne m\u00e4rgkatus disain on loodud optimaalseks veepidu ja l\u00fchendatud pidurdusdistantsi saavutamiseks, mis suurendab s\u00f5iduj\u00f5ulisust ja turvalisust igas olukorras. XL-klass t\u00e4hendab t\u00e4iendavat koormustaluvust, v\u00f5imaldades turvalist ja mugavat s\u00f5itu ka n\u00f5udlikes tingimustes.<\/p>\n<p>Optimaalsed m\u00f5\u00f5tmed 205\/45R17 tagavad stabiilsuse ja sportliku v\u00e4limuse, muutes selle rehvi sobivaks nii igap\u00e4evaseks s\u00f5iduks kui ka keerulisemateks jalgs\u00f5itudeks. Continental EcoContact 6 on loodud pakkuma s\u00f5idukile parimat k\u00fctuses\u00e4\u00e4stlikkust ja pikemat kasutusiga, v\u00e4hendades samal ajal keskkonnajalaj\u00e4lge. Investeeri oma s\u00f5iduohutusse ja s\u00f5idumugavusse \u2013 vali 205\/45R17 CONTINENTAL ECOCONTACT 6 88H XL AAB72 ning naudi kvaliteeti, mida saab tunda igas s\u00f5idul.<\/p>","protected":false},"excerpt":{"rendered":"<p>205\/45R17 CONTINENTAL ECOCONTACT 6 88H XL AAB72 on ideaalne rehviv\u00f5imalus t\u00e4nap\u00e4evastele s\u00f5iduautojuhtidele, pakkudes suurep\u00e4rast haarduvust ja madalat veeretakistust. See Continentali meisterteos \u00fchendab tipptasemel tehnoloogia ja innovatsiooni, tagades parima j\u00f5udluse nii kuivadel kui m\u00e4rgadel teedel. Rehvi unikaalne m\u00e4rgkatus disain on loodud optimaalseks veepidu ja l\u00fchendatud pidurdusdistantsi saavutamiseks, mis suurendab s\u00f5iduj\u00f5ulisust ja turvalisust igas olukorras. XL-klass t\u00e4hendab [&hellip;]<\/p>\n","protected":false},"featured_media":124867,"template":"","meta":{"site-sidebar-layout":"default","site-content-layout":"","ast-site-content-layout":"","site-content-style":"default","site-sidebar-style":"default","ast-global-header-display":"","ast-banner-title-visibility":"","ast-main-header-display":"","ast-hfb-above-header-display":"","ast-hfb-below-header-display":"","ast-hfb-mobile-header-display":"","site-post-title":"","ast-breadcrumbs-content":"","ast-featured-img":"","footer-sml-layout":"","theme-transparent-header-meta":"","adv-header-id-meta":"","stick-header-meta":"","header-above-stick-meta":"","header-main-stick-meta":"","header-below-stick-meta":"","astra-migrate-meta-layouts":"default","ast-page-background-enabled":"default","ast-page-background-meta":{"desktop":{"background-color":"","background-image":"","background-repeat":"repeat","background-position":"center center","background-size":"auto","background-attachment":"scroll","background-type":"","background-media":"","overlay-type":"","overlay-color":"","overlay-opacity":"","overlay-gradient":""},"tablet":{"background-color":"","background-image":"","background-repeat":"repeat","background-position":"center center","background-size":"auto","background-attachment":"scroll","background-type":"","background-media":"","overlay-type":"","overlay-color":"","overlay-opacity":"","overlay-gradient":""},"mobile":{"background-color":"","background-image":"","background-repeat":"repeat","background-position":"center center","background-size":"auto","background-attachment":"scroll","background-type":"","background-media":"","overlay-type":"","overlay-color":"","overlay-opacity":"","overlay-gradient":""}},"ast-content-background-meta":{"desktop":{"background-color":"var(--ast-global-color-5)","background-image":"","background-repeat":"repeat","background-position":"center center","background-size":"auto","background-attachment":"scroll","background-type":"","background-media":"","overlay-type":"","overlay-color":"","overlay-opacity":"","overlay-gradient":""},"tablet":{"background-color":"var(--ast-global-color-5)","background-image":"","background-repeat":"repeat","background-position":"center center","background-size":"auto","background-attachment":"scroll","background-type":"","background-media":"","overlay-type":"","overlay-color":"","overlay-opacity":"","overlay-gradient":""},"mobile":{"background-color":"var(--ast-global-color-5)","background-image":"","background-repeat":"repeat","background-position":"center center","background-size":"auto","background-attachment":"scroll","background-type":"","background-media":"","overlay-type":"","overlay-color":"","overlay-opacity":"","overlay-gradient":""}}},"product_brand":[],"product_cat":[34225],"product_tag":[],"pa_brand_name":[25035],"class_list":{"0":"post-120953","1":"product","2":"type-product","3":"status-publish","4":"has-post-thumbnail","6":"product_cat-summer-tires-pv","7":"pa_brand_name-continental","8":"desktop-align-left","9":"tablet-align-left","10":"mobile-align-left","12":"first","13":"outofstock","14":"taxable","15":"shipping-taxable","16":"purchasable","17":"product-type-simple"},"_links":{"self":[{"href":"https:\/\/shop.rettum.ee\/en\/wp-json\/wp\/v2\/product\/120953","targetHints":{"allow":["GET"]}}],"collection":[{"href":"https:\/\/shop.rettum.ee\/en\/wp-json\/wp\/v2\/product"}],"about":[{"href":"https:\/\/shop.rettum.ee\/en\/wp-json\/wp\/v2\/types\/product"}],"version-history":[{"count":1,"href":"https:\/\/shop.rettum.ee\/en\/wp-json\/wp\/v2\/product\/120953\/revisions"}],"predecessor-version":[{"id":125642,"href":"https:\/\/shop.rettum.ee\/en\/wp-json\/wp\/v2\/product\/120953\/revisions\/125642"}],"wp:featuredmedia":[{"embeddable":true,"href":"https:\/\/shop.rettum.ee\/en\/wp-json\/wp\/v2\/media\/124867"}],"wp:attachment":[{"href":"https:\/\/shop.rettum.ee\/en\/wp-json\/wp\/v2\/media?parent=120953"}],"wp:term":[{"taxonomy":"product_brand","embeddable":true,"href":"https:\/\/shop.rettum.ee\/en\/wp-json\/wp\/v2\/product_brand?post=120953"},{"taxonomy":"product_cat","embeddable":true,"href":"https:\/\/shop.rettum.ee\/en\/wp-json\/wp\/v2\/product_cat?post=120953"},{"taxonomy":"product_tag","embeddable":true,"href":"https:\/\/shop.rettum.ee\/en\/wp-json\/wp\/v2\/product_tag?post=120953"},{"taxonomy":"pa_brand_name","embeddable":true,"href":"https:\/\/shop.rettum.ee\/en\/wp-json\/wp\/v2\/pa_brand_name?post=120953"}],"curies":[{"name":"wp","href":"https:\/\/api.w.org\/{rel}","templated":true}]}}