{"id":120954,"date":"2025-03-31T03:08:24","date_gmt":"2025-03-31T00:08:24","guid":{"rendered":"https:\/\/shop.rettum.ee\/toode\/205-55r17-continental-ecocontact-6-91v-aab71\/"},"modified":"2026-03-22T03:06:45","modified_gmt":"2026-03-22T01:06:45","slug":"205-55r17-continental-ecocontact-6-91v-aab71","status":"publish","type":"product","link":"https:\/\/shop.rettum.ee\/en\/product\/205-55r17-continental-ecocontact-6-91v-aab71\/","title":{"rendered":"205\/55R17 CONTINENTAL ECOCONTACT 6 91V AAB71"},"content":{"rendered":"<p>Continental ECOCONTACT 6 rehvikombinatsioon 205\/55R17 on ideaalne valik keskmise suurusega s\u00f5iduautodele, pakkudes \u00fchtaegu silmapaistvat energiat\u00f5husust ja ohutut s\u00f5iduk\u00e4itumist. Selle innovaatilise disainiga rehvid on loodud v\u00e4hendama veeretimisraskust, mis aitab kaasa madalamatele k\u00fctusekuludele ja v\u00e4iksematele heitmetele. Continental EcoContact 6 on optimeeritud tagama usaldusv\u00e4\u00e4rse haarduvuse nii kuival kui ka m\u00e4rjal teel, pakkudes seel\u00e4bi kindlat s\u00f5idustiili igas olukorras.<\/p>\n<p>Rehvi m\u00f5\u00f5tmed 205\/55R17 annavad stabiilse ja mugava s\u00f5idu ning sobivad suurep\u00e4raselt t\u00e4navaolukorda ja maanteede mitmekesistele tingimustele. Kiirusklass V tagab, et rehvid vastavad k\u00f5rgetele j\u00f5udlusn\u00f5uetele, v\u00f5imaldades ohutut s\u00f5itu kuni 240 km\/h. Samuti on rehvil koormusindeks 91, mis t\u00e4hendab suurt koormustaluvust ja pikendatud rehvide eluea.<\/p>\n<p>Continental br\u00e4nd on tuntud oma kvaliteedi ja innovatsiooni poolest, mist\u00f5ttu on ECOCONTACT 6 usaldusv\u00e4\u00e4rne partner nii igap\u00e4eva s\u00f5itudeks kui ka n\u00f5udlikeks tingimusteks. Vali Continental ECOCONTACT 6, et nautida turvalist, k\u00fctuses\u00e4\u00e4stlikku ja j\u00e4tkusuutlikku s\u00f5idukogemust.<\/p>","protected":false},"excerpt":{"rendered":"<p>Continental ECOCONTACT 6 rehvikombinatsioon 205\/55R17 on ideaalne valik keskmise suurusega s\u00f5iduautodele, pakkudes \u00fchtaegu silmapaistvat energiat\u00f5husust ja ohutut s\u00f5iduk\u00e4itumist. Selle innovaatilise disainiga rehvid on loodud v\u00e4hendama veeretimisraskust, mis aitab kaasa madalamatele k\u00fctusekuludele ja v\u00e4iksematele heitmetele. Continental EcoContact 6 on optimeeritud tagama usaldusv\u00e4\u00e4rse haarduvuse nii kuival kui ka m\u00e4rjal teel, pakkudes seel\u00e4bi kindlat s\u00f5idustiili igas olukorras. Rehvi [&hellip;]<\/p>\n","protected":false},"featured_media":124867,"template":"","meta":{"site-sidebar-layout":"default","site-content-layout":"","ast-site-content-layout":"","site-content-style":"default","site-sidebar-style":"default","ast-global-header-display":"","ast-banner-title-visibility":"","ast-main-header-display":"","ast-hfb-above-header-display":"","ast-hfb-below-header-display":"","ast-hfb-mobile-header-display":"","site-post-title":"","ast-breadcrumbs-content":"","ast-featured-img":"","footer-sml-layout":"","theme-transparent-header-meta":"","adv-header-id-meta":"","stick-header-meta":"","header-above-stick-meta":"","header-main-stick-meta":"","header-below-stick-meta":"","astra-migrate-meta-layouts":"default","ast-page-background-enabled":"default","ast-page-background-meta":{"desktop":{"background-color":"","background-image":"","background-repeat":"repeat","background-position":"center center","background-size":"auto","background-attachment":"scroll","background-type":"","background-media":"","overlay-type":"","overlay-color":"","overlay-opacity":"","overlay-gradient":""},"tablet":{"background-color":"","background-image":"","background-repeat":"repeat","background-position":"center center","background-size":"auto","background-attachment":"scroll","background-type":"","background-media":"","overlay-type":"","overlay-color":"","overlay-opacity":"","overlay-gradient":""},"mobile":{"background-color":"","background-image":"","background-repeat":"repeat","background-position":"center center","background-size":"auto","background-attachment":"scroll","background-type":"","background-media":"","overlay-type":"","overlay-color":"","overlay-opacity":"","overlay-gradient":""}},"ast-content-background-meta":{"desktop":{"background-color":"var(--ast-global-color-5)","background-image":"","background-repeat":"repeat","background-position":"center center","background-size":"auto","background-attachment":"scroll","background-type":"","background-media":"","overlay-type":"","overlay-color":"","overlay-opacity":"","overlay-gradient":""},"tablet":{"background-color":"var(--ast-global-color-5)","background-image":"","background-repeat":"repeat","background-position":"center center","background-size":"auto","background-attachment":"scroll","background-type":"","background-media":"","overlay-type":"","overlay-color":"","overlay-opacity":"","overlay-gradient":""},"mobile":{"background-color":"var(--ast-global-color-5)","background-image":"","background-repeat":"repeat","background-position":"center center","background-size":"auto","background-attachment":"scroll","background-type":"","background-media":"","overlay-type":"","overlay-color":"","overlay-opacity":"","overlay-gradient":""}}},"product_brand":[],"product_cat":[34225],"product_tag":[],"pa_brand_name":[25035],"class_list":{"0":"post-120954","1":"product","2":"type-product","3":"status-publish","4":"has-post-thumbnail","6":"product_cat-summer-tires-pv","7":"pa_brand_name-continental","8":"desktop-align-left","9":"tablet-align-left","10":"mobile-align-left","12":"first","13":"outofstock","14":"taxable","15":"shipping-taxable","16":"purchasable","17":"product-type-simple"},"_links":{"self":[{"href":"https:\/\/shop.rettum.ee\/en\/wp-json\/wp\/v2\/product\/120954","targetHints":{"allow":["GET"]}}],"collection":[{"href":"https:\/\/shop.rettum.ee\/en\/wp-json\/wp\/v2\/product"}],"about":[{"href":"https:\/\/shop.rettum.ee\/en\/wp-json\/wp\/v2\/types\/product"}],"version-history":[{"count":1,"href":"https:\/\/shop.rettum.ee\/en\/wp-json\/wp\/v2\/product\/120954\/revisions"}],"predecessor-version":[{"id":125640,"href":"https:\/\/shop.rettum.ee\/en\/wp-json\/wp\/v2\/product\/120954\/revisions\/125640"}],"wp:featuredmedia":[{"embeddable":true,"href":"https:\/\/shop.rettum.ee\/en\/wp-json\/wp\/v2\/media\/124867"}],"wp:attachment":[{"href":"https:\/\/shop.rettum.ee\/en\/wp-json\/wp\/v2\/media?parent=120954"}],"wp:term":[{"taxonomy":"product_brand","embeddable":true,"href":"https:\/\/shop.rettum.ee\/en\/wp-json\/wp\/v2\/product_brand?post=120954"},{"taxonomy":"product_cat","embeddable":true,"href":"https:\/\/shop.rettum.ee\/en\/wp-json\/wp\/v2\/product_cat?post=120954"},{"taxonomy":"product_tag","embeddable":true,"href":"https:\/\/shop.rettum.ee\/en\/wp-json\/wp\/v2\/product_tag?post=120954"},{"taxonomy":"pa_brand_name","embeddable":true,"href":"https:\/\/shop.rettum.ee\/en\/wp-json\/wp\/v2\/pa_brand_name?post=120954"}],"curies":[{"name":"wp","href":"https:\/\/api.w.org\/{rel}","templated":true}]}}