{"id":120955,"date":"2025-03-31T03:08:24","date_gmt":"2025-03-31T00:08:24","guid":{"rendered":"https:\/\/shop.rettum.ee\/toode\/205-55r17-continental-ecocontact-6-91w-mo-abb71\/"},"modified":"2026-03-22T03:06:46","modified_gmt":"2026-03-22T01:06:46","slug":"205-55r17-continental-ecocontact-6-91w-mo-abb71","status":"publish","type":"product","link":"https:\/\/shop.rettum.ee\/en\/product\/205-55r17-continental-ecocontact-6-91w-mo-abb71\/","title":{"rendered":"205\/55R17 CONTINENTAL ECOCONTACT 6 91W MO ABB71"},"content":{"rendered":"<p>Continental EcoContact 6 rehvid m\u00f5\u00f5dus 205\/55R17 on loodud t\u00e4nap\u00e4evaste s\u00f5iduvajaduste rahuldamiseks. Need rehvid tagavad suurep\u00e4rase teepidavuse nii m\u00e4rgadel kui kuivadel teedel, pakkudes kindlat kontakti tee ja rehvi vahel. 91 koormusindeksi ja W kiirusklassi (sobib kuni 270 km\/h) abil on need rehvid optimeeritud nii k\u00fctuse\u00f6konoomsuse kui ka ohutu s\u00f5idu jaoks.<\/p>\n<p>EcoContact 6 on osa rangelt testitud ja innovatsiooni r\u00f5hutavast Continental\u2019i rehvide liinist, kus madal veeretakistus aitab v\u00e4hendada k\u00fctusekulu ning CO2 emissiooni. See on ideaalne valik s\u00f5idukijuhtidele, kes otsivad kombinatsiooni turvalisusest, efektiivsusest ja keskkonnas\u00f5bralikkusest. MO ABB71 kood kinnitab rehvi kvaliteeti ning vastavust rangetele standarditele. Valides Continental EcoContact 6 rehvid, saad usaldusv\u00e4\u00e4rse ja kestva lahenduse, mis tagab mugava ja stabiilse s\u00f5idukogemuse igas olukorras.<\/p>","protected":false},"excerpt":{"rendered":"<p>Continental EcoContact 6 rehvid m\u00f5\u00f5dus 205\/55R17 on loodud t\u00e4nap\u00e4evaste s\u00f5iduvajaduste rahuldamiseks. Need rehvid tagavad suurep\u00e4rase teepidavuse nii m\u00e4rgadel kui kuivadel teedel, pakkudes kindlat kontakti tee ja rehvi vahel. 91 koormusindeksi ja W kiirusklassi (sobib kuni 270 km\/h) abil on need rehvid optimeeritud nii k\u00fctuse\u00f6konoomsuse kui ka ohutu s\u00f5idu jaoks. EcoContact 6 on osa rangelt testitud [&hellip;]<\/p>\n","protected":false},"featured_media":124867,"template":"","meta":{"site-sidebar-layout":"default","site-content-layout":"","ast-site-content-layout":"","site-content-style":"default","site-sidebar-style":"default","ast-global-header-display":"","ast-banner-title-visibility":"","ast-main-header-display":"","ast-hfb-above-header-display":"","ast-hfb-below-header-display":"","ast-hfb-mobile-header-display":"","site-post-title":"","ast-breadcrumbs-content":"","ast-featured-img":"","footer-sml-layout":"","theme-transparent-header-meta":"","adv-header-id-meta":"","stick-header-meta":"","header-above-stick-meta":"","header-main-stick-meta":"","header-below-stick-meta":"","astra-migrate-meta-layouts":"default","ast-page-background-enabled":"default","ast-page-background-meta":{"desktop":{"background-color":"","background-image":"","background-repeat":"repeat","background-position":"center center","background-size":"auto","background-attachment":"scroll","background-type":"","background-media":"","overlay-type":"","overlay-color":"","overlay-opacity":"","overlay-gradient":""},"tablet":{"background-color":"","background-image":"","background-repeat":"repeat","background-position":"center center","background-size":"auto","background-attachment":"scroll","background-type":"","background-media":"","overlay-type":"","overlay-color":"","overlay-opacity":"","overlay-gradient":""},"mobile":{"background-color":"","background-image":"","background-repeat":"repeat","background-position":"center center","background-size":"auto","background-attachment":"scroll","background-type":"","background-media":"","overlay-type":"","overlay-color":"","overlay-opacity":"","overlay-gradient":""}},"ast-content-background-meta":{"desktop":{"background-color":"var(--ast-global-color-5)","background-image":"","background-repeat":"repeat","background-position":"center center","background-size":"auto","background-attachment":"scroll","background-type":"","background-media":"","overlay-type":"","overlay-color":"","overlay-opacity":"","overlay-gradient":""},"tablet":{"background-color":"var(--ast-global-color-5)","background-image":"","background-repeat":"repeat","background-position":"center center","background-size":"auto","background-attachment":"scroll","background-type":"","background-media":"","overlay-type":"","overlay-color":"","overlay-opacity":"","overlay-gradient":""},"mobile":{"background-color":"var(--ast-global-color-5)","background-image":"","background-repeat":"repeat","background-position":"center center","background-size":"auto","background-attachment":"scroll","background-type":"","background-media":"","overlay-type":"","overlay-color":"","overlay-opacity":"","overlay-gradient":""}}},"product_brand":[],"product_cat":[34225],"product_tag":[],"pa_brand_name":[25035],"class_list":{"0":"post-120955","1":"product","2":"type-product","3":"status-publish","4":"has-post-thumbnail","6":"product_cat-summer-tires-pv","7":"pa_brand_name-continental","8":"desktop-align-left","9":"tablet-align-left","10":"mobile-align-left","12":"first","13":"outofstock","14":"taxable","15":"shipping-taxable","16":"purchasable","17":"product-type-simple"},"_links":{"self":[{"href":"https:\/\/shop.rettum.ee\/en\/wp-json\/wp\/v2\/product\/120955","targetHints":{"allow":["GET"]}}],"collection":[{"href":"https:\/\/shop.rettum.ee\/en\/wp-json\/wp\/v2\/product"}],"about":[{"href":"https:\/\/shop.rettum.ee\/en\/wp-json\/wp\/v2\/types\/product"}],"version-history":[{"count":1,"href":"https:\/\/shop.rettum.ee\/en\/wp-json\/wp\/v2\/product\/120955\/revisions"}],"predecessor-version":[{"id":125641,"href":"https:\/\/shop.rettum.ee\/en\/wp-json\/wp\/v2\/product\/120955\/revisions\/125641"}],"wp:featuredmedia":[{"embeddable":true,"href":"https:\/\/shop.rettum.ee\/en\/wp-json\/wp\/v2\/media\/124867"}],"wp:attachment":[{"href":"https:\/\/shop.rettum.ee\/en\/wp-json\/wp\/v2\/media?parent=120955"}],"wp:term":[{"taxonomy":"product_brand","embeddable":true,"href":"https:\/\/shop.rettum.ee\/en\/wp-json\/wp\/v2\/product_brand?post=120955"},{"taxonomy":"product_cat","embeddable":true,"href":"https:\/\/shop.rettum.ee\/en\/wp-json\/wp\/v2\/product_cat?post=120955"},{"taxonomy":"product_tag","embeddable":true,"href":"https:\/\/shop.rettum.ee\/en\/wp-json\/wp\/v2\/product_tag?post=120955"},{"taxonomy":"pa_brand_name","embeddable":true,"href":"https:\/\/shop.rettum.ee\/en\/wp-json\/wp\/v2\/pa_brand_name?post=120955"}],"curies":[{"name":"wp","href":"https:\/\/api.w.org\/{rel}","templated":true}]}}