{"id":120956,"date":"2025-03-31T03:08:25","date_gmt":"2025-03-31T00:08:25","guid":{"rendered":"https:\/\/shop.rettum.ee\/toode\/205-55r17-continental-premiumcontact-6-95v-xl-fr-cab72\/"},"modified":"2026-03-22T03:06:46","modified_gmt":"2026-03-22T01:06:46","slug":"205-55r17-continental-premiumcontact-6-95v-xl-fr-cab72","status":"publish","type":"product","link":"https:\/\/shop.rettum.ee\/en\/product\/205-55r17-continental-premiumcontact-6-95v-xl-fr-cab72\/","title":{"rendered":"205\/55R17 CONTINENTAL PREMIUMCONTACT 6 95V XL FR CAB72"},"content":{"rendered":"<p>Continental PremiumContact 6 205\/55R17 on tippkvaliteediga rehv, mis on loodud pakkuma erakordset s\u00f5iduj\u00f5udlust ja turvalisust igas olukorras. Selle t\u00e4pne disain ja uuenduslik tehnoloogia tagavad suurep\u00e4rase haardumise nii m\u00e4rgadel kui kuival teel, v\u00e4hendades aquaplaning&#8217;i riski ning v\u00f5imaldades auto stabiilsust ka ootamatutes s\u00f5idutingimustes.<\/p>\n<p>Rehvi m\u00f5\u00f5tmed (205\/55R17) sobivad h\u00e4sti mitmetele kaasaegsetele s\u00f5iduautodele, pakkudes t\u00e4iuslikku kombinatsiooni mugavusest, j\u00f5udlusest ja ohutusest. XL versioon, mille koormusindeks on 95V, v\u00f5imaldab suuremat koormust ja tagab seel\u00e4bi rehvile lisatugevdust ning pikema eluea. Eriline BR CAB72 konstruktsioon lisab rehvile veelgi tugevust ja vastupidavust, muutes selle ideaalseks igap\u00e4evasteks ja pikemateks s\u00f5itudeks.<\/p>\n<p>Continental PremiumContact 6 on ideaalne valik neile, kes hindavad tipptasemel kvaliteeti ja usaldusv\u00e4\u00e4rsust. See rehv vastab rangetele kvaliteedin\u00f5uetele ja pakub k\u00f5rget s\u00f5idumugavust ning madalat k\u00fctusekulu, tagades samal ajal maksimaalse turvalisuse ja efektiivsuse igal teel.<\/p>","protected":false},"excerpt":{"rendered":"<p>Continental PremiumContact 6 205\/55R17 on tippkvaliteediga rehv, mis on loodud pakkuma erakordset s\u00f5iduj\u00f5udlust ja turvalisust igas olukorras. Selle t\u00e4pne disain ja uuenduslik tehnoloogia tagavad suurep\u00e4rase haardumise nii m\u00e4rgadel kui kuival teel, v\u00e4hendades aquaplaning&#8217;i riski ning v\u00f5imaldades auto stabiilsust ka ootamatutes s\u00f5idutingimustes. Rehvi m\u00f5\u00f5tmed (205\/55R17) sobivad h\u00e4sti mitmetele kaasaegsetele s\u00f5iduautodele, pakkudes t\u00e4iuslikku kombinatsiooni mugavusest, j\u00f5udlusest ja [&hellip;]<\/p>\n","protected":false},"featured_media":124217,"template":"","meta":{"site-sidebar-layout":"default","site-content-layout":"","ast-site-content-layout":"","site-content-style":"default","site-sidebar-style":"default","ast-global-header-display":"","ast-banner-title-visibility":"","ast-main-header-display":"","ast-hfb-above-header-display":"","ast-hfb-below-header-display":"","ast-hfb-mobile-header-display":"","site-post-title":"","ast-breadcrumbs-content":"","ast-featured-img":"","footer-sml-layout":"","theme-transparent-header-meta":"","adv-header-id-meta":"","stick-header-meta":"","header-above-stick-meta":"","header-main-stick-meta":"","header-below-stick-meta":"","astra-migrate-meta-layouts":"default","ast-page-background-enabled":"default","ast-page-background-meta":{"desktop":{"background-color":"","background-image":"","background-repeat":"repeat","background-position":"center center","background-size":"auto","background-attachment":"scroll","background-type":"","background-media":"","overlay-type":"","overlay-color":"","overlay-opacity":"","overlay-gradient":""},"tablet":{"background-color":"","background-image":"","background-repeat":"repeat","background-position":"center center","background-size":"auto","background-attachment":"scroll","background-type":"","background-media":"","overlay-type":"","overlay-color":"","overlay-opacity":"","overlay-gradient":""},"mobile":{"background-color":"","background-image":"","background-repeat":"repeat","background-position":"center center","background-size":"auto","background-attachment":"scroll","background-type":"","background-media":"","overlay-type":"","overlay-color":"","overlay-opacity":"","overlay-gradient":""}},"ast-content-background-meta":{"desktop":{"background-color":"var(--ast-global-color-5)","background-image":"","background-repeat":"repeat","background-position":"center center","background-size":"auto","background-attachment":"scroll","background-type":"","background-media":"","overlay-type":"","overlay-color":"","overlay-opacity":"","overlay-gradient":""},"tablet":{"background-color":"var(--ast-global-color-5)","background-image":"","background-repeat":"repeat","background-position":"center center","background-size":"auto","background-attachment":"scroll","background-type":"","background-media":"","overlay-type":"","overlay-color":"","overlay-opacity":"","overlay-gradient":""},"mobile":{"background-color":"var(--ast-global-color-5)","background-image":"","background-repeat":"repeat","background-position":"center center","background-size":"auto","background-attachment":"scroll","background-type":"","background-media":"","overlay-type":"","overlay-color":"","overlay-opacity":"","overlay-gradient":""}}},"product_brand":[],"product_cat":[34225],"product_tag":[],"pa_brand_name":[25035],"class_list":{"0":"post-120956","1":"product","2":"type-product","3":"status-publish","4":"has-post-thumbnail","6":"product_cat-summer-tires-pv","7":"pa_brand_name-continental","8":"desktop-align-left","9":"tablet-align-left","10":"mobile-align-left","12":"first","13":"outofstock","14":"taxable","15":"shipping-taxable","16":"purchasable","17":"product-type-simple"},"_links":{"self":[{"href":"https:\/\/shop.rettum.ee\/en\/wp-json\/wp\/v2\/product\/120956","targetHints":{"allow":["GET"]}}],"collection":[{"href":"https:\/\/shop.rettum.ee\/en\/wp-json\/wp\/v2\/product"}],"about":[{"href":"https:\/\/shop.rettum.ee\/en\/wp-json\/wp\/v2\/types\/product"}],"version-history":[{"count":1,"href":"https:\/\/shop.rettum.ee\/en\/wp-json\/wp\/v2\/product\/120956\/revisions"}],"predecessor-version":[{"id":125639,"href":"https:\/\/shop.rettum.ee\/en\/wp-json\/wp\/v2\/product\/120956\/revisions\/125639"}],"wp:featuredmedia":[{"embeddable":true,"href":"https:\/\/shop.rettum.ee\/en\/wp-json\/wp\/v2\/media\/124217"}],"wp:attachment":[{"href":"https:\/\/shop.rettum.ee\/en\/wp-json\/wp\/v2\/media?parent=120956"}],"wp:term":[{"taxonomy":"product_brand","embeddable":true,"href":"https:\/\/shop.rettum.ee\/en\/wp-json\/wp\/v2\/product_brand?post=120956"},{"taxonomy":"product_cat","embeddable":true,"href":"https:\/\/shop.rettum.ee\/en\/wp-json\/wp\/v2\/product_cat?post=120956"},{"taxonomy":"product_tag","embeddable":true,"href":"https:\/\/shop.rettum.ee\/en\/wp-json\/wp\/v2\/product_tag?post=120956"},{"taxonomy":"pa_brand_name","embeddable":true,"href":"https:\/\/shop.rettum.ee\/en\/wp-json\/wp\/v2\/pa_brand_name?post=120956"}],"curies":[{"name":"wp","href":"https:\/\/api.w.org\/{rel}","templated":true}]}}