{"id":120957,"date":"2025-03-31T03:08:26","date_gmt":"2025-03-31T00:08:26","guid":{"rendered":"https:\/\/shop.rettum.ee\/toode\/215-55r17-continental-ecocontact-6-94v-abb71\/"},"modified":"2025-07-30T02:51:30","modified_gmt":"2025-07-29T23:51:30","slug":"215-55r17-continental-ecocontact-6-94v-abb71","status":"publish","type":"product","link":"https:\/\/shop.rettum.ee\/en\/product\/215-55r17-continental-ecocontact-6-94v-abb71\/","title":{"rendered":"215\/55R17 CONTINENTAL ECOCONTACT 6 94V ABB71"},"content":{"rendered":"<p>215\/55R17 Continental ECOCONTACT 6 94V ABB71 on tipptasemel s\u00f5iduauto rehv, mis \u00fchendab endas ohutuse, \u00f6konoomsuse ja tipptasemel s\u00f5idumugavuse. Continentali uusim ECOCONTACT 6 tehnoloogia tagab madalama veeretakistuse ja parema k\u00fctusekulu, v\u00f5imaldades samal ajal kindlat haarduvust nii kuival kui ka m\u00e4rjal teel.  <\/p>\n<p>Selle rehvi 94V m\u00e4rk n\u00e4itab suure koormustaluvust ja kiirusv\u00f5imet kuni 240 km\/h, pakkudes seel\u00e4bi usaldusv\u00e4\u00e4rset ja stabiilset s\u00f5idukogemust igas olukorras. ABB71 kood lisab tootjale isikup\u00e4ra, t\u00f5estades, et tegemist on hoolikalt disainitud ja kontrollitud toote jaguga, mis vastab rangetele kvaliteedistandarditele.  <\/p>\n<p>215\/55R17 m\u00f5\u00f5t tagab universaalse sobivuse erinevatele s\u00f5iduautodele, pakkudes optimaalseid s\u00f5idutingimusi ning kindlustades kiire reageerimise ootamatutel olukordadel. Continental ECOCONTACT 6 rehvid on ideaalne valik neile, kes hindavad ohutust, efektiivsust ja kvaliteeti, muutes s\u00f5idu nauditavaks ja turvaliseks igal kilomeetril.<\/p>","protected":false},"excerpt":{"rendered":"<p>215\/55R17 Continental ECOCONTACT 6 94V ABB71 on tipptasemel s\u00f5iduauto rehv, mis \u00fchendab endas ohutuse, \u00f6konoomsuse ja tipptasemel s\u00f5idumugavuse. Continentali uusim ECOCONTACT 6 tehnoloogia tagab madalama veeretakistuse ja parema k\u00fctusekulu, v\u00f5imaldades samal ajal kindlat haarduvust nii kuival kui ka m\u00e4rjal teel. Selle rehvi 94V m\u00e4rk n\u00e4itab suure koormustaluvust ja kiirusv\u00f5imet kuni 240 km\/h, pakkudes seel\u00e4bi usaldusv\u00e4\u00e4rset [&hellip;]<\/p>\n","protected":false},"featured_media":124867,"template":"","meta":{"site-sidebar-layout":"default","site-content-layout":"","ast-site-content-layout":"","site-content-style":"default","site-sidebar-style":"default","ast-global-header-display":"","ast-banner-title-visibility":"","ast-main-header-display":"","ast-hfb-above-header-display":"","ast-hfb-below-header-display":"","ast-hfb-mobile-header-display":"","site-post-title":"","ast-breadcrumbs-content":"","ast-featured-img":"","footer-sml-layout":"","theme-transparent-header-meta":"","adv-header-id-meta":"","stick-header-meta":"","header-above-stick-meta":"","header-main-stick-meta":"","header-below-stick-meta":"","astra-migrate-meta-layouts":"default","ast-page-background-enabled":"default","ast-page-background-meta":{"desktop":{"background-color":"","background-image":"","background-repeat":"repeat","background-position":"center center","background-size":"auto","background-attachment":"scroll","background-type":"","background-media":"","overlay-type":"","overlay-color":"","overlay-opacity":"","overlay-gradient":""},"tablet":{"background-color":"","background-image":"","background-repeat":"repeat","background-position":"center center","background-size":"auto","background-attachment":"scroll","background-type":"","background-media":"","overlay-type":"","overlay-color":"","overlay-opacity":"","overlay-gradient":""},"mobile":{"background-color":"","background-image":"","background-repeat":"repeat","background-position":"center center","background-size":"auto","background-attachment":"scroll","background-type":"","background-media":"","overlay-type":"","overlay-color":"","overlay-opacity":"","overlay-gradient":""}},"ast-content-background-meta":{"desktop":{"background-color":"var(--ast-global-color-5)","background-image":"","background-repeat":"repeat","background-position":"center center","background-size":"auto","background-attachment":"scroll","background-type":"","background-media":"","overlay-type":"","overlay-color":"","overlay-opacity":"","overlay-gradient":""},"tablet":{"background-color":"var(--ast-global-color-5)","background-image":"","background-repeat":"repeat","background-position":"center center","background-size":"auto","background-attachment":"scroll","background-type":"","background-media":"","overlay-type":"","overlay-color":"","overlay-opacity":"","overlay-gradient":""},"mobile":{"background-color":"var(--ast-global-color-5)","background-image":"","background-repeat":"repeat","background-position":"center center","background-size":"auto","background-attachment":"scroll","background-type":"","background-media":"","overlay-type":"","overlay-color":"","overlay-opacity":"","overlay-gradient":""}}},"product_brand":[],"product_cat":[34225],"product_tag":[],"pa_brand_name":[25035],"class_list":{"0":"post-120957","1":"product","2":"type-product","3":"status-publish","4":"has-post-thumbnail","6":"product_cat-summer-tires-pv","7":"pa_brand_name-continental","8":"desktop-align-left","9":"tablet-align-left","10":"mobile-align-left","12":"first","13":"outofstock","14":"taxable","15":"shipping-taxable","16":"purchasable","17":"product-type-simple"},"_links":{"self":[{"href":"https:\/\/shop.rettum.ee\/en\/wp-json\/wp\/v2\/product\/120957","targetHints":{"allow":["GET"]}}],"collection":[{"href":"https:\/\/shop.rettum.ee\/en\/wp-json\/wp\/v2\/product"}],"about":[{"href":"https:\/\/shop.rettum.ee\/en\/wp-json\/wp\/v2\/types\/product"}],"version-history":[{"count":1,"href":"https:\/\/shop.rettum.ee\/en\/wp-json\/wp\/v2\/product\/120957\/revisions"}],"predecessor-version":[{"id":125638,"href":"https:\/\/shop.rettum.ee\/en\/wp-json\/wp\/v2\/product\/120957\/revisions\/125638"}],"wp:featuredmedia":[{"embeddable":true,"href":"https:\/\/shop.rettum.ee\/en\/wp-json\/wp\/v2\/media\/124867"}],"wp:attachment":[{"href":"https:\/\/shop.rettum.ee\/en\/wp-json\/wp\/v2\/media?parent=120957"}],"wp:term":[{"taxonomy":"product_brand","embeddable":true,"href":"https:\/\/shop.rettum.ee\/en\/wp-json\/wp\/v2\/product_brand?post=120957"},{"taxonomy":"product_cat","embeddable":true,"href":"https:\/\/shop.rettum.ee\/en\/wp-json\/wp\/v2\/product_cat?post=120957"},{"taxonomy":"product_tag","embeddable":true,"href":"https:\/\/shop.rettum.ee\/en\/wp-json\/wp\/v2\/product_tag?post=120957"},{"taxonomy":"pa_brand_name","embeddable":true,"href":"https:\/\/shop.rettum.ee\/en\/wp-json\/wp\/v2\/pa_brand_name?post=120957"}],"curies":[{"name":"wp","href":"https:\/\/api.w.org\/{rel}","templated":true}]}}