{"id":120958,"date":"2025-03-31T03:08:27","date_gmt":"2025-03-31T00:08:27","guid":{"rendered":"https:\/\/shop.rettum.ee\/toode\/235-55r17-continental-contiecocontact-5-103h-xl-abb72\/"},"modified":"2026-03-24T02:47:32","modified_gmt":"2026-03-24T00:47:32","slug":"235-55r17-continental-contiecocontact-5-103h-xl-abb72","status":"publish","type":"product","link":"https:\/\/shop.rettum.ee\/en\/product\/235-55r17-continental-contiecocontact-5-103h-xl-abb72\/","title":{"rendered":"235\/55R17 CONTINENTAL CONTIECOCONTACT 5 103H XL ABB72"},"content":{"rendered":"<p>Continental ContiEcoContact 5 235\/55R17 on k\u00f5rgtehnoloogiline s\u00f5iduratas, mis \u00fchendab innovatsiooni ja ohutuse. See rehv, mille koormusn\u00e4itaja on 103H ja mis kuulub XL kategooriasse, tagab suurep\u00e4rase stabiilsuse ja vastupidavuse ka n\u00f5udlikes s\u00f5idutingimustes. Erilist t\u00e4helepanu on p\u00f6\u00f6ratud k\u00fctuses\u00e4\u00e4stlikkusele \u2013 optimeeritud rehvimuster v\u00e4hendab rullimisvastupanu, tagades madalamad k\u00fctusekulud ja v\u00e4iksema keskkonnajalaj\u00e4lje.<\/p>\n<p>Continental on tuntud oma k\u00f5rgekvaliteediliste ja turvaliste lahenduste poolest, ning ContiEcoContact 5 ei ole erand. Rehvi konstrueerimisel on r\u00f5hku pandud nii m\u00e4rjal kui ka kuival teel suurep\u00e4rasele veoj\u00f5ule ja pidamisele. See teeb sellest ideaalse valiku nii igap\u00e4evaseks kasutuseks kui ka pikemateks s\u00f5itudeks, pakkudes kindlustunnet ja mugavust mitmek\u00fclgsetes s\u00f5idutingimustes.<\/p>\n<p>Valides Continental ContiEcoContact 5, panustad ohutusse, \u00f6konoomsusesse ja t\u00f5husasse j\u00f5udlusesse \u2013 ideaalne lahendus t\u00e4nap\u00e4eva n\u00f5udlikule teejuhile.<\/p>","protected":false},"excerpt":{"rendered":"<p>Continental ContiEcoContact 5 235\/55R17 on k\u00f5rgtehnoloogiline s\u00f5iduratas, mis \u00fchendab innovatsiooni ja ohutuse. See rehv, mille koormusn\u00e4itaja on 103H ja mis kuulub XL kategooriasse, tagab suurep\u00e4rase stabiilsuse ja vastupidavuse ka n\u00f5udlikes s\u00f5idutingimustes. Erilist t\u00e4helepanu on p\u00f6\u00f6ratud k\u00fctuses\u00e4\u00e4stlikkusele \u2013 optimeeritud rehvimuster v\u00e4hendab rullimisvastupanu, tagades madalamad k\u00fctusekulud ja v\u00e4iksema keskkonnajalaj\u00e4lje. Continental on tuntud oma k\u00f5rgekvaliteediliste ja turvaliste lahenduste [&hellip;]<\/p>\n","protected":false},"featured_media":122949,"template":"","meta":{"site-sidebar-layout":"default","site-content-layout":"","ast-site-content-layout":"","site-content-style":"default","site-sidebar-style":"default","ast-global-header-display":"","ast-banner-title-visibility":"","ast-main-header-display":"","ast-hfb-above-header-display":"","ast-hfb-below-header-display":"","ast-hfb-mobile-header-display":"","site-post-title":"","ast-breadcrumbs-content":"","ast-featured-img":"","footer-sml-layout":"","theme-transparent-header-meta":"","adv-header-id-meta":"","stick-header-meta":"","header-above-stick-meta":"","header-main-stick-meta":"","header-below-stick-meta":"","astra-migrate-meta-layouts":"default","ast-page-background-enabled":"default","ast-page-background-meta":{"desktop":{"background-color":"","background-image":"","background-repeat":"repeat","background-position":"center center","background-size":"auto","background-attachment":"scroll","background-type":"","background-media":"","overlay-type":"","overlay-color":"","overlay-opacity":"","overlay-gradient":""},"tablet":{"background-color":"","background-image":"","background-repeat":"repeat","background-position":"center center","background-size":"auto","background-attachment":"scroll","background-type":"","background-media":"","overlay-type":"","overlay-color":"","overlay-opacity":"","overlay-gradient":""},"mobile":{"background-color":"","background-image":"","background-repeat":"repeat","background-position":"center center","background-size":"auto","background-attachment":"scroll","background-type":"","background-media":"","overlay-type":"","overlay-color":"","overlay-opacity":"","overlay-gradient":""}},"ast-content-background-meta":{"desktop":{"background-color":"var(--ast-global-color-5)","background-image":"","background-repeat":"repeat","background-position":"center center","background-size":"auto","background-attachment":"scroll","background-type":"","background-media":"","overlay-type":"","overlay-color":"","overlay-opacity":"","overlay-gradient":""},"tablet":{"background-color":"var(--ast-global-color-5)","background-image":"","background-repeat":"repeat","background-position":"center center","background-size":"auto","background-attachment":"scroll","background-type":"","background-media":"","overlay-type":"","overlay-color":"","overlay-opacity":"","overlay-gradient":""},"mobile":{"background-color":"var(--ast-global-color-5)","background-image":"","background-repeat":"repeat","background-position":"center center","background-size":"auto","background-attachment":"scroll","background-type":"","background-media":"","overlay-type":"","overlay-color":"","overlay-opacity":"","overlay-gradient":""}}},"product_brand":[],"product_cat":[34225],"product_tag":[],"pa_brand_name":[25035],"class_list":{"0":"post-120958","1":"product","2":"type-product","3":"status-publish","4":"has-post-thumbnail","6":"product_cat-summer-tires-pv","7":"pa_brand_name-continental","8":"desktop-align-left","9":"tablet-align-left","10":"mobile-align-left","12":"first","13":"instock","14":"taxable","15":"shipping-taxable","16":"purchasable","17":"product-type-simple"},"_links":{"self":[{"href":"https:\/\/shop.rettum.ee\/en\/wp-json\/wp\/v2\/product\/120958","targetHints":{"allow":["GET"]}}],"collection":[{"href":"https:\/\/shop.rettum.ee\/en\/wp-json\/wp\/v2\/product"}],"about":[{"href":"https:\/\/shop.rettum.ee\/en\/wp-json\/wp\/v2\/types\/product"}],"version-history":[{"count":1,"href":"https:\/\/shop.rettum.ee\/en\/wp-json\/wp\/v2\/product\/120958\/revisions"}],"predecessor-version":[{"id":125637,"href":"https:\/\/shop.rettum.ee\/en\/wp-json\/wp\/v2\/product\/120958\/revisions\/125637"}],"wp:featuredmedia":[{"embeddable":true,"href":"https:\/\/shop.rettum.ee\/en\/wp-json\/wp\/v2\/media\/122949"}],"wp:attachment":[{"href":"https:\/\/shop.rettum.ee\/en\/wp-json\/wp\/v2\/media?parent=120958"}],"wp:term":[{"taxonomy":"product_brand","embeddable":true,"href":"https:\/\/shop.rettum.ee\/en\/wp-json\/wp\/v2\/product_brand?post=120958"},{"taxonomy":"product_cat","embeddable":true,"href":"https:\/\/shop.rettum.ee\/en\/wp-json\/wp\/v2\/product_cat?post=120958"},{"taxonomy":"product_tag","embeddable":true,"href":"https:\/\/shop.rettum.ee\/en\/wp-json\/wp\/v2\/product_tag?post=120958"},{"taxonomy":"pa_brand_name","embeddable":true,"href":"https:\/\/shop.rettum.ee\/en\/wp-json\/wp\/v2\/pa_brand_name?post=120958"}],"curies":[{"name":"wp","href":"https:\/\/api.w.org\/{rel}","templated":true}]}}