{"id":120959,"date":"2025-03-31T03:08:28","date_gmt":"2025-03-31T00:08:28","guid":{"rendered":"https:\/\/shop.rettum.ee\/toode\/235-55r17-continental-premiumcontact-6-103w-xl-fr-cab72\/"},"modified":"2026-03-22T03:06:46","modified_gmt":"2026-03-22T01:06:46","slug":"235-55r17-continental-premiumcontact-6-103w-xl-fr-cab72","status":"publish","type":"product","link":"https:\/\/shop.rettum.ee\/en\/product\/235-55r17-continental-premiumcontact-6-103w-xl-fr-cab72\/","title":{"rendered":"235\/55R17 CONTINENTAL PREMIUMCONTACT 6 103W XL FR CAB72"},"content":{"rendered":"<p>Avasta uus continental kvaliteet Continental PremiumContact 6 rehvil, mis on loodud pakkuma turvalist ja mugavat s\u00f5idukogemust igal teel. Rehvi m\u00f5\u00f5tmed 235\/55R17 koos koormusindeksiga 103 ja kiirusklassi W tagavad ideaalse koosluse j\u00f5udluse ning stabiilsuse erinevates s\u00f5idutingimustes. XL t\u00fckk on konstrueeritud pakkuma lisatugevust ja pikendatud vastupidavust, v\u00f5imaldades s\u00f5ita enesekindlalt nii igap\u00e4evastes linnat\u00e4navates kui ka maanteedel. FR m\u00e4rgistus kinnitab rehvi optimeeritud haardumist ning suurep\u00e4rast m\u00e4rjatekide pidamist, mis on eriti oluline muutlikel ilmastikutingimustel.<\/p>\n<p>Continental PremiumContact 6 rehvid on disainitud pakkuma madalat rullimisvastupanu, mis aitab v\u00e4hendada k\u00fctusekulu ja soodustab keskkonnas\u00f5bralikumat s\u00f5itu. Innovatiivne mustri disain ja kvaliteetsed materjalid tagavad \u00fchtlase kulumise ning pikema kasutusaja. Ideaalne valik neile, kes otsivad k\u00f5rgetasemelist ohutust ja j\u00f5udlust ilma kompromissideta. S\u00f5itke turvaliselt ja kindlalt \u2013 vali Continental PremiumContact 6.<\/p>","protected":false},"excerpt":{"rendered":"<p>Avasta uus continental kvaliteet Continental PremiumContact 6 rehvil, mis on loodud pakkuma turvalist ja mugavat s\u00f5idukogemust igal teel. Rehvi m\u00f5\u00f5tmed 235\/55R17 koos koormusindeksiga 103 ja kiirusklassi W tagavad ideaalse koosluse j\u00f5udluse ning stabiilsuse erinevates s\u00f5idutingimustes. XL t\u00fckk on konstrueeritud pakkuma lisatugevust ja pikendatud vastupidavust, v\u00f5imaldades s\u00f5ita enesekindlalt nii igap\u00e4evastes linnat\u00e4navates kui ka maanteedel. FR m\u00e4rgistus [&hellip;]<\/p>\n","protected":false},"featured_media":124217,"template":"","meta":{"site-sidebar-layout":"default","site-content-layout":"","ast-site-content-layout":"","site-content-style":"default","site-sidebar-style":"default","ast-global-header-display":"","ast-banner-title-visibility":"","ast-main-header-display":"","ast-hfb-above-header-display":"","ast-hfb-below-header-display":"","ast-hfb-mobile-header-display":"","site-post-title":"","ast-breadcrumbs-content":"","ast-featured-img":"","footer-sml-layout":"","theme-transparent-header-meta":"","adv-header-id-meta":"","stick-header-meta":"","header-above-stick-meta":"","header-main-stick-meta":"","header-below-stick-meta":"","astra-migrate-meta-layouts":"default","ast-page-background-enabled":"default","ast-page-background-meta":{"desktop":{"background-color":"","background-image":"","background-repeat":"repeat","background-position":"center center","background-size":"auto","background-attachment":"scroll","background-type":"","background-media":"","overlay-type":"","overlay-color":"","overlay-opacity":"","overlay-gradient":""},"tablet":{"background-color":"","background-image":"","background-repeat":"repeat","background-position":"center center","background-size":"auto","background-attachment":"scroll","background-type":"","background-media":"","overlay-type":"","overlay-color":"","overlay-opacity":"","overlay-gradient":""},"mobile":{"background-color":"","background-image":"","background-repeat":"repeat","background-position":"center center","background-size":"auto","background-attachment":"scroll","background-type":"","background-media":"","overlay-type":"","overlay-color":"","overlay-opacity":"","overlay-gradient":""}},"ast-content-background-meta":{"desktop":{"background-color":"var(--ast-global-color-5)","background-image":"","background-repeat":"repeat","background-position":"center center","background-size":"auto","background-attachment":"scroll","background-type":"","background-media":"","overlay-type":"","overlay-color":"","overlay-opacity":"","overlay-gradient":""},"tablet":{"background-color":"var(--ast-global-color-5)","background-image":"","background-repeat":"repeat","background-position":"center center","background-size":"auto","background-attachment":"scroll","background-type":"","background-media":"","overlay-type":"","overlay-color":"","overlay-opacity":"","overlay-gradient":""},"mobile":{"background-color":"var(--ast-global-color-5)","background-image":"","background-repeat":"repeat","background-position":"center center","background-size":"auto","background-attachment":"scroll","background-type":"","background-media":"","overlay-type":"","overlay-color":"","overlay-opacity":"","overlay-gradient":""}}},"product_brand":[],"product_cat":[34225],"product_tag":[],"pa_brand_name":[25035],"class_list":{"0":"post-120959","1":"product","2":"type-product","3":"status-publish","4":"has-post-thumbnail","6":"product_cat-summer-tires-pv","7":"pa_brand_name-continental","8":"desktop-align-left","9":"tablet-align-left","10":"mobile-align-left","12":"first","13":"outofstock","14":"taxable","15":"shipping-taxable","16":"purchasable","17":"product-type-simple"},"_links":{"self":[{"href":"https:\/\/shop.rettum.ee\/en\/wp-json\/wp\/v2\/product\/120959","targetHints":{"allow":["GET"]}}],"collection":[{"href":"https:\/\/shop.rettum.ee\/en\/wp-json\/wp\/v2\/product"}],"about":[{"href":"https:\/\/shop.rettum.ee\/en\/wp-json\/wp\/v2\/types\/product"}],"version-history":[{"count":1,"href":"https:\/\/shop.rettum.ee\/en\/wp-json\/wp\/v2\/product\/120959\/revisions"}],"predecessor-version":[{"id":125635,"href":"https:\/\/shop.rettum.ee\/en\/wp-json\/wp\/v2\/product\/120959\/revisions\/125635"}],"wp:featuredmedia":[{"embeddable":true,"href":"https:\/\/shop.rettum.ee\/en\/wp-json\/wp\/v2\/media\/124217"}],"wp:attachment":[{"href":"https:\/\/shop.rettum.ee\/en\/wp-json\/wp\/v2\/media?parent=120959"}],"wp:term":[{"taxonomy":"product_brand","embeddable":true,"href":"https:\/\/shop.rettum.ee\/en\/wp-json\/wp\/v2\/product_brand?post=120959"},{"taxonomy":"product_cat","embeddable":true,"href":"https:\/\/shop.rettum.ee\/en\/wp-json\/wp\/v2\/product_cat?post=120959"},{"taxonomy":"product_tag","embeddable":true,"href":"https:\/\/shop.rettum.ee\/en\/wp-json\/wp\/v2\/product_tag?post=120959"},{"taxonomy":"pa_brand_name","embeddable":true,"href":"https:\/\/shop.rettum.ee\/en\/wp-json\/wp\/v2\/pa_brand_name?post=120959"}],"curies":[{"name":"wp","href":"https:\/\/api.w.org\/{rel}","templated":true}]}}