{"id":120960,"date":"2025-03-31T03:08:28","date_gmt":"2025-03-31T00:08:28","guid":{"rendered":"https:\/\/shop.rettum.ee\/toode\/195-60r18-continental-ecocontact-6-96h-xl-r-abb72\/"},"modified":"2026-03-26T02:45:34","modified_gmt":"2026-03-26T00:45:34","slug":"195-60r18-continental-ecocontact-6-96h-xl-r-abb72","status":"publish","type":"product","link":"https:\/\/shop.rettum.ee\/en\/product\/195-60r18-continental-ecocontact-6-96h-xl-r-abb72\/","title":{"rendered":"195\/60R18 CONTINENTAL ECOCONTACT 6 96H XL R ABB72"},"content":{"rendered":"<p>Continental ECOCONTACT 6 rehvid on ideaalne lahendus t\u00e4nap\u00e4evastele s\u00f5iduautodele, pakkudes tipptasemel k\u00fctuseefektiivsust ja maksimaalset ohutust. Mudel 195\/60R18 on v\u00e4lja t\u00f6\u00f6tatud tagamaks optimaalse s\u00f5idumugavuse ja suurep\u00e4rase haarduvusega nii kuivadel kui ka m\u00e4rgadel teedel. XL-versioon ja 96H m\u00e4rgis tagavad rehvi v\u00f5ime kanda lisakoormust ning s\u00e4ilitada k\u00f5rge kiiruspiiri, pakkudes seel\u00e4bi turvalist ja stabiilset s\u00f5idukogemust ka n\u00f5udlikes tingimustes.<\/p>\n<p>Continental ECOCONTACT 6 tehnoloogia keskmes on madal veeretakistus, mis aitab v\u00e4hendada k\u00fctusekulu ja v\u00e4hendada heitgaase, aidates samal ajal kaasa keskkonnas\u00f5bralikule s\u00f5idule. Rehvi peen disain loob t\u00e4pse ja kiire reageerimise, pakkudes kindlat juhtimist ning usaldusv\u00e4\u00e4rset pidamist nii linna- kui maanteel\u00f5igustel. Olgu tegemist igap\u00e4evase s\u00f5idu v\u00f5i pikkade teekondadega, see Continental rehvi mudel annab kindlustunde ja maksimaalse j\u00f5udluse, muutes iga s\u00f5idu nauditavaks ja turvaliseks.<\/p>\n<p>Vali Continental ECOCONTACT 6 rehvid ja koge t\u00f5elist s\u00f5idum\u00f5nu, kus innovatsioon ja ohutus k\u00e4ivad k\u00e4sik\u00e4es.<\/p>","protected":false},"excerpt":{"rendered":"<p>Continental ECOCONTACT 6 rehvid on ideaalne lahendus t\u00e4nap\u00e4evastele s\u00f5iduautodele, pakkudes tipptasemel k\u00fctuseefektiivsust ja maksimaalset ohutust. Mudel 195\/60R18 on v\u00e4lja t\u00f6\u00f6tatud tagamaks optimaalse s\u00f5idumugavuse ja suurep\u00e4rase haarduvusega nii kuivadel kui ka m\u00e4rgadel teedel. XL-versioon ja 96H m\u00e4rgis tagavad rehvi v\u00f5ime kanda lisakoormust ning s\u00e4ilitada k\u00f5rge kiiruspiiri, pakkudes seel\u00e4bi turvalist ja stabiilset s\u00f5idukogemust ka n\u00f5udlikes tingimustes. Continental [&hellip;]<\/p>\n","protected":false},"featured_media":124867,"template":"","meta":{"site-sidebar-layout":"default","site-content-layout":"","ast-site-content-layout":"","site-content-style":"default","site-sidebar-style":"default","ast-global-header-display":"","ast-banner-title-visibility":"","ast-main-header-display":"","ast-hfb-above-header-display":"","ast-hfb-below-header-display":"","ast-hfb-mobile-header-display":"","site-post-title":"","ast-breadcrumbs-content":"","ast-featured-img":"","footer-sml-layout":"","theme-transparent-header-meta":"","adv-header-id-meta":"","stick-header-meta":"","header-above-stick-meta":"","header-main-stick-meta":"","header-below-stick-meta":"","astra-migrate-meta-layouts":"default","ast-page-background-enabled":"default","ast-page-background-meta":{"desktop":{"background-color":"","background-image":"","background-repeat":"repeat","background-position":"center center","background-size":"auto","background-attachment":"scroll","background-type":"","background-media":"","overlay-type":"","overlay-color":"","overlay-opacity":"","overlay-gradient":""},"tablet":{"background-color":"","background-image":"","background-repeat":"repeat","background-position":"center center","background-size":"auto","background-attachment":"scroll","background-type":"","background-media":"","overlay-type":"","overlay-color":"","overlay-opacity":"","overlay-gradient":""},"mobile":{"background-color":"","background-image":"","background-repeat":"repeat","background-position":"center center","background-size":"auto","background-attachment":"scroll","background-type":"","background-media":"","overlay-type":"","overlay-color":"","overlay-opacity":"","overlay-gradient":""}},"ast-content-background-meta":{"desktop":{"background-color":"var(--ast-global-color-5)","background-image":"","background-repeat":"repeat","background-position":"center center","background-size":"auto","background-attachment":"scroll","background-type":"","background-media":"","overlay-type":"","overlay-color":"","overlay-opacity":"","overlay-gradient":""},"tablet":{"background-color":"var(--ast-global-color-5)","background-image":"","background-repeat":"repeat","background-position":"center center","background-size":"auto","background-attachment":"scroll","background-type":"","background-media":"","overlay-type":"","overlay-color":"","overlay-opacity":"","overlay-gradient":""},"mobile":{"background-color":"var(--ast-global-color-5)","background-image":"","background-repeat":"repeat","background-position":"center center","background-size":"auto","background-attachment":"scroll","background-type":"","background-media":"","overlay-type":"","overlay-color":"","overlay-opacity":"","overlay-gradient":""}}},"product_brand":[],"product_cat":[34225],"product_tag":[],"pa_brand_name":[25035],"class_list":{"0":"post-120960","1":"product","2":"type-product","3":"status-publish","4":"has-post-thumbnail","6":"product_cat-summer-tires-pv","7":"pa_brand_name-continental","8":"desktop-align-left","9":"tablet-align-left","10":"mobile-align-left","12":"first","13":"outofstock","14":"taxable","15":"shipping-taxable","16":"purchasable","17":"product-type-simple"},"_links":{"self":[{"href":"https:\/\/shop.rettum.ee\/en\/wp-json\/wp\/v2\/product\/120960","targetHints":{"allow":["GET"]}}],"collection":[{"href":"https:\/\/shop.rettum.ee\/en\/wp-json\/wp\/v2\/product"}],"about":[{"href":"https:\/\/shop.rettum.ee\/en\/wp-json\/wp\/v2\/types\/product"}],"version-history":[{"count":1,"href":"https:\/\/shop.rettum.ee\/en\/wp-json\/wp\/v2\/product\/120960\/revisions"}],"predecessor-version":[{"id":125636,"href":"https:\/\/shop.rettum.ee\/en\/wp-json\/wp\/v2\/product\/120960\/revisions\/125636"}],"wp:featuredmedia":[{"embeddable":true,"href":"https:\/\/shop.rettum.ee\/en\/wp-json\/wp\/v2\/media\/124867"}],"wp:attachment":[{"href":"https:\/\/shop.rettum.ee\/en\/wp-json\/wp\/v2\/media?parent=120960"}],"wp:term":[{"taxonomy":"product_brand","embeddable":true,"href":"https:\/\/shop.rettum.ee\/en\/wp-json\/wp\/v2\/product_brand?post=120960"},{"taxonomy":"product_cat","embeddable":true,"href":"https:\/\/shop.rettum.ee\/en\/wp-json\/wp\/v2\/product_cat?post=120960"},{"taxonomy":"product_tag","embeddable":true,"href":"https:\/\/shop.rettum.ee\/en\/wp-json\/wp\/v2\/product_tag?post=120960"},{"taxonomy":"pa_brand_name","embeddable":true,"href":"https:\/\/shop.rettum.ee\/en\/wp-json\/wp\/v2\/pa_brand_name?post=120960"}],"curies":[{"name":"wp","href":"https:\/\/api.w.org\/{rel}","templated":true}]}}