{"id":120961,"date":"2025-03-31T03:08:29","date_gmt":"2025-03-31T00:08:29","guid":{"rendered":"https:\/\/shop.rettum.ee\/toode\/215-55r18-continental-ecocontact-6-95t-abb71\/"},"modified":"2026-03-28T02:50:55","modified_gmt":"2026-03-28T00:50:55","slug":"215-55r18-continental-ecocontact-6-95t-abb71","status":"publish","type":"product","link":"https:\/\/shop.rettum.ee\/en\/product\/215-55r18-continental-ecocontact-6-95t-abb71\/","title":{"rendered":"215\/55R18 CONTINENTAL ECOCONTACT 6 95T (+) ABB71"},"content":{"rendered":"<p>Avasta Continental ECOCONTACT 6 215\/55R18 \u2013 t\u00e4iuslik valik ohutuks, s\u00e4\u00e4stlikuks ja keskkonnas\u00f5bralikuks s\u00f5iduks. See uuenduslik suverehv on spetsiaalselt loodud maksimaalse veoj\u00f5udluse ja optimaalse pidurdusv\u00f5ime tagamiseks ka k\u00f5ige n\u00f5udlikumates tingimustes. T\u00e4nu spetsiaalselt disainitud j\u00f5uallikale ja tipptasemel kummisegule tagab ECOCONTACT 6 suurep\u00e4rase haarduvuse m\u00e4rgadel teedel, parandades nii juhitavust ja turvalisust.<\/p>\n<p>215\/55R18 suurus pakub ideaalset stabiilsust ning s\u00f5idumugavust igal kiirusel. Rehvi 95 koormusindeks v\u00f5imaldab kindlat ja sujuvat s\u00f5itu ka suurema koormuse all, samas kui T kiirusindeks tagab ohutu s\u00f5idu kuni 190 km\/h. ABB71 kood s\u00fcmboliseerib rehvi k\u00f5rget kvaliteeti ja innovaatilist tehnoloogiat, mida Continental on tuntud pakkujana.<\/p>\n<p>Valides Continental ECOCONTACT 6, investeerid sa mitte ainult s\u00f5idukohaliku ohutuse ja t\u00e4iusliku juhtitavuse, vaid panustad ka k\u00fctusekulu v\u00e4hendamisse ja keskkonnas\u00f5bralikkusse. Tee oma s\u00f5idukogemus j\u00e4tkusuutlikuks ja turvaliseks juba t\u00e4na!<\/p>","protected":false},"excerpt":{"rendered":"<p>Avasta Continental ECOCONTACT 6 215\/55R18 \u2013 t\u00e4iuslik valik ohutuks, s\u00e4\u00e4stlikuks ja keskkonnas\u00f5bralikuks s\u00f5iduks. See uuenduslik suverehv on spetsiaalselt loodud maksimaalse veoj\u00f5udluse ja optimaalse pidurdusv\u00f5ime tagamiseks ka k\u00f5ige n\u00f5udlikumates tingimustes. T\u00e4nu spetsiaalselt disainitud j\u00f5uallikale ja tipptasemel kummisegule tagab ECOCONTACT 6 suurep\u00e4rase haarduvuse m\u00e4rgadel teedel, parandades nii juhitavust ja turvalisust. 215\/55R18 suurus pakub ideaalset stabiilsust ning s\u00f5idumugavust [&hellip;]<\/p>\n","protected":false},"featured_media":124867,"template":"","meta":{"site-sidebar-layout":"default","site-content-layout":"","ast-site-content-layout":"","site-content-style":"default","site-sidebar-style":"default","ast-global-header-display":"","ast-banner-title-visibility":"","ast-main-header-display":"","ast-hfb-above-header-display":"","ast-hfb-below-header-display":"","ast-hfb-mobile-header-display":"","site-post-title":"","ast-breadcrumbs-content":"","ast-featured-img":"","footer-sml-layout":"","theme-transparent-header-meta":"","adv-header-id-meta":"","stick-header-meta":"","header-above-stick-meta":"","header-main-stick-meta":"","header-below-stick-meta":"","astra-migrate-meta-layouts":"default","ast-page-background-enabled":"default","ast-page-background-meta":{"desktop":{"background-color":"","background-image":"","background-repeat":"repeat","background-position":"center center","background-size":"auto","background-attachment":"scroll","background-type":"","background-media":"","overlay-type":"","overlay-color":"","overlay-opacity":"","overlay-gradient":""},"tablet":{"background-color":"","background-image":"","background-repeat":"repeat","background-position":"center center","background-size":"auto","background-attachment":"scroll","background-type":"","background-media":"","overlay-type":"","overlay-color":"","overlay-opacity":"","overlay-gradient":""},"mobile":{"background-color":"","background-image":"","background-repeat":"repeat","background-position":"center center","background-size":"auto","background-attachment":"scroll","background-type":"","background-media":"","overlay-type":"","overlay-color":"","overlay-opacity":"","overlay-gradient":""}},"ast-content-background-meta":{"desktop":{"background-color":"var(--ast-global-color-5)","background-image":"","background-repeat":"repeat","background-position":"center center","background-size":"auto","background-attachment":"scroll","background-type":"","background-media":"","overlay-type":"","overlay-color":"","overlay-opacity":"","overlay-gradient":""},"tablet":{"background-color":"var(--ast-global-color-5)","background-image":"","background-repeat":"repeat","background-position":"center center","background-size":"auto","background-attachment":"scroll","background-type":"","background-media":"","overlay-type":"","overlay-color":"","overlay-opacity":"","overlay-gradient":""},"mobile":{"background-color":"var(--ast-global-color-5)","background-image":"","background-repeat":"repeat","background-position":"center center","background-size":"auto","background-attachment":"scroll","background-type":"","background-media":"","overlay-type":"","overlay-color":"","overlay-opacity":"","overlay-gradient":""}}},"product_brand":[],"product_cat":[34225],"product_tag":[],"pa_brand_name":[25035],"class_list":{"0":"post-120961","1":"product","2":"type-product","3":"status-publish","4":"has-post-thumbnail","6":"product_cat-summer-tires-pv","7":"pa_brand_name-continental","8":"desktop-align-left","9":"tablet-align-left","10":"mobile-align-left","12":"first","13":"instock","14":"taxable","15":"shipping-taxable","16":"purchasable","17":"product-type-simple"},"_links":{"self":[{"href":"https:\/\/shop.rettum.ee\/en\/wp-json\/wp\/v2\/product\/120961","targetHints":{"allow":["GET"]}}],"collection":[{"href":"https:\/\/shop.rettum.ee\/en\/wp-json\/wp\/v2\/product"}],"about":[{"href":"https:\/\/shop.rettum.ee\/en\/wp-json\/wp\/v2\/types\/product"}],"version-history":[{"count":1,"href":"https:\/\/shop.rettum.ee\/en\/wp-json\/wp\/v2\/product\/120961\/revisions"}],"predecessor-version":[{"id":125634,"href":"https:\/\/shop.rettum.ee\/en\/wp-json\/wp\/v2\/product\/120961\/revisions\/125634"}],"wp:featuredmedia":[{"embeddable":true,"href":"https:\/\/shop.rettum.ee\/en\/wp-json\/wp\/v2\/media\/124867"}],"wp:attachment":[{"href":"https:\/\/shop.rettum.ee\/en\/wp-json\/wp\/v2\/media?parent=120961"}],"wp:term":[{"taxonomy":"product_brand","embeddable":true,"href":"https:\/\/shop.rettum.ee\/en\/wp-json\/wp\/v2\/product_brand?post=120961"},{"taxonomy":"product_cat","embeddable":true,"href":"https:\/\/shop.rettum.ee\/en\/wp-json\/wp\/v2\/product_cat?post=120961"},{"taxonomy":"product_tag","embeddable":true,"href":"https:\/\/shop.rettum.ee\/en\/wp-json\/wp\/v2\/product_tag?post=120961"},{"taxonomy":"pa_brand_name","embeddable":true,"href":"https:\/\/shop.rettum.ee\/en\/wp-json\/wp\/v2\/pa_brand_name?post=120961"}],"curies":[{"name":"wp","href":"https:\/\/api.w.org\/{rel}","templated":true}]}}