{"id":120962,"date":"2025-03-31T03:08:30","date_gmt":"2025-03-31T00:08:30","guid":{"rendered":"https:\/\/shop.rettum.ee\/toode\/225-45r18-continental-ecocontact-6-95y-xl-abb72\/"},"modified":"2026-03-22T03:06:47","modified_gmt":"2026-03-22T01:06:47","slug":"225-45r18-continental-ecocontact-6-95y-xl-abb72","status":"publish","type":"product","link":"https:\/\/shop.rettum.ee\/en\/product\/225-45r18-continental-ecocontact-6-95y-xl-abb72\/","title":{"rendered":"225\/45R18 CONTINENTAL ECOCONTACT 6 95Y XL (*) ABB72"},"content":{"rendered":"<p>Continental ECOCONTACT 6 rehvid suurus 225\/45R18 pakuvad erakordset ohutust ja k\u00fctuses\u00e4\u00e4stlikkust igas olukorras. Need XL-kategooria rehvid on disainitud kandma suuremat koormust, muutes need ideaalseks valikuks nii sportlikeks kui ka tavap\u00e4rasteks s\u00f5itudeks. Rehvi 95Y kiirusindeks tagab k\u00f5rge stabiilsuse ja suurep\u00e4rase reageerimisv\u00f5ime isegi \u00fclikiirete s\u00f5itude ajal.  <\/p>\n<p>ECOCONTACT 6 tehnoloogia aitab v\u00e4hendada veeretakistust, mis omakorda parandab s\u00f5iduki k\u00fctuse\u00f6konoomsust ning v\u00e4hendab CO2 heitkoguseid. Erakordne niiskete tee haardumine ja l\u00fchike pidurdusteekond omavad olulist rolli ohutuse tagamisel, eriti libedatel ja vihmastes tingimustes.  <\/p>\n<p>Continental on tuntud innovaatiliste lahenduste poolest, ning ECOCONTACT 6 rehvid esindavad seda k\u00f5rgel tasemel. Tootenumber ABB72 kinnitab nende kvaliteeti ja usaldusv\u00e4\u00e4rsust. Investeeri ohutusse ja \u00f6konoomsusse Continental rehvidega ning naudi turvalist ning efektiivset s\u00f5idukogemust igal teekonnal.<\/p>","protected":false},"excerpt":{"rendered":"<p>Continental ECOCONTACT 6 rehvid suurus 225\/45R18 pakuvad erakordset ohutust ja k\u00fctuses\u00e4\u00e4stlikkust igas olukorras. Need XL-kategooria rehvid on disainitud kandma suuremat koormust, muutes need ideaalseks valikuks nii sportlikeks kui ka tavap\u00e4rasteks s\u00f5itudeks. Rehvi 95Y kiirusindeks tagab k\u00f5rge stabiilsuse ja suurep\u00e4rase reageerimisv\u00f5ime isegi \u00fclikiirete s\u00f5itude ajal. ECOCONTACT 6 tehnoloogia aitab v\u00e4hendada veeretakistust, mis omakorda parandab s\u00f5iduki k\u00fctuse\u00f6konoomsust [&hellip;]<\/p>\n","protected":false},"featured_media":124867,"template":"","meta":{"site-sidebar-layout":"default","site-content-layout":"","ast-site-content-layout":"","site-content-style":"default","site-sidebar-style":"default","ast-global-header-display":"","ast-banner-title-visibility":"","ast-main-header-display":"","ast-hfb-above-header-display":"","ast-hfb-below-header-display":"","ast-hfb-mobile-header-display":"","site-post-title":"","ast-breadcrumbs-content":"","ast-featured-img":"","footer-sml-layout":"","theme-transparent-header-meta":"","adv-header-id-meta":"","stick-header-meta":"","header-above-stick-meta":"","header-main-stick-meta":"","header-below-stick-meta":"","astra-migrate-meta-layouts":"default","ast-page-background-enabled":"default","ast-page-background-meta":{"desktop":{"background-color":"","background-image":"","background-repeat":"repeat","background-position":"center center","background-size":"auto","background-attachment":"scroll","background-type":"","background-media":"","overlay-type":"","overlay-color":"","overlay-opacity":"","overlay-gradient":""},"tablet":{"background-color":"","background-image":"","background-repeat":"repeat","background-position":"center center","background-size":"auto","background-attachment":"scroll","background-type":"","background-media":"","overlay-type":"","overlay-color":"","overlay-opacity":"","overlay-gradient":""},"mobile":{"background-color":"","background-image":"","background-repeat":"repeat","background-position":"center center","background-size":"auto","background-attachment":"scroll","background-type":"","background-media":"","overlay-type":"","overlay-color":"","overlay-opacity":"","overlay-gradient":""}},"ast-content-background-meta":{"desktop":{"background-color":"var(--ast-global-color-5)","background-image":"","background-repeat":"repeat","background-position":"center center","background-size":"auto","background-attachment":"scroll","background-type":"","background-media":"","overlay-type":"","overlay-color":"","overlay-opacity":"","overlay-gradient":""},"tablet":{"background-color":"var(--ast-global-color-5)","background-image":"","background-repeat":"repeat","background-position":"center center","background-size":"auto","background-attachment":"scroll","background-type":"","background-media":"","overlay-type":"","overlay-color":"","overlay-opacity":"","overlay-gradient":""},"mobile":{"background-color":"var(--ast-global-color-5)","background-image":"","background-repeat":"repeat","background-position":"center center","background-size":"auto","background-attachment":"scroll","background-type":"","background-media":"","overlay-type":"","overlay-color":"","overlay-opacity":"","overlay-gradient":""}}},"product_brand":[],"product_cat":[34225],"product_tag":[],"pa_brand_name":[25035],"class_list":{"0":"post-120962","1":"product","2":"type-product","3":"status-publish","4":"has-post-thumbnail","6":"product_cat-summer-tires-pv","7":"pa_brand_name-continental","8":"desktop-align-left","9":"tablet-align-left","10":"mobile-align-left","12":"first","13":"outofstock","14":"taxable","15":"shipping-taxable","16":"purchasable","17":"product-type-simple"},"_links":{"self":[{"href":"https:\/\/shop.rettum.ee\/en\/wp-json\/wp\/v2\/product\/120962","targetHints":{"allow":["GET"]}}],"collection":[{"href":"https:\/\/shop.rettum.ee\/en\/wp-json\/wp\/v2\/product"}],"about":[{"href":"https:\/\/shop.rettum.ee\/en\/wp-json\/wp\/v2\/types\/product"}],"version-history":[{"count":1,"href":"https:\/\/shop.rettum.ee\/en\/wp-json\/wp\/v2\/product\/120962\/revisions"}],"predecessor-version":[{"id":125632,"href":"https:\/\/shop.rettum.ee\/en\/wp-json\/wp\/v2\/product\/120962\/revisions\/125632"}],"wp:featuredmedia":[{"embeddable":true,"href":"https:\/\/shop.rettum.ee\/en\/wp-json\/wp\/v2\/media\/124867"}],"wp:attachment":[{"href":"https:\/\/shop.rettum.ee\/en\/wp-json\/wp\/v2\/media?parent=120962"}],"wp:term":[{"taxonomy":"product_brand","embeddable":true,"href":"https:\/\/shop.rettum.ee\/en\/wp-json\/wp\/v2\/product_brand?post=120962"},{"taxonomy":"product_cat","embeddable":true,"href":"https:\/\/shop.rettum.ee\/en\/wp-json\/wp\/v2\/product_cat?post=120962"},{"taxonomy":"product_tag","embeddable":true,"href":"https:\/\/shop.rettum.ee\/en\/wp-json\/wp\/v2\/product_tag?post=120962"},{"taxonomy":"pa_brand_name","embeddable":true,"href":"https:\/\/shop.rettum.ee\/en\/wp-json\/wp\/v2\/pa_brand_name?post=120962"}],"curies":[{"name":"wp","href":"https:\/\/api.w.org\/{rel}","templated":true}]}}