{"id":120965,"date":"2025-03-31T03:08:32","date_gmt":"2025-03-31T00:08:32","guid":{"rendered":"https:\/\/shop.rettum.ee\/toode\/235-40r18-continental-premiumcontact-6-91y-fr-cab71\/"},"modified":"2026-03-22T03:06:47","modified_gmt":"2026-03-22T01:06:47","slug":"235-40r18-continental-premiumcontact-6-91y-fr-cab71","status":"publish","type":"product","link":"https:\/\/shop.rettum.ee\/en\/product\/235-40r18-continental-premiumcontact-6-91y-fr-cab71\/","title":{"rendered":"235\/40R18 CONTINENTAL PREMIUMCONTACT 6 91Y FR CAB71"},"content":{"rendered":"<p>CONTINENTAL PREMIUMCONTACT 6 235\/40R18 on tipptasemel rehvlahendus neile, kes hindavad sportlikku s\u00f5idunaudingut ja maksimaalset ohutust. See rehvimudel omab 91 koormusj\u00f5udlusindeksit ja Y kiirusratingi, mis tagavad rehvi usaldusv\u00e4\u00e4rse toimimise nii k\u00f5rgetel kiirustel kui ka n\u00f5udlikes s\u00f5idutingimustes. <\/p>\n<p>Innovatiivne sidepinna disain ja t\u00e4pselt optimeeritud mustrid loovad ideaalse haarduvuse nii m\u00e4rjal kui ka kuival teel, v\u00e4hendades veeretakistust ja v\u00f5imaldades kindlat juhitavust ning stabiilsust n\u00f5udlikes pidurdamisoludes. CONTINENTAL PREMIUMCONTACT 6 on loodud vastama t\u00e4nap\u00e4evaseid sportautode n\u00f5udmistele, pakkudes erakordset j\u00f5udlust ja efektiivsust igas s\u00f5iduetapis.<\/p>\n<p>Tipptehnoloogia ja hoolikalt valitud materjalid tagavad rehvi pika eluea ning suurep\u00e4rase s\u00f5idumugavuse, olles ideaalne valik autojuhtidele, kes soovivad nautida nii k\u00fctuses\u00e4\u00e4stlikkust kui ka maksimaalset turvalisust kiirel teek\u00e4igul. Vali CONTINENTAL PREMIUMCONTACT 6 ja kogema s\u00f5idu stiili ning j\u00f5udlust uuel tasemel.<\/p>","protected":false},"excerpt":{"rendered":"<p>CONTINENTAL PREMIUMCONTACT 6 235\/40R18 on tipptasemel rehvlahendus neile, kes hindavad sportlikku s\u00f5idunaudingut ja maksimaalset ohutust. See rehvimudel omab 91 koormusj\u00f5udlusindeksit ja Y kiirusratingi, mis tagavad rehvi usaldusv\u00e4\u00e4rse toimimise nii k\u00f5rgetel kiirustel kui ka n\u00f5udlikes s\u00f5idutingimustes. Innovatiivne sidepinna disain ja t\u00e4pselt optimeeritud mustrid loovad ideaalse haarduvuse nii m\u00e4rjal kui ka kuival teel, v\u00e4hendades veeretakistust ja v\u00f5imaldades [&hellip;]<\/p>\n","protected":false},"featured_media":124217,"template":"","meta":{"site-sidebar-layout":"default","site-content-layout":"","ast-site-content-layout":"","site-content-style":"default","site-sidebar-style":"default","ast-global-header-display":"","ast-banner-title-visibility":"","ast-main-header-display":"","ast-hfb-above-header-display":"","ast-hfb-below-header-display":"","ast-hfb-mobile-header-display":"","site-post-title":"","ast-breadcrumbs-content":"","ast-featured-img":"","footer-sml-layout":"","theme-transparent-header-meta":"","adv-header-id-meta":"","stick-header-meta":"","header-above-stick-meta":"","header-main-stick-meta":"","header-below-stick-meta":"","astra-migrate-meta-layouts":"default","ast-page-background-enabled":"default","ast-page-background-meta":{"desktop":{"background-color":"","background-image":"","background-repeat":"repeat","background-position":"center center","background-size":"auto","background-attachment":"scroll","background-type":"","background-media":"","overlay-type":"","overlay-color":"","overlay-opacity":"","overlay-gradient":""},"tablet":{"background-color":"","background-image":"","background-repeat":"repeat","background-position":"center center","background-size":"auto","background-attachment":"scroll","background-type":"","background-media":"","overlay-type":"","overlay-color":"","overlay-opacity":"","overlay-gradient":""},"mobile":{"background-color":"","background-image":"","background-repeat":"repeat","background-position":"center center","background-size":"auto","background-attachment":"scroll","background-type":"","background-media":"","overlay-type":"","overlay-color":"","overlay-opacity":"","overlay-gradient":""}},"ast-content-background-meta":{"desktop":{"background-color":"var(--ast-global-color-5)","background-image":"","background-repeat":"repeat","background-position":"center center","background-size":"auto","background-attachment":"scroll","background-type":"","background-media":"","overlay-type":"","overlay-color":"","overlay-opacity":"","overlay-gradient":""},"tablet":{"background-color":"var(--ast-global-color-5)","background-image":"","background-repeat":"repeat","background-position":"center center","background-size":"auto","background-attachment":"scroll","background-type":"","background-media":"","overlay-type":"","overlay-color":"","overlay-opacity":"","overlay-gradient":""},"mobile":{"background-color":"var(--ast-global-color-5)","background-image":"","background-repeat":"repeat","background-position":"center center","background-size":"auto","background-attachment":"scroll","background-type":"","background-media":"","overlay-type":"","overlay-color":"","overlay-opacity":"","overlay-gradient":""}}},"product_brand":[],"product_cat":[34225],"product_tag":[],"pa_brand_name":[25035],"class_list":{"0":"post-120965","1":"product","2":"type-product","3":"status-publish","4":"has-post-thumbnail","6":"product_cat-summer-tires-pv","7":"pa_brand_name-continental","8":"desktop-align-left","9":"tablet-align-left","10":"mobile-align-left","12":"first","13":"outofstock","14":"taxable","15":"shipping-taxable","16":"purchasable","17":"product-type-simple"},"_links":{"self":[{"href":"https:\/\/shop.rettum.ee\/en\/wp-json\/wp\/v2\/product\/120965","targetHints":{"allow":["GET"]}}],"collection":[{"href":"https:\/\/shop.rettum.ee\/en\/wp-json\/wp\/v2\/product"}],"about":[{"href":"https:\/\/shop.rettum.ee\/en\/wp-json\/wp\/v2\/types\/product"}],"version-history":[{"count":1,"href":"https:\/\/shop.rettum.ee\/en\/wp-json\/wp\/v2\/product\/120965\/revisions"}],"predecessor-version":[{"id":125629,"href":"https:\/\/shop.rettum.ee\/en\/wp-json\/wp\/v2\/product\/120965\/revisions\/125629"}],"wp:featuredmedia":[{"embeddable":true,"href":"https:\/\/shop.rettum.ee\/en\/wp-json\/wp\/v2\/media\/124217"}],"wp:attachment":[{"href":"https:\/\/shop.rettum.ee\/en\/wp-json\/wp\/v2\/media?parent=120965"}],"wp:term":[{"taxonomy":"product_brand","embeddable":true,"href":"https:\/\/shop.rettum.ee\/en\/wp-json\/wp\/v2\/product_brand?post=120965"},{"taxonomy":"product_cat","embeddable":true,"href":"https:\/\/shop.rettum.ee\/en\/wp-json\/wp\/v2\/product_cat?post=120965"},{"taxonomy":"product_tag","embeddable":true,"href":"https:\/\/shop.rettum.ee\/en\/wp-json\/wp\/v2\/product_tag?post=120965"},{"taxonomy":"pa_brand_name","embeddable":true,"href":"https:\/\/shop.rettum.ee\/en\/wp-json\/wp\/v2\/pa_brand_name?post=120965"}],"curies":[{"name":"wp","href":"https:\/\/api.w.org\/{rel}","templated":true}]}}