{"id":120966,"date":"2025-03-31T03:08:32","date_gmt":"2025-03-31T00:08:32","guid":{"rendered":"https:\/\/shop.rettum.ee\/toode\/235-40r18-continental-sportcontact-6-95y-xl-mo1-fr-cab72\/"},"modified":"2026-03-22T03:06:48","modified_gmt":"2026-03-22T01:06:48","slug":"235-40r18-continental-sportcontact-6-95y-xl-mo1-fr-cab72","status":"publish","type":"product","link":"https:\/\/shop.rettum.ee\/en\/product\/235-40r18-continental-sportcontact-6-95y-xl-mo1-fr-cab72\/","title":{"rendered":"235\/40R18 CONTINENTAL SPORTCONTACT 6 95Y XL MO1 FR CAB72"},"content":{"rendered":"<p>Continental SportContact 6 235\/40R18 on tippklassikaline suvine rehvi lahendus, mis on loodud sportlikuks ja t\u00e4pseks s\u00f5idu nautimiseks. Selle muljetavaldav disain ja uuenduslik tehnoloogia tagavad suurep\u00e4rase haarduvuse nii kuival kui ka m\u00e4rjal teel, pakkudes suuremat stabiilsust ja turvalist pidurdust. Rehvi kood 95Y XL n\u00e4itab selle k\u00f5rget koormusv\u00f5imet ja kiiruspiiri kuni 300 km\/h, muutes selle ideaalseks valikuks sportautodele ja k\u00f5rgtehnoloogilistele s\u00f5idukitele, kus iga s\u00f5it on oluline. MO1, FR ja CAB72-spetsiifilised omadused viitavad rehvi kaasaegsele koostisele ja optimeeritud mustrile, mis v\u00e4hendab veekihistumise riski ja tagab \u00fchtlase kulumise. Continental SportContact 6 pakub usaldusv\u00e4\u00e4rset j\u00f5udlust ka n\u00f5udlikes s\u00f5iduoludes, muutes selle sobivaks nii igap\u00e4evaseks s\u00f5iduks kui ka adrenaliinirikkateks s\u00f5iduseiklusteks. Valides selle rehvi, investeerid kindlusse ja s\u00f5idumugavusse, mis vastavad n\u00f5udlike autojuhtide ootustele.<\/p>","protected":false},"excerpt":{"rendered":"<p>Continental SportContact 6 235\/40R18 on tippklassikaline suvine rehvi lahendus, mis on loodud sportlikuks ja t\u00e4pseks s\u00f5idu nautimiseks. Selle muljetavaldav disain ja uuenduslik tehnoloogia tagavad suurep\u00e4rase haarduvuse nii kuival kui ka m\u00e4rjal teel, pakkudes suuremat stabiilsust ja turvalist pidurdust. Rehvi kood 95Y XL n\u00e4itab selle k\u00f5rget koormusv\u00f5imet ja kiiruspiiri kuni 300 km\/h, muutes selle ideaalseks valikuks [&hellip;]<\/p>\n","protected":false},"featured_media":124866,"template":"","meta":{"site-sidebar-layout":"default","site-content-layout":"","ast-site-content-layout":"","site-content-style":"default","site-sidebar-style":"default","ast-global-header-display":"","ast-banner-title-visibility":"","ast-main-header-display":"","ast-hfb-above-header-display":"","ast-hfb-below-header-display":"","ast-hfb-mobile-header-display":"","site-post-title":"","ast-breadcrumbs-content":"","ast-featured-img":"","footer-sml-layout":"","theme-transparent-header-meta":"","adv-header-id-meta":"","stick-header-meta":"","header-above-stick-meta":"","header-main-stick-meta":"","header-below-stick-meta":"","astra-migrate-meta-layouts":"default","ast-page-background-enabled":"default","ast-page-background-meta":{"desktop":{"background-color":"","background-image":"","background-repeat":"repeat","background-position":"center center","background-size":"auto","background-attachment":"scroll","background-type":"","background-media":"","overlay-type":"","overlay-color":"","overlay-opacity":"","overlay-gradient":""},"tablet":{"background-color":"","background-image":"","background-repeat":"repeat","background-position":"center center","background-size":"auto","background-attachment":"scroll","background-type":"","background-media":"","overlay-type":"","overlay-color":"","overlay-opacity":"","overlay-gradient":""},"mobile":{"background-color":"","background-image":"","background-repeat":"repeat","background-position":"center center","background-size":"auto","background-attachment":"scroll","background-type":"","background-media":"","overlay-type":"","overlay-color":"","overlay-opacity":"","overlay-gradient":""}},"ast-content-background-meta":{"desktop":{"background-color":"var(--ast-global-color-5)","background-image":"","background-repeat":"repeat","background-position":"center center","background-size":"auto","background-attachment":"scroll","background-type":"","background-media":"","overlay-type":"","overlay-color":"","overlay-opacity":"","overlay-gradient":""},"tablet":{"background-color":"var(--ast-global-color-5)","background-image":"","background-repeat":"repeat","background-position":"center center","background-size":"auto","background-attachment":"scroll","background-type":"","background-media":"","overlay-type":"","overlay-color":"","overlay-opacity":"","overlay-gradient":""},"mobile":{"background-color":"var(--ast-global-color-5)","background-image":"","background-repeat":"repeat","background-position":"center center","background-size":"auto","background-attachment":"scroll","background-type":"","background-media":"","overlay-type":"","overlay-color":"","overlay-opacity":"","overlay-gradient":""}}},"product_brand":[],"product_cat":[34225],"product_tag":[],"pa_brand_name":[25035],"class_list":{"0":"post-120966","1":"product","2":"type-product","3":"status-publish","4":"has-post-thumbnail","6":"product_cat-summer-tires-pv","7":"pa_brand_name-continental","8":"desktop-align-left","9":"tablet-align-left","10":"mobile-align-left","12":"first","13":"outofstock","14":"taxable","15":"shipping-taxable","16":"purchasable","17":"product-type-simple"},"_links":{"self":[{"href":"https:\/\/shop.rettum.ee\/en\/wp-json\/wp\/v2\/product\/120966","targetHints":{"allow":["GET"]}}],"collection":[{"href":"https:\/\/shop.rettum.ee\/en\/wp-json\/wp\/v2\/product"}],"about":[{"href":"https:\/\/shop.rettum.ee\/en\/wp-json\/wp\/v2\/types\/product"}],"version-history":[{"count":1,"href":"https:\/\/shop.rettum.ee\/en\/wp-json\/wp\/v2\/product\/120966\/revisions"}],"predecessor-version":[{"id":125630,"href":"https:\/\/shop.rettum.ee\/en\/wp-json\/wp\/v2\/product\/120966\/revisions\/125630"}],"wp:featuredmedia":[{"embeddable":true,"href":"https:\/\/shop.rettum.ee\/en\/wp-json\/wp\/v2\/media\/124866"}],"wp:attachment":[{"href":"https:\/\/shop.rettum.ee\/en\/wp-json\/wp\/v2\/media?parent=120966"}],"wp:term":[{"taxonomy":"product_brand","embeddable":true,"href":"https:\/\/shop.rettum.ee\/en\/wp-json\/wp\/v2\/product_brand?post=120966"},{"taxonomy":"product_cat","embeddable":true,"href":"https:\/\/shop.rettum.ee\/en\/wp-json\/wp\/v2\/product_cat?post=120966"},{"taxonomy":"product_tag","embeddable":true,"href":"https:\/\/shop.rettum.ee\/en\/wp-json\/wp\/v2\/product_tag?post=120966"},{"taxonomy":"pa_brand_name","embeddable":true,"href":"https:\/\/shop.rettum.ee\/en\/wp-json\/wp\/v2\/pa_brand_name?post=120966"}],"curies":[{"name":"wp","href":"https:\/\/api.w.org\/{rel}","templated":true}]}}