{"id":120967,"date":"2025-03-31T03:08:33","date_gmt":"2025-03-31T00:08:33","guid":{"rendered":"https:\/\/shop.rettum.ee\/toode\/235-45r18-continental-ecocontact-6-94w-seal-inside-bab71\/"},"modified":"2026-03-22T03:06:48","modified_gmt":"2026-03-22T01:06:48","slug":"235-45r18-continental-ecocontact-6-94w-seal-inside-bab71","status":"publish","type":"product","link":"https:\/\/shop.rettum.ee\/en\/product\/235-45r18-continental-ecocontact-6-94w-seal-inside-bab71\/","title":{"rendered":"235\/45R18 CONTINENTAL ECOCONTACT 6 94W Seal Inside BAB71"},"content":{"rendered":"<p>235\/45R18 Continental EcoContact 6 Seal Inside BAB71 on tipptasemel s\u00f5idu-r\u00f5\u00f5m ja ohutus \u00fches. See uuenduslik rehvimudel \u00fchendab Continental\u2019i tuntud kvaliteedi ja kestlikkuse, pakkudes suurep\u00e4rast k\u00fctuses\u00e4\u00e4stlikkust ning madalat veeretakistust. Seal Inside tehnoloogia tagab auton\u00f5udele lisakaitse \u2013 rehv suudab iseseisvalt t\u00e4tida v\u00e4iksemaid l\u00e4bit\u00f5mbeid, mis omakorda v\u00e4hendab ootamatute remondit\u00f6\u00f6de riski ja tagab sujuvama s\u00f5idukogemuse.<\/p>\n<p>Rehvi m\u00f5\u00f5tmed (235 mm laius ja 45% k\u00fclgseina proportsioon, 18-tolline jalg) sobivad suurep\u00e4raselt sportlikuks ja igap\u00e4evaseks s\u00f5iduks. Selle tugev 94W koormusindeksi ja kiirusklassi W tagavad kindla haarduvuse ka k\u00f5rgetel kiirustel ning korduvkasutuse ka n\u00f5udlikes s\u00f5idutingimustes.<\/p>\n<p>Continental EcoContact 6 Seal Inside on ideaalne valik neile, kes hindavad ohutust, kestvust ja madalaid k\u00fctusekulu arvestades keskkonnas\u00f5bralikku s\u00f5idust. See rehv on m\u00f5eldud juhtidele, kes soovivad \u00fcletada igap\u00e4evased v\u00e4ljakutsed usaldusv\u00e4\u00e4rse ja innovaatilise tehnoloogiaga rehvi abil.<\/p>","protected":false},"excerpt":{"rendered":"<p>235\/45R18 Continental EcoContact 6 Seal Inside BAB71 on tipptasemel s\u00f5idu-r\u00f5\u00f5m ja ohutus \u00fches. See uuenduslik rehvimudel \u00fchendab Continental\u2019i tuntud kvaliteedi ja kestlikkuse, pakkudes suurep\u00e4rast k\u00fctuses\u00e4\u00e4stlikkust ning madalat veeretakistust. Seal Inside tehnoloogia tagab auton\u00f5udele lisakaitse \u2013 rehv suudab iseseisvalt t\u00e4tida v\u00e4iksemaid l\u00e4bit\u00f5mbeid, mis omakorda v\u00e4hendab ootamatute remondit\u00f6\u00f6de riski ja tagab sujuvama s\u00f5idukogemuse. Rehvi m\u00f5\u00f5tmed (235 mm [&hellip;]<\/p>\n","protected":false},"featured_media":124867,"template":"","meta":{"site-sidebar-layout":"default","site-content-layout":"","ast-site-content-layout":"","site-content-style":"default","site-sidebar-style":"default","ast-global-header-display":"","ast-banner-title-visibility":"","ast-main-header-display":"","ast-hfb-above-header-display":"","ast-hfb-below-header-display":"","ast-hfb-mobile-header-display":"","site-post-title":"","ast-breadcrumbs-content":"","ast-featured-img":"","footer-sml-layout":"","theme-transparent-header-meta":"","adv-header-id-meta":"","stick-header-meta":"","header-above-stick-meta":"","header-main-stick-meta":"","header-below-stick-meta":"","astra-migrate-meta-layouts":"default","ast-page-background-enabled":"default","ast-page-background-meta":{"desktop":{"background-color":"","background-image":"","background-repeat":"repeat","background-position":"center center","background-size":"auto","background-attachment":"scroll","background-type":"","background-media":"","overlay-type":"","overlay-color":"","overlay-opacity":"","overlay-gradient":""},"tablet":{"background-color":"","background-image":"","background-repeat":"repeat","background-position":"center center","background-size":"auto","background-attachment":"scroll","background-type":"","background-media":"","overlay-type":"","overlay-color":"","overlay-opacity":"","overlay-gradient":""},"mobile":{"background-color":"","background-image":"","background-repeat":"repeat","background-position":"center center","background-size":"auto","background-attachment":"scroll","background-type":"","background-media":"","overlay-type":"","overlay-color":"","overlay-opacity":"","overlay-gradient":""}},"ast-content-background-meta":{"desktop":{"background-color":"var(--ast-global-color-5)","background-image":"","background-repeat":"repeat","background-position":"center center","background-size":"auto","background-attachment":"scroll","background-type":"","background-media":"","overlay-type":"","overlay-color":"","overlay-opacity":"","overlay-gradient":""},"tablet":{"background-color":"var(--ast-global-color-5)","background-image":"","background-repeat":"repeat","background-position":"center center","background-size":"auto","background-attachment":"scroll","background-type":"","background-media":"","overlay-type":"","overlay-color":"","overlay-opacity":"","overlay-gradient":""},"mobile":{"background-color":"var(--ast-global-color-5)","background-image":"","background-repeat":"repeat","background-position":"center center","background-size":"auto","background-attachment":"scroll","background-type":"","background-media":"","overlay-type":"","overlay-color":"","overlay-opacity":"","overlay-gradient":""}}},"product_brand":[],"product_cat":[34225],"product_tag":[],"pa_brand_name":[25035],"class_list":{"0":"post-120967","1":"product","2":"type-product","3":"status-publish","4":"has-post-thumbnail","6":"product_cat-summer-tires-pv","7":"pa_brand_name-continental","8":"desktop-align-left","9":"tablet-align-left","10":"mobile-align-left","12":"first","13":"outofstock","14":"taxable","15":"shipping-taxable","16":"purchasable","17":"product-type-simple"},"_links":{"self":[{"href":"https:\/\/shop.rettum.ee\/en\/wp-json\/wp\/v2\/product\/120967","targetHints":{"allow":["GET"]}}],"collection":[{"href":"https:\/\/shop.rettum.ee\/en\/wp-json\/wp\/v2\/product"}],"about":[{"href":"https:\/\/shop.rettum.ee\/en\/wp-json\/wp\/v2\/types\/product"}],"version-history":[{"count":1,"href":"https:\/\/shop.rettum.ee\/en\/wp-json\/wp\/v2\/product\/120967\/revisions"}],"predecessor-version":[{"id":125628,"href":"https:\/\/shop.rettum.ee\/en\/wp-json\/wp\/v2\/product\/120967\/revisions\/125628"}],"wp:featuredmedia":[{"embeddable":true,"href":"https:\/\/shop.rettum.ee\/en\/wp-json\/wp\/v2\/media\/124867"}],"wp:attachment":[{"href":"https:\/\/shop.rettum.ee\/en\/wp-json\/wp\/v2\/media?parent=120967"}],"wp:term":[{"taxonomy":"product_brand","embeddable":true,"href":"https:\/\/shop.rettum.ee\/en\/wp-json\/wp\/v2\/product_brand?post=120967"},{"taxonomy":"product_cat","embeddable":true,"href":"https:\/\/shop.rettum.ee\/en\/wp-json\/wp\/v2\/product_cat?post=120967"},{"taxonomy":"product_tag","embeddable":true,"href":"https:\/\/shop.rettum.ee\/en\/wp-json\/wp\/v2\/product_tag?post=120967"},{"taxonomy":"pa_brand_name","embeddable":true,"href":"https:\/\/shop.rettum.ee\/en\/wp-json\/wp\/v2\/pa_brand_name?post=120967"}],"curies":[{"name":"wp","href":"https:\/\/api.w.org\/{rel}","templated":true}]}}