{"id":120968,"date":"2025-03-31T03:08:34","date_gmt":"2025-03-31T00:08:34","guid":{"rendered":"https:\/\/shop.rettum.ee\/toode\/235-45r18-continental-premiumcontact-6-94v-fr-bab71\/"},"modified":"2026-03-28T02:50:55","modified_gmt":"2026-03-28T00:50:55","slug":"235-45r18-continental-premiumcontact-6-94v-fr-bab71","status":"publish","type":"product","link":"https:\/\/shop.rettum.ee\/en\/product\/235-45r18-continental-premiumcontact-6-94v-fr-bab71\/","title":{"rendered":"235\/45R18 CONTINENTAL PREMIUMCONTACT 6 94V FR BAB71"},"content":{"rendered":"<p>Continental PremiumContact 6 235\/45R18 rehvid \u00fchendavad tipptasemel tehnoloogia ja ohutuse, pakkudes s\u00f5idumugavust nii m\u00e4rgadel kui ka kuivadel teedel. Rehvi m\u00f5\u00f5tmed 235\/45R18 tagavad ideaalse kontakti teega, samas kui 94V koormusindeks ja kiirus\u00fclesanne annavad kindlustunde ka suure j\u00f5udlusega s\u00f5idutingimustes. Eriliselt optimeeritud mustriline disain soodustab vee efektiivset eemaldumist, mis v\u00e4hendab veekahjustusi ja hoiab rehvi haardumist isegi intensiivse vihmase ilma korral. <\/p>\n<p>PremiumContact 6 rehvid kasutavad kaasaegseid materjale ning innovatiivset mustri tehnoloogiat, et pakkuda madalat veeretakistust ja seel\u00e4bi \u00f6konoomset k\u00fctusekulu. FR (esirehvi) orientatsioon tagab t\u00e4pse juhitavuse ning stabiilse s\u00f5iduk\u00e4itumise ka n\u00f5udlikumates kurvides ja man\u00f6\u00f6verdamistes. <\/p>\n<p>Continental on tuntud oma p\u00fchendumuse poolest rehvide kvaliteedile ning ohutusele, mist\u00f5ttu on see mudel ideaalne valik neile, kes otsivad lisaks s\u00f5idumugavusele ka usaldusv\u00e4\u00e4rsust igas olukorras. Valides Continental PremiumContact 6 rehvid, valite tipptasemel tehnoloogia ja rangelt testitud kvaliteedi, mis tagab turvalise ja stabiilse s\u00f5idukogemuse igal teel.<\/p>","protected":false},"excerpt":{"rendered":"<p>Continental PremiumContact 6 235\/45R18 rehvid \u00fchendavad tipptasemel tehnoloogia ja ohutuse, pakkudes s\u00f5idumugavust nii m\u00e4rgadel kui ka kuivadel teedel. Rehvi m\u00f5\u00f5tmed 235\/45R18 tagavad ideaalse kontakti teega, samas kui 94V koormusindeks ja kiirus\u00fclesanne annavad kindlustunde ka suure j\u00f5udlusega s\u00f5idutingimustes. Eriliselt optimeeritud mustriline disain soodustab vee efektiivset eemaldumist, mis v\u00e4hendab veekahjustusi ja hoiab rehvi haardumist isegi intensiivse vihmase [&hellip;]<\/p>\n","protected":false},"featured_media":124217,"template":"","meta":{"site-sidebar-layout":"default","site-content-layout":"","ast-site-content-layout":"","site-content-style":"default","site-sidebar-style":"default","ast-global-header-display":"","ast-banner-title-visibility":"","ast-main-header-display":"","ast-hfb-above-header-display":"","ast-hfb-below-header-display":"","ast-hfb-mobile-header-display":"","site-post-title":"","ast-breadcrumbs-content":"","ast-featured-img":"","footer-sml-layout":"","theme-transparent-header-meta":"","adv-header-id-meta":"","stick-header-meta":"","header-above-stick-meta":"","header-main-stick-meta":"","header-below-stick-meta":"","astra-migrate-meta-layouts":"default","ast-page-background-enabled":"default","ast-page-background-meta":{"desktop":{"background-color":"","background-image":"","background-repeat":"repeat","background-position":"center center","background-size":"auto","background-attachment":"scroll","background-type":"","background-media":"","overlay-type":"","overlay-color":"","overlay-opacity":"","overlay-gradient":""},"tablet":{"background-color":"","background-image":"","background-repeat":"repeat","background-position":"center center","background-size":"auto","background-attachment":"scroll","background-type":"","background-media":"","overlay-type":"","overlay-color":"","overlay-opacity":"","overlay-gradient":""},"mobile":{"background-color":"","background-image":"","background-repeat":"repeat","background-position":"center center","background-size":"auto","background-attachment":"scroll","background-type":"","background-media":"","overlay-type":"","overlay-color":"","overlay-opacity":"","overlay-gradient":""}},"ast-content-background-meta":{"desktop":{"background-color":"var(--ast-global-color-5)","background-image":"","background-repeat":"repeat","background-position":"center center","background-size":"auto","background-attachment":"scroll","background-type":"","background-media":"","overlay-type":"","overlay-color":"","overlay-opacity":"","overlay-gradient":""},"tablet":{"background-color":"var(--ast-global-color-5)","background-image":"","background-repeat":"repeat","background-position":"center center","background-size":"auto","background-attachment":"scroll","background-type":"","background-media":"","overlay-type":"","overlay-color":"","overlay-opacity":"","overlay-gradient":""},"mobile":{"background-color":"var(--ast-global-color-5)","background-image":"","background-repeat":"repeat","background-position":"center center","background-size":"auto","background-attachment":"scroll","background-type":"","background-media":"","overlay-type":"","overlay-color":"","overlay-opacity":"","overlay-gradient":""}}},"product_brand":[],"product_cat":[34225],"product_tag":[],"pa_brand_name":[25035],"class_list":{"0":"post-120968","1":"product","2":"type-product","3":"status-publish","4":"has-post-thumbnail","6":"product_cat-summer-tires-pv","7":"pa_brand_name-continental","8":"desktop-align-left","9":"tablet-align-left","10":"mobile-align-left","12":"first","13":"instock","14":"taxable","15":"shipping-taxable","16":"purchasable","17":"product-type-simple"},"_links":{"self":[{"href":"https:\/\/shop.rettum.ee\/en\/wp-json\/wp\/v2\/product\/120968","targetHints":{"allow":["GET"]}}],"collection":[{"href":"https:\/\/shop.rettum.ee\/en\/wp-json\/wp\/v2\/product"}],"about":[{"href":"https:\/\/shop.rettum.ee\/en\/wp-json\/wp\/v2\/types\/product"}],"version-history":[{"count":1,"href":"https:\/\/shop.rettum.ee\/en\/wp-json\/wp\/v2\/product\/120968\/revisions"}],"predecessor-version":[{"id":125627,"href":"https:\/\/shop.rettum.ee\/en\/wp-json\/wp\/v2\/product\/120968\/revisions\/125627"}],"wp:featuredmedia":[{"embeddable":true,"href":"https:\/\/shop.rettum.ee\/en\/wp-json\/wp\/v2\/media\/124217"}],"wp:attachment":[{"href":"https:\/\/shop.rettum.ee\/en\/wp-json\/wp\/v2\/media?parent=120968"}],"wp:term":[{"taxonomy":"product_brand","embeddable":true,"href":"https:\/\/shop.rettum.ee\/en\/wp-json\/wp\/v2\/product_brand?post=120968"},{"taxonomy":"product_cat","embeddable":true,"href":"https:\/\/shop.rettum.ee\/en\/wp-json\/wp\/v2\/product_cat?post=120968"},{"taxonomy":"product_tag","embeddable":true,"href":"https:\/\/shop.rettum.ee\/en\/wp-json\/wp\/v2\/product_tag?post=120968"},{"taxonomy":"pa_brand_name","embeddable":true,"href":"https:\/\/shop.rettum.ee\/en\/wp-json\/wp\/v2\/pa_brand_name?post=120968"}],"curies":[{"name":"wp","href":"https:\/\/api.w.org\/{rel}","templated":true}]}}